{"id":1450,"date":"2018-09-16T00:31:19","date_gmt":"2018-09-16T00:31:19","guid":{"rendered":"http:\/\/veda.polac.cz\/?page_id=1450"},"modified":"2018-10-27T19:01:28","modified_gmt":"2018-10-27T19:01:28","slug":"8-2-12","status":"publish","type":"page","link":"https:\/\/veda.polac.cz\/?page_id=1450","title":{"rendered":""},"content":{"rendered":"<p style=\"text-align: center;\">Resum\u00e9 \u010dl\u00e1nku<\/p>\n<p align=\"justify\"><b>Maskovat nebo nemaskovat?<br \/>\n<\/b><em>plk. doc. JUDr. Miroslav N\u011bmec, Ph.D., pplk. JUDr. Du\u0161an Fousek<\/em><b><br \/>\n<\/b><\/p>\n<p>Auto\u0159i se v \u010dl\u00e1nku zab\u00fdvaj\u00ed problematikou buj\u00edc\u00edho extremismu v \u010cesk\u00e9 republice a opat\u0159en\u00edm vl\u00e1dy \u010cesk\u00e9 republiky, kter\u00e1 vy\u00fastila v p\u0159ijet\u00ed vl\u00e1dn\u00edho usnesen\u00ed \u010d. 572 &#8222;Strategie boje proti extremismu&#8220;. Poukazuj\u00ed na n\u011bkter\u00e9 probl\u00e9my v souvislosti se z\u00e1kroky Policie \u010cesk\u00e9 republiky proti extremistick\u00fdm shrom\u00e1\u017ed\u011bn\u00edm, kde se jev\u00ed jako z\u00e1kladn\u00ed probl\u00e9m identifikace \u00fa\u010dastn\u00edk\u016f, jejich &#8222;maskov\u00e1n\u00ed&#8220;. D\u00e1le poukazuj\u00ed na nedo\u0159e\u0161enou terminologii a na snahy n\u011bkter\u00fdch organizac\u00ed identifikaci \u00fa\u010dastn\u00edk\u016f zabr\u00e1nit.<br \/>\n<strong>Kl\u00ed\u010dov\u00e1 slova:<\/strong>\u00a0Extremismus, identifikace, maskov\u00e1n\u00ed, pr\u00e1vn\u00ed \u0159\u00e1d, shrom\u00e1\u017ed\u011bn\u00ed osob, strategie boje s extremismem, z\u00e1kon.<\/p>\n<p><a href=\"https:\/\/veda.polac.cz\/?page_id=1428\">04\/2010<\/a><\/p>\n","protected":false},"excerpt":{"rendered":"<p>Resum\u00e9 \u010dl\u00e1nku Maskovat nebo nemaskovat? plk. doc. JUDr. Miroslav N\u011bmec, Ph.D., pplk. JUDr. Du\u0161an Fousek Auto\u0159i se v \u010dl\u00e1nku zab\u00fdvaj\u00ed problematikou buj\u00edc\u00edho extremismu v \u010cesk\u00e9 republice a opat\u0159en\u00edm vl\u00e1dy \u010cesk\u00e9 republiky, kter\u00e1 vy\u00fastila v p\u0159ijet\u00ed vl\u00e1dn\u00edho usnesen\u00ed \u010d. 572 &#8222;Strategie boje proti extremismu&#8220;. Poukazuj\u00ed na n\u011bkter\u00e9 probl\u00e9my v souvislosti se z\u00e1kroky Policie \u010cesk\u00e9 republiky proti [&hellip;]<\/p>\n","protected":false},"author":2,"featured_media":0,"parent":0,"menu_order":8,"comment_status":"closed","ping_status":"closed","template":"","meta":{"footnotes":""},"class_list":["post-1450","page","type-page","status-publish","hentry"],"_links":{"self":[{"href":"https:\/\/veda.polac.cz\/index.php?rest_route=\/wp\/v2\/pages\/1450","targetHints":{"allow":["GET"]}}],"collection":[{"href":"https:\/\/veda.polac.cz\/index.php?rest_route=\/wp\/v2\/pages"}],"about":[{"href":"https:\/\/veda.polac.cz\/index.php?rest_route=\/wp\/v2\/types\/page"}],"author":[{"embeddable":true,"href":"https:\/\/veda.polac.cz\/index.php?rest_route=\/wp\/v2\/users\/2"}],"replies":[{"embeddable":true,"href":"https:\/\/veda.polac.cz\/index.php?rest_route=%2Fwp%2Fv2%2Fcomments&post=1450"}],"version-history":[{"count":2,"href":"https:\/\/veda.polac.cz\/index.php?rest_route=\/wp\/v2\/pages\/1450\/revisions"}],"predecessor-version":[{"id":1469,"href":"https:\/\/veda.polac.cz\/index.php?rest_route=\/wp\/v2\/pages\/1450\/revisions\/1469"}],"wp:attachment":[{"href":"https:\/\/veda.polac.cz\/index.php?rest_route=%2Fwp%2Fv2%2Fmedia&parent=1450"}],"curies":[{"name":"wp","href":"https:\/\/api.w.org\/{rel}","templated":true}]}}