{"id":145,"date":"2018-09-07T15:22:54","date_gmt":"2018-09-07T15:22:54","guid":{"rendered":"http:\/\/veda.polac.cz\/?page_id=145"},"modified":"2018-11-02T17:07:15","modified_gmt":"2018-11-02T17:07:15","slug":"resume-7-02-18","status":"publish","type":"page","link":"https:\/\/veda.polac.cz\/?page_id=145","title":{"rendered":""},"content":{"rendered":"<p style=\"text-align: center;\">Resum\u00e9 \u010dl\u00e1nku<\/p>\n<p><strong>\u00daloha zdravotn\u00ed zp\u016fsobilosti v person\u00e1ln\u00ed stabilizaci bezpe\u010dnostn\u00edch sbor\u016f<\/strong><br \/>\n<em>kpt. PhDr. Bc. Zbyn\u011bk Flekal, Policejn\u00ed akademie \u010cesk\u00e9 republiky v Praze<\/em><br \/>\n<em>Fakulta bezpe\u010dnostn\u00edho managementu Policejn\u00ed Akademie \u010cR v Praze, katedra soukromopr\u00e1vn\u00edch discipl\u00edn<\/em><\/p>\n<p>V tomto p\u0159\u00edsp\u011bvku se autor zab\u00fdv\u00e1 teoretick\u00fdm vymezen\u00edm l\u00e9ka\u0159sk\u00fdch prohl\u00eddek a posudk\u016f vyd\u00e1van\u00fdch poskytovateli pracovn\u011b-l\u00e9ka\u0159sk\u00fdch slu\u017eeb, jejich\u017e z\u00e1v\u011bry mus\u00ed p\u0159\u00edslu\u0161n\u00edci bezpe\u010dnostn\u00edch sbor\u016f a bezpe\u010dnostn\u00ed sbory zastoupen\u00e9 slu\u017eebn\u00edmi funkcion\u00e1\u0159i akceptovat ve vztahu k vzniku, pr\u016fb\u011bhu a skon\u010den\u00ed individu\u00e1ln\u00edch slu\u017eebn\u00edch pom\u011br\u016f.<br \/>\n<strong>Kl\u00ed\u010dov\u00e1 slova:\u00a0<\/strong>katalog \u010dinnost\u00ed v bezpe\u010dnostn\u00edch sborech, l\u00e9ka\u0159sk\u00e9 posudky, slu\u017eebn\u00ed pom\u011br, zdravotn\u00ed zp\u016fsobilost pro v\u00fdkon slu\u017eby, zdravotn\u00ed klasifikace.<\/p>\n<p><a href=\"https:\/\/veda.polac.cz\/wp-content\/uploads\/2018\/11\/0218\u00daloha-zdravotn\u00ed-zp\u016fsobilosti-v-person\u00e1ln\u00ed-stabilizaci-bezpe\u010dnostn\u00edch-sbor\u016f.pdf\">Pdf form\u00e1t<\/a><\/p>\n<p><a href=\"https:\/\/veda.polac.cz\/?page_id=81\">02\/2018<\/a><\/p>\n","protected":false},"excerpt":{"rendered":"<p>Resum\u00e9 \u010dl\u00e1nku \u00daloha zdravotn\u00ed zp\u016fsobilosti v person\u00e1ln\u00ed stabilizaci bezpe\u010dnostn\u00edch sbor\u016f kpt. PhDr. Bc. Zbyn\u011bk Flekal, Policejn\u00ed akademie \u010cesk\u00e9 republiky v Praze Fakulta bezpe\u010dnostn\u00edho managementu Policejn\u00ed Akademie \u010cR v Praze, katedra soukromopr\u00e1vn\u00edch discipl\u00edn V tomto p\u0159\u00edsp\u011bvku se autor zab\u00fdv\u00e1 teoretick\u00fdm vymezen\u00edm l\u00e9ka\u0159sk\u00fdch prohl\u00eddek a posudk\u016f vyd\u00e1van\u00fdch poskytovateli pracovn\u011b-l\u00e9ka\u0159sk\u00fdch slu\u017eeb, jejich\u017e z\u00e1v\u011bry mus\u00ed p\u0159\u00edslu\u0161n\u00edci bezpe\u010dnostn\u00edch sbor\u016f a [&hellip;]<\/p>\n","protected":false},"author":2,"featured_media":0,"parent":81,"menu_order":7,"comment_status":"closed","ping_status":"closed","template":"","meta":{"footnotes":""},"class_list":["post-145","page","type-page","status-publish","hentry"],"_links":{"self":[{"href":"https:\/\/veda.polac.cz\/index.php?rest_route=\/wp\/v2\/pages\/145","targetHints":{"allow":["GET"]}}],"collection":[{"href":"https:\/\/veda.polac.cz\/index.php?rest_route=\/wp\/v2\/pages"}],"about":[{"href":"https:\/\/veda.polac.cz\/index.php?rest_route=\/wp\/v2\/types\/page"}],"author":[{"embeddable":true,"href":"https:\/\/veda.polac.cz\/index.php?rest_route=\/wp\/v2\/users\/2"}],"replies":[{"embeddable":true,"href":"https:\/\/veda.polac.cz\/index.php?rest_route=%2Fwp%2Fv2%2Fcomments&post=145"}],"version-history":[{"count":7,"href":"https:\/\/veda.polac.cz\/index.php?rest_route=\/wp\/v2\/pages\/145\/revisions"}],"predecessor-version":[{"id":2119,"href":"https:\/\/veda.polac.cz\/index.php?rest_route=\/wp\/v2\/pages\/145\/revisions\/2119"}],"up":[{"embeddable":true,"href":"https:\/\/veda.polac.cz\/index.php?rest_route=\/wp\/v2\/pages\/81"}],"wp:attachment":[{"href":"https:\/\/veda.polac.cz\/index.php?rest_route=%2Fwp%2Fv2%2Fmedia&parent=145"}],"curies":[{"name":"wp","href":"https:\/\/api.w.org\/{rel}","templated":true}]}}