{"id":1443,"date":"2018-09-16T00:28:30","date_gmt":"2018-09-16T00:28:30","guid":{"rendered":"http:\/\/veda.polac.cz\/?page_id=1443"},"modified":"2018-10-27T18:59:55","modified_gmt":"2018-10-27T18:59:55","slug":"6-2-9","status":"publish","type":"page","link":"https:\/\/veda.polac.cz\/?page_id=1443","title":{"rendered":""},"content":{"rendered":"<p style=\"text-align: center;\">Resum\u00e9 \u010dl\u00e1nku<\/p>\n<p align=\"justify\"><b>N\u011bkter\u00e9 mo\u017enosti od\u010derp\u00e1v\u00e1n\u00ed v\u00fdnos\u016f z trestn\u00e9 \u010dinnosti nen\u00e1le\u017e\u00ed-li pachateli<br \/>\n<\/b><em>Dr. Bc. J\u00e1n \u0160ug\u00e1r, CSc.<\/em><b><br \/>\n<\/b><\/p>\n<p>V p\u0159\u00edsp\u011bvku autor pouk\u00e1zal na n\u011bkter\u00e9 mo\u017enosti a probl\u00e9my spojen\u00e9 s od\u010derp\u00e1v\u00e1n\u00edm v\u00fdnos\u016f z trestn\u00e9 \u010dinnosti formou zabr\u00e1n\u00ed. Zabr\u00e1n\u00ed v\u00fdnos\u016f z trestn\u00e9 \u010dinnosti lze jak u pachatele, kter\u00e9ho nelze st\u00edhat nebo odsoudit a od jeho\u017e potrest\u00e1n\u00ed soud upustil, tak u t\u0159et\u00ed osoby (fyzick\u00e9 nebo pr\u00e1vnick\u00e9), kter\u00e1 se na trestn\u00e9m \u010dinu nepod\u00edlela, ale m\u00e1 z n\u011bj majetkov\u00fd prosp\u011bch. V z\u00e1v\u011bru \u010dl\u00e1nku uk\u00e1zal autor na mo\u017enost zabr\u00e1n\u00ed n\u00e1hradn\u00ed hodnoty v p\u0159\u00edpadech, kdy p\u016fvodn\u00ed v\u00fdnos\u016f u\u017e neexistuje.<br \/>\n<strong>Kl\u00ed\u010dov\u00e1 slova:<\/strong>\u00a0v\u00fdnos z trestn\u00e9 \u010dinnosti, zabr\u00e1n\u00ed v\u00fdnos\u016f, zabr\u00e1n\u00ed n\u00e1hradn\u00ed hodnoty.<\/p>\n<p><a href=\"https:\/\/veda.polac.cz\/?page_id=1428\">04\/2010<\/a><\/p>\n","protected":false},"excerpt":{"rendered":"<p>Resum\u00e9 \u010dl\u00e1nku N\u011bkter\u00e9 mo\u017enosti od\u010derp\u00e1v\u00e1n\u00ed v\u00fdnos\u016f z trestn\u00e9 \u010dinnosti nen\u00e1le\u017e\u00ed-li pachateli Dr. Bc. J\u00e1n \u0160ug\u00e1r, CSc. V p\u0159\u00edsp\u011bvku autor pouk\u00e1zal na n\u011bkter\u00e9 mo\u017enosti a probl\u00e9my spojen\u00e9 s od\u010derp\u00e1v\u00e1n\u00edm v\u00fdnos\u016f z trestn\u00e9 \u010dinnosti formou zabr\u00e1n\u00ed. Zabr\u00e1n\u00ed v\u00fdnos\u016f z trestn\u00e9 \u010dinnosti lze jak u pachatele, kter\u00e9ho nelze st\u00edhat nebo odsoudit a od jeho\u017e potrest\u00e1n\u00ed soud upustil, tak [&hellip;]<\/p>\n","protected":false},"author":2,"featured_media":0,"parent":0,"menu_order":6,"comment_status":"closed","ping_status":"closed","template":"","meta":{"footnotes":""},"class_list":["post-1443","page","type-page","status-publish","hentry"],"_links":{"self":[{"href":"https:\/\/veda.polac.cz\/index.php?rest_route=\/wp\/v2\/pages\/1443","targetHints":{"allow":["GET"]}}],"collection":[{"href":"https:\/\/veda.polac.cz\/index.php?rest_route=\/wp\/v2\/pages"}],"about":[{"href":"https:\/\/veda.polac.cz\/index.php?rest_route=\/wp\/v2\/types\/page"}],"author":[{"embeddable":true,"href":"https:\/\/veda.polac.cz\/index.php?rest_route=\/wp\/v2\/users\/2"}],"replies":[{"embeddable":true,"href":"https:\/\/veda.polac.cz\/index.php?rest_route=%2Fwp%2Fv2%2Fcomments&post=1443"}],"version-history":[{"count":2,"href":"https:\/\/veda.polac.cz\/index.php?rest_route=\/wp\/v2\/pages\/1443\/revisions"}],"predecessor-version":[{"id":1467,"href":"https:\/\/veda.polac.cz\/index.php?rest_route=\/wp\/v2\/pages\/1443\/revisions\/1467"}],"wp:attachment":[{"href":"https:\/\/veda.polac.cz\/index.php?rest_route=%2Fwp%2Fv2%2Fmedia&parent=1443"}],"curies":[{"name":"wp","href":"https:\/\/api.w.org\/{rel}","templated":true}]}}