{"id":1441,"date":"2018-09-16T00:26:40","date_gmt":"2018-09-16T00:26:40","guid":{"rendered":"http:\/\/veda.polac.cz\/?page_id=1441"},"modified":"2018-10-27T18:59:55","modified_gmt":"2018-10-27T18:59:55","slug":"5-2-9","status":"publish","type":"page","link":"https:\/\/veda.polac.cz\/?page_id=1441","title":{"rendered":""},"content":{"rendered":"<p style=\"text-align: center;\">Resum\u00e9 \u010dl\u00e1nku<\/p>\n<p style=\"text-align: left;\"><b>Anal\u00fdza z\u00e1konn\u00e9 skutkov\u00e9 podstaty trestn\u00e9ho \u010dinu<br \/>\n<\/b><em>JUDr. Milan \u0160ubrt, Ph.D.<\/em><b><br \/>\n<\/b><\/p>\n<p>\u010cl\u00e1nek se zab\u00fdv\u00e1 pojmem trestn\u00e9ho \u010dinu a jeho znaky jako z\u00e1kladn\u00edm p\u0159edpokladem ke spr\u00e1vn\u00e9mu postupu v pr\u00e1vn\u00ed kvalifikaci skutku a n\u00e1sledn\u00e9 anal\u00fdze z\u00e1konn\u00e9 skutkov\u00e9 podstaty.<br \/>\n<strong>Kl\u00ed\u010dov\u00e1 slova:<\/strong>\u00a0Trestn\u00fd \u010din, skutkov\u00e1 podstata, anal\u00fdza z\u00e1konn\u00e9 skutkov\u00e9 podstaty, skutek, pr\u00e1vn\u00ed kvalifikace skutku.<\/p>\n<p><a href=\"https:\/\/veda.polac.cz\/?page_id=1428\">04\/2010<\/a><\/p>\n","protected":false},"excerpt":{"rendered":"<p>Resum\u00e9 \u010dl\u00e1nku Anal\u00fdza z\u00e1konn\u00e9 skutkov\u00e9 podstaty trestn\u00e9ho \u010dinu JUDr. Milan \u0160ubrt, Ph.D. \u010cl\u00e1nek se zab\u00fdv\u00e1 pojmem trestn\u00e9ho \u010dinu a jeho znaky jako z\u00e1kladn\u00edm p\u0159edpokladem ke spr\u00e1vn\u00e9mu postupu v pr\u00e1vn\u00ed kvalifikaci skutku a n\u00e1sledn\u00e9 anal\u00fdze z\u00e1konn\u00e9 skutkov\u00e9 podstaty. Kl\u00ed\u010dov\u00e1 slova:\u00a0Trestn\u00fd \u010din, skutkov\u00e1 podstata, anal\u00fdza z\u00e1konn\u00e9 skutkov\u00e9 podstaty, skutek, pr\u00e1vn\u00ed kvalifikace skutku. 04\/2010<\/p>\n","protected":false},"author":2,"featured_media":0,"parent":0,"menu_order":5,"comment_status":"closed","ping_status":"closed","template":"","meta":{"footnotes":""},"class_list":["post-1441","page","type-page","status-publish","hentry"],"_links":{"self":[{"href":"https:\/\/veda.polac.cz\/index.php?rest_route=\/wp\/v2\/pages\/1441","targetHints":{"allow":["GET"]}}],"collection":[{"href":"https:\/\/veda.polac.cz\/index.php?rest_route=\/wp\/v2\/pages"}],"about":[{"href":"https:\/\/veda.polac.cz\/index.php?rest_route=\/wp\/v2\/types\/page"}],"author":[{"embeddable":true,"href":"https:\/\/veda.polac.cz\/index.php?rest_route=\/wp\/v2\/users\/2"}],"replies":[{"embeddable":true,"href":"https:\/\/veda.polac.cz\/index.php?rest_route=%2Fwp%2Fv2%2Fcomments&post=1441"}],"version-history":[{"count":2,"href":"https:\/\/veda.polac.cz\/index.php?rest_route=\/wp\/v2\/pages\/1441\/revisions"}],"predecessor-version":[{"id":1466,"href":"https:\/\/veda.polac.cz\/index.php?rest_route=\/wp\/v2\/pages\/1441\/revisions\/1466"}],"wp:attachment":[{"href":"https:\/\/veda.polac.cz\/index.php?rest_route=%2Fwp%2Fv2%2Fmedia&parent=1441"}],"curies":[{"name":"wp","href":"https:\/\/api.w.org\/{rel}","templated":true}]}}