{"id":1434,"date":"2018-09-16T00:22:19","date_gmt":"2018-09-16T00:22:19","guid":{"rendered":"http:\/\/veda.polac.cz\/?page_id=1434"},"modified":"2018-10-27T18:59:55","modified_gmt":"2018-10-27T18:59:55","slug":"3-2-10","status":"publish","type":"page","link":"https:\/\/veda.polac.cz\/?page_id=1434","title":{"rendered":""},"content":{"rendered":"<p style=\"text-align: center;\">Resum\u00e9 \u010dl\u00e1nku<\/p>\n<p align=\"justify\"><b>Podnikatelsk\u00e1 strategie organizac\u00ed v podm\u00ednk\u00e1ch neur\u010ditosti na prahu druh\u00e9 dek\u00e1dy 21. stolet\u00ed<br \/>\n<\/b><em>prof. ing. Zbyn\u011bk Pitra, DrSc., doc. PhDr. Stanislav Ne\u010das, CSc.<\/em><b><br \/>\n<\/b><\/p>\n<p>Auto\u0159i \u010dl\u00e1nku se zab\u00fdvaj\u00ed problematikou podnikatelsk\u00e9 strategie organizace. Glob\u00e1ln\u00ed krize konce prvn\u00ed dek\u00e1dy 21. stolet\u00ed jasn\u011b uk\u00e1zala, \u017ee modern\u00ed organizace mus\u00ed radik\u00e1ln\u011b zm\u011bnit sv\u00e9 st\u00e1vaj\u00edc\u00ed podnikatelsk\u00e9 chov\u00e1n\u00ed, cht\u011bj\u00ed-li podnikatelsky prosperovat. Proces tvorby podnikatelsk\u00e9 strategie organizace a n\u00e1sledn\u00e9ho jej\u00edho pln\u011bn\u00ed proch\u00e1z\u00ed t\u0159emi f\u00e1zemi: formulace strategie, implementace do vnit\u0159n\u00edho prost\u0159ed\u00ed organizace a jej\u00ed d\u016fsledn\u00e9 upla\u0148ov\u00e1n\u00ed v ka\u017edodenn\u00edch \u010dinnostech organizace. Auto\u0159i se v souvislosti s problematikou strategie podniku zab\u00fdvaj\u00ed, jej\u00ed nezbytnou sou\u010d\u00e1st\u00ed &#8211; ochranou organizace proti bezpe\u010dnostn\u00edm rizik\u016fm.<br \/>\n<strong>Kl\u00ed\u010dov\u00e1 slova:<\/strong>\u00a0podnikatelsk\u00e1 strategie, bezpe\u010dnostn\u00ed rizika, ochrana.<i><br \/>\n<\/i><\/p>\n<p><a href=\"https:\/\/veda.polac.cz\/?page_id=1428\">04\/2010<\/a><\/p>\n","protected":false},"excerpt":{"rendered":"<p>Resum\u00e9 \u010dl\u00e1nku Podnikatelsk\u00e1 strategie organizac\u00ed v podm\u00ednk\u00e1ch neur\u010ditosti na prahu druh\u00e9 dek\u00e1dy 21. stolet\u00ed prof. ing. Zbyn\u011bk Pitra, DrSc., doc. PhDr. Stanislav Ne\u010das, CSc. Auto\u0159i \u010dl\u00e1nku se zab\u00fdvaj\u00ed problematikou podnikatelsk\u00e9 strategie organizace. Glob\u00e1ln\u00ed krize konce prvn\u00ed dek\u00e1dy 21. stolet\u00ed jasn\u011b uk\u00e1zala, \u017ee modern\u00ed organizace mus\u00ed radik\u00e1ln\u011b zm\u011bnit sv\u00e9 st\u00e1vaj\u00edc\u00ed podnikatelsk\u00e9 chov\u00e1n\u00ed, cht\u011bj\u00ed-li podnikatelsky prosperovat. Proces [&hellip;]<\/p>\n","protected":false},"author":2,"featured_media":0,"parent":0,"menu_order":3,"comment_status":"closed","ping_status":"closed","template":"","meta":{"footnotes":""},"class_list":["post-1434","page","type-page","status-publish","hentry"],"_links":{"self":[{"href":"https:\/\/veda.polac.cz\/index.php?rest_route=\/wp\/v2\/pages\/1434","targetHints":{"allow":["GET"]}}],"collection":[{"href":"https:\/\/veda.polac.cz\/index.php?rest_route=\/wp\/v2\/pages"}],"about":[{"href":"https:\/\/veda.polac.cz\/index.php?rest_route=\/wp\/v2\/types\/page"}],"author":[{"embeddable":true,"href":"https:\/\/veda.polac.cz\/index.php?rest_route=\/wp\/v2\/users\/2"}],"replies":[{"embeddable":true,"href":"https:\/\/veda.polac.cz\/index.php?rest_route=%2Fwp%2Fv2%2Fcomments&post=1434"}],"version-history":[{"count":2,"href":"https:\/\/veda.polac.cz\/index.php?rest_route=\/wp\/v2\/pages\/1434\/revisions"}],"predecessor-version":[{"id":1464,"href":"https:\/\/veda.polac.cz\/index.php?rest_route=\/wp\/v2\/pages\/1434\/revisions\/1464"}],"wp:attachment":[{"href":"https:\/\/veda.polac.cz\/index.php?rest_route=%2Fwp%2Fv2%2Fmedia&parent=1434"}],"curies":[{"name":"wp","href":"https:\/\/api.w.org\/{rel}","templated":true}]}}