{"id":1432,"date":"2018-09-16T00:20:41","date_gmt":"2018-09-16T00:20:41","guid":{"rendered":"http:\/\/veda.polac.cz\/?page_id=1432"},"modified":"2018-11-02T22:22:32","modified_gmt":"2018-11-02T22:22:32","slug":"2-2-11","status":"publish","type":"page","link":"https:\/\/veda.polac.cz\/?page_id=1432","title":{"rendered":""},"content":{"rendered":"<p style=\"text-align: center;\">Resum\u00e9 \u010dl\u00e1nku<\/p>\n<p align=\"justify\"><b>Slu\u017eebn\u00ed pom\u011br p\u0159\u00edslu\u0161n\u00edk\u016f bezpe\u010dnostn\u00edch sbor\u016f z pohledu judikatury<br \/>\n<\/b><em>JUDr. Jind\u0159ich \u0160koda<\/em><\/p>\n<p align=\"justify\">C\u00edlem p\u0159\u00edsp\u011bvku je pouk\u00e1zat na n\u011bkter\u00e9 zaj\u00edmav\u00e9 my\u0161lenky obsa\u017een\u00e9 v nov\u00e9 \u00faprav\u011b slu\u017eebn\u00edho pom\u011bru, proveden\u00e9 z\u00e1konem \u010d. 361\/2003 Sb., o slu\u017eebn\u00edm pom\u011bru p\u0159\u00edslu\u0161n\u00edk\u016f bezpe\u010dnostn\u00edch sbor\u016f, ve zn\u011bn\u00ed pozd\u011bj\u0161\u00edch p\u0159edpis\u016f, kter\u00e1 nav\u00e1zala na p\u0159ede\u0161lou \u00fapravu slu\u017eebn\u011b pr\u00e1vn\u00edch vztah\u016f. Sou\u010dasn\u011b v\u0161ak v r\u00e1mci p\u0159\u00edsp\u011bvku autor odkazuje i na vybranou judikaturu zam\u011b\u0159enou na p\u0159ede\u0161lou \u00fapravu slu\u017eebn\u00edho pom\u011bru, pokud n\u00e1zory v n\u00ed obsa\u017een\u00e9 lze pova\u017eovat st\u00e1le za aktu\u00e1ln\u00ed.<br \/>\n<b><\/b><strong>Kl\u00ed\u010dov\u00e1 slova:<\/strong>\u00a0slu\u017eebn\u00ed pom\u011br, legislativa, z\u00e1kon o slu\u017eebn\u00edm pom\u011bru.<i><br \/>\n<\/i><\/p>\n<p align=\"justify\"><a href=\"https:\/\/veda.polac.cz\/?page_id=1428\">04\/2010<\/a><\/p>\n","protected":false},"excerpt":{"rendered":"<p>Resum\u00e9 \u010dl\u00e1nku Slu\u017eebn\u00ed pom\u011br p\u0159\u00edslu\u0161n\u00edk\u016f bezpe\u010dnostn\u00edch sbor\u016f z pohledu judikatury JUDr. Jind\u0159ich \u0160koda C\u00edlem p\u0159\u00edsp\u011bvku je pouk\u00e1zat na n\u011bkter\u00e9 zaj\u00edmav\u00e9 my\u0161lenky obsa\u017een\u00e9 v nov\u00e9 \u00faprav\u011b slu\u017eebn\u00edho pom\u011bru, proveden\u00e9 z\u00e1konem \u010d. 361\/2003 Sb., o slu\u017eebn\u00edm pom\u011bru p\u0159\u00edslu\u0161n\u00edk\u016f bezpe\u010dnostn\u00edch sbor\u016f, ve zn\u011bn\u00ed pozd\u011bj\u0161\u00edch p\u0159edpis\u016f, kter\u00e1 nav\u00e1zala na p\u0159ede\u0161lou \u00fapravu slu\u017eebn\u011b pr\u00e1vn\u00edch vztah\u016f. Sou\u010dasn\u011b v\u0161ak v r\u00e1mci p\u0159\u00edsp\u011bvku [&hellip;]<\/p>\n","protected":false},"author":2,"featured_media":0,"parent":1428,"menu_order":2,"comment_status":"closed","ping_status":"closed","template":"","meta":{"footnotes":""},"class_list":["post-1432","page","type-page","status-publish","hentry"],"_links":{"self":[{"href":"https:\/\/veda.polac.cz\/index.php?rest_route=\/wp\/v2\/pages\/1432","targetHints":{"allow":["GET"]}}],"collection":[{"href":"https:\/\/veda.polac.cz\/index.php?rest_route=\/wp\/v2\/pages"}],"about":[{"href":"https:\/\/veda.polac.cz\/index.php?rest_route=\/wp\/v2\/types\/page"}],"author":[{"embeddable":true,"href":"https:\/\/veda.polac.cz\/index.php?rest_route=\/wp\/v2\/users\/2"}],"replies":[{"embeddable":true,"href":"https:\/\/veda.polac.cz\/index.php?rest_route=%2Fwp%2Fv2%2Fcomments&post=1432"}],"version-history":[{"count":2,"href":"https:\/\/veda.polac.cz\/index.php?rest_route=\/wp\/v2\/pages\/1432\/revisions"}],"predecessor-version":[{"id":1463,"href":"https:\/\/veda.polac.cz\/index.php?rest_route=\/wp\/v2\/pages\/1432\/revisions\/1463"}],"up":[{"embeddable":true,"href":"https:\/\/veda.polac.cz\/index.php?rest_route=\/wp\/v2\/pages\/1428"}],"wp:attachment":[{"href":"https:\/\/veda.polac.cz\/index.php?rest_route=%2Fwp%2Fv2%2Fmedia&parent=1432"}],"curies":[{"name":"wp","href":"https:\/\/api.w.org\/{rel}","templated":true}]}}