{"id":143,"date":"2018-09-07T15:21:43","date_gmt":"2018-09-07T15:21:43","guid":{"rendered":"http:\/\/veda.polac.cz\/?page_id=143"},"modified":"2018-11-02T17:06:52","modified_gmt":"2018-11-02T17:06:52","slug":"resume-6-02-18","status":"publish","type":"page","link":"https:\/\/veda.polac.cz\/?page_id=143","title":{"rendered":""},"content":{"rendered":"<p style=\"text-align: center;\">Resum\u00e9 \u010dl\u00e1nku<\/p>\n<p><strong>Odvolac\u00ed \u0159\u00edzen\u00ed v re\u017eimu z\u00e1kona \u010d. 361\/2003 Sb.<\/strong><br \/>\n<em>JUDr. PhDr. Zden\u011bk Fiala, Ph.D., Policejn\u00ed akademie \u010cesk\u00e9 republiky v Praze<\/em><br \/>\n<em>Fakulta bezpe\u010dnostn\u00edho managementu, katedra ve\u0159ejn\u00e9 spr\u00e1vy<\/em><\/p>\n<p>P\u0159\u00edsp\u011bvek obsahuje podrobnou anal\u00fdzu odvol\u00e1n\u00ed a odvolac\u00edho \u0159\u00edzen\u00ed v re\u017eimu z\u00e1kona o slu\u017eebn\u00edm pom\u011bru p\u0159\u00edslu\u0161n\u00edk\u016f bezpe\u010dnostn\u00edch sbor\u016f. Zam\u011b\u0159uje se zvl\u00e1\u0161t\u011b na p\u0159ezkum rozhodnut\u00ed o k\u00e1ze\u0148sk\u00fdch p\u0159estupc\u00edch. C\u00edlem autora je pouk\u00e1zat na nej\u010dast\u011bj\u0161\u00ed aplika\u010dn\u00ed ot\u00e1zky, kter\u00e9 v praxi v souvislosti s t\u00edmto pr\u00e1vn\u00edm institutem vyvst\u00e1vaj\u00ed a nab\u00eddnout jejich \u0159e\u0161en\u00ed. Zvl\u00e1\u0161tn\u00ed pozornost je v\u011bnov\u00e1na zejm\u00e9na problematice z\u00e1kazu reformace in peius. P\u0159\u00edsp\u011bvek je zpracov\u00e1n s akcentem na z\u00e1sadu subsidiarity spr\u00e1vn\u00edho \u0159\u00e1du a vych\u00e1z\u00ed z cel\u00e9 \u0159ady soudn\u00edch rozhodnut\u00ed.<br \/>\n<strong>Kl\u00ed\u010dov\u00e1 slova:<\/strong>\u00a0odvol\u00e1n\u00ed, odvolac\u00ed \u0159\u00edzen\u00ed, k\u00e1ze\u0148sk\u00e9 \u0159\u00edzen\u00ed, z\u00e1kon o slu\u017eebn\u00edm pom\u011bru p\u0159\u00edslu\u0161n\u00edk\u016f bezpe\u010dnostn\u00edch sbor\u016f, spr\u00e1vn\u00ed \u0159\u00e1d.<\/p>\n<p><a href=\"https:\/\/veda.polac.cz\/wp-content\/uploads\/2018\/11\/0218Odvolac\u00ed-\u0159\u00edzen\u00ed-v-re\u017eimu-z\u00e1kona-\u010d.-3612003-Sb..pdf\">Pdf form\u00e1t<\/a><\/p>\n<p><a href=\"https:\/\/veda.polac.cz\/?page_id=81\">02\/2018<\/a><\/p>\n","protected":false},"excerpt":{"rendered":"<p>Resum\u00e9 \u010dl\u00e1nku Odvolac\u00ed \u0159\u00edzen\u00ed v re\u017eimu z\u00e1kona \u010d. 361\/2003 Sb. JUDr. PhDr. Zden\u011bk Fiala, Ph.D., Policejn\u00ed akademie \u010cesk\u00e9 republiky v Praze Fakulta bezpe\u010dnostn\u00edho managementu, katedra ve\u0159ejn\u00e9 spr\u00e1vy P\u0159\u00edsp\u011bvek obsahuje podrobnou anal\u00fdzu odvol\u00e1n\u00ed a odvolac\u00edho \u0159\u00edzen\u00ed v re\u017eimu z\u00e1kona o slu\u017eebn\u00edm pom\u011bru p\u0159\u00edslu\u0161n\u00edk\u016f bezpe\u010dnostn\u00edch sbor\u016f. Zam\u011b\u0159uje se zvl\u00e1\u0161t\u011b na p\u0159ezkum rozhodnut\u00ed o k\u00e1ze\u0148sk\u00fdch p\u0159estupc\u00edch. C\u00edlem autora [&hellip;]<\/p>\n","protected":false},"author":2,"featured_media":0,"parent":81,"menu_order":6,"comment_status":"closed","ping_status":"closed","template":"","meta":{"footnotes":""},"class_list":["post-143","page","type-page","status-publish","hentry"],"_links":{"self":[{"href":"https:\/\/veda.polac.cz\/index.php?rest_route=\/wp\/v2\/pages\/143","targetHints":{"allow":["GET"]}}],"collection":[{"href":"https:\/\/veda.polac.cz\/index.php?rest_route=\/wp\/v2\/pages"}],"about":[{"href":"https:\/\/veda.polac.cz\/index.php?rest_route=\/wp\/v2\/types\/page"}],"author":[{"embeddable":true,"href":"https:\/\/veda.polac.cz\/index.php?rest_route=\/wp\/v2\/users\/2"}],"replies":[{"embeddable":true,"href":"https:\/\/veda.polac.cz\/index.php?rest_route=%2Fwp%2Fv2%2Fcomments&post=143"}],"version-history":[{"count":7,"href":"https:\/\/veda.polac.cz\/index.php?rest_route=\/wp\/v2\/pages\/143\/revisions"}],"predecessor-version":[{"id":2118,"href":"https:\/\/veda.polac.cz\/index.php?rest_route=\/wp\/v2\/pages\/143\/revisions\/2118"}],"up":[{"embeddable":true,"href":"https:\/\/veda.polac.cz\/index.php?rest_route=\/wp\/v2\/pages\/81"}],"wp:attachment":[{"href":"https:\/\/veda.polac.cz\/index.php?rest_route=%2Fwp%2Fv2%2Fmedia&parent=143"}],"curies":[{"name":"wp","href":"https:\/\/api.w.org\/{rel}","templated":true}]}}