{"id":141,"date":"2018-09-07T15:20:15","date_gmt":"2018-09-07T15:20:15","guid":{"rendered":"http:\/\/veda.polac.cz\/?page_id=141"},"modified":"2018-11-02T17:06:16","modified_gmt":"2018-11-02T17:06:16","slug":"resume-5-02-18","status":"publish","type":"page","link":"https:\/\/veda.polac.cz\/?page_id=141","title":{"rendered":""},"content":{"rendered":"<p style=\"text-align: center;\">Resum\u00e9 \u010dl\u00e1nku<\/p>\n<p style=\"text-align: left;\"><strong>Nelet\u00e1ln\u00ed zbran\u011b a jejich vyu\u017e\u00edv\u00e1n\u00ed v arm\u00e1d\u011b \u010cesk\u00e9 republiky<\/strong><br \/>\n<em>Ing. Roman Kop\u0159iva, pplk. Ing. Janka Kosecov\u00e1, Ph.D.<\/em><br \/>\n<em>Centrum bezpe\u010dnostn\u00edch a vojenskostrategick\u00fdch studi\u00ed Univerzity obrany v Brn\u011b<\/em><\/p>\n<p style=\"text-align: left;\">Centrum bezpe\u010dnostn\u00edch a vojenskostrategick\u00fdch studi\u00ed Univerzity obrany v Brn\u011b<br \/>\nV p\u0159\u00edsp\u011bvku je p\u0159edstaven sou\u010dasn\u00fd stav pou\u017eit\u00ed nelet\u00e1ln\u00edch zbran\u00ed v Arm\u00e1d\u011b \u010cesk\u00e9 republiky a aspekty mo\u017en\u00e9ho pou\u017eit\u00ed t\u011bchto zbran\u00ed v masov\u00e9m m\u011b\u0159\u00edtku. V \u010dl\u00e1nku jsou uvedeny zainteresovan\u00e9 strany, kter\u00e9 maj\u00ed z\u00e1jem na rozvoji nelet\u00e1ln\u00edch zbran\u00ed a podporuj\u00ed jejich v\u00fdvoj. S aplikac\u00ed stromu probl\u00e9m\u016f je identifikovan\u00fd kl\u00ed\u010dov\u00fd probl\u00e9m, kter\u00fd p\u0159\u00edmo poukazuje na sou\u010dasnou nep\u0159ipravenost rezortu Ministerstva obrany tyto zbran\u011b pou\u017e\u00edvat. V n\u00e1vaznosti na tuto skute\u010dnost jsou v \u010dl\u00e1nku objasn\u011bny d\u016fvody, pro\u010d nelet\u00e1ln\u00ed zbran\u011b je doporu\u010duj\u00edc\u00ed zav\u00e9st do v\u00fdzbroje Arm\u00e1dy \u010cesk\u00e9 republiky. V z\u00e1v\u011bru \u010dl\u00e1nku jsou p\u0159edstavena doporu\u010den\u00ed pro mo\u017en\u00e9 vyu\u017e\u00edv\u00e1n\u00ed nelet\u00e1ln\u00edch zbran\u00ed.<br \/>\n<strong>Kl\u00ed\u010dov\u00e1 slova:<\/strong>\u00a0neletalita, nelet\u00e1ln\u00ed zbra\u0148, letalita, zainteresovan\u00e1 strana, komparativn\u00ed anal\u00fdza.<\/p>\n<p><a href=\"https:\/\/veda.polac.cz\/wp-content\/uploads\/2018\/11\/0218Nelet\u00e1ln\u00ed-zbran\u011b-a-jejich-vyu\u017e\u00edv\u00e1n\u00ed-v-arm\u00e1d\u011b-\u010cesk\u00e9-republiky.pdf\">Pdf form\u00e1t<\/a><\/p>\n<p><a href=\"https:\/\/veda.polac.cz\/?page_id=81\">02\/2018<\/a><\/p>\n","protected":false},"excerpt":{"rendered":"<p>Resum\u00e9 \u010dl\u00e1nku Nelet\u00e1ln\u00ed zbran\u011b a jejich vyu\u017e\u00edv\u00e1n\u00ed v arm\u00e1d\u011b \u010cesk\u00e9 republiky Ing. Roman Kop\u0159iva, pplk. Ing. Janka Kosecov\u00e1, Ph.D. Centrum bezpe\u010dnostn\u00edch a vojenskostrategick\u00fdch studi\u00ed Univerzity obrany v Brn\u011b Centrum bezpe\u010dnostn\u00edch a vojenskostrategick\u00fdch studi\u00ed Univerzity obrany v Brn\u011b V p\u0159\u00edsp\u011bvku je p\u0159edstaven sou\u010dasn\u00fd stav pou\u017eit\u00ed nelet\u00e1ln\u00edch zbran\u00ed v Arm\u00e1d\u011b \u010cesk\u00e9 republiky a aspekty mo\u017en\u00e9ho pou\u017eit\u00ed t\u011bchto [&hellip;]<\/p>\n","protected":false},"author":2,"featured_media":0,"parent":81,"menu_order":5,"comment_status":"closed","ping_status":"closed","template":"","meta":{"footnotes":""},"class_list":["post-141","page","type-page","status-publish","hentry"],"_links":{"self":[{"href":"https:\/\/veda.polac.cz\/index.php?rest_route=\/wp\/v2\/pages\/141","targetHints":{"allow":["GET"]}}],"collection":[{"href":"https:\/\/veda.polac.cz\/index.php?rest_route=\/wp\/v2\/pages"}],"about":[{"href":"https:\/\/veda.polac.cz\/index.php?rest_route=\/wp\/v2\/types\/page"}],"author":[{"embeddable":true,"href":"https:\/\/veda.polac.cz\/index.php?rest_route=\/wp\/v2\/users\/2"}],"replies":[{"embeddable":true,"href":"https:\/\/veda.polac.cz\/index.php?rest_route=%2Fwp%2Fv2%2Fcomments&post=141"}],"version-history":[{"count":6,"href":"https:\/\/veda.polac.cz\/index.php?rest_route=\/wp\/v2\/pages\/141\/revisions"}],"predecessor-version":[{"id":2117,"href":"https:\/\/veda.polac.cz\/index.php?rest_route=\/wp\/v2\/pages\/141\/revisions\/2117"}],"up":[{"embeddable":true,"href":"https:\/\/veda.polac.cz\/index.php?rest_route=\/wp\/v2\/pages\/81"}],"wp:attachment":[{"href":"https:\/\/veda.polac.cz\/index.php?rest_route=%2Fwp%2Fv2%2Fmedia&parent=141"}],"curies":[{"name":"wp","href":"https:\/\/api.w.org\/{rel}","templated":true}]}}