{"id":1398,"date":"2018-09-15T23:34:39","date_gmt":"2018-09-15T23:34:39","guid":{"rendered":"http:\/\/veda.polac.cz\/?page_id=1398"},"modified":"2018-11-02T22:41:46","modified_gmt":"2018-11-02T22:41:46","slug":"11-2-4","status":"publish","type":"page","link":"https:\/\/veda.polac.cz\/?page_id=1398","title":{"rendered":""},"content":{"rendered":"<p style=\"text-align: center;\">Resum\u00e9 \u010dl\u00e1nku<\/p>\n<p align=\"justify\"><strong>Vybran\u00e9 aspekty eduk\u00e1cie policajn\u00fdch mana\u017e\u00e9rov v kontexte aktu\u00e1lnych potrieb modernej spole\u010dnosti<\/strong><br \/>\n<em>Ing. \u013dubica Bari\u010di\u010dov\u00e1, Ph.D.<\/em><\/p>\n<p>Modern\u00e1 spolo\u010dnos\u0165, v ktorej \u017eijeme, sa ozna\u010duje pr\u00edvlastkom znalostn\u00e1\/ vedomostn\u00e1. Z tohto poh\u013eadu sa pr\u00edspevok sna\u017e\u00ed pouk\u00e1za\u0165 na z\u00e1kladn\u00e9 pr\u00edstupy k modern\u00e9mu vzdel\u00e1vaniu mana\u017e\u00e9rov p\u00f4sobiacich v oblasti bezpe\u010dnosti &#8211; na Akad\u00e9mii Policajn\u00e9ho zboru v Bratislave. Autorka precizuje tie mana\u017e\u00e9rske kompetencie, ktor\u00e9 sa pova\u017euj\u00fa za k\u013e\u00fa\u010dov\u00e9 nielen pre policajn\u00fdch mana\u017e\u00e9rov z poh\u013eadu dne\u0161nej spolo\u010dnosti. Z\u00e1rove\u0148 hodnot\u00ed v\u00fdstupy prieskumnej sondy realizovanej medzi mana\u017e\u00e9rmi z\u00e1kladnej \u00farovne riadenia policajnej organiz\u00e1cie.<br \/>\n<strong>K\u013e\u00fa\u010dov\u00e9 slov\u00e1:<\/strong>\u00a0u\u010diaca sa organiz\u00e1cia, celo\u017eivotn\u00e9 vzdel\u00e1vanie, policajn\u00fd mana\u017e\u00e9r, mana\u017e\u00e9rske kompetencie, test mana\u017e\u00e9rskych kompetenci\u00ed.<\/p>\n<p><a href=\"https:\/\/veda.polac.cz\/?page_id=1362\">01\/2011<\/a><\/p>\n","protected":false},"excerpt":{"rendered":"<p>Resum\u00e9 \u010dl\u00e1nku Vybran\u00e9 aspekty eduk\u00e1cie policajn\u00fdch mana\u017e\u00e9rov v kontexte aktu\u00e1lnych potrieb modernej spole\u010dnosti Ing. \u013dubica Bari\u010di\u010dov\u00e1, Ph.D. Modern\u00e1 spolo\u010dnos\u0165, v ktorej \u017eijeme, sa ozna\u010duje pr\u00edvlastkom znalostn\u00e1\/ vedomostn\u00e1. Z tohto poh\u013eadu sa pr\u00edspevok sna\u017e\u00ed pouk\u00e1za\u0165 na z\u00e1kladn\u00e9 pr\u00edstupy k modern\u00e9mu vzdel\u00e1vaniu mana\u017e\u00e9rov p\u00f4sobiacich v oblasti bezpe\u010dnosti &#8211; na Akad\u00e9mii Policajn\u00e9ho zboru v Bratislave. Autorka precizuje tie [&hellip;]<\/p>\n","protected":false},"author":2,"featured_media":0,"parent":1362,"menu_order":11,"comment_status":"closed","ping_status":"closed","template":"","meta":{"footnotes":""},"class_list":["post-1398","page","type-page","status-publish","hentry"],"_links":{"self":[{"href":"https:\/\/veda.polac.cz\/index.php?rest_route=\/wp\/v2\/pages\/1398","targetHints":{"allow":["GET"]}}],"collection":[{"href":"https:\/\/veda.polac.cz\/index.php?rest_route=\/wp\/v2\/pages"}],"about":[{"href":"https:\/\/veda.polac.cz\/index.php?rest_route=\/wp\/v2\/types\/page"}],"author":[{"embeddable":true,"href":"https:\/\/veda.polac.cz\/index.php?rest_route=\/wp\/v2\/users\/2"}],"replies":[{"embeddable":true,"href":"https:\/\/veda.polac.cz\/index.php?rest_route=%2Fwp%2Fv2%2Fcomments&post=1398"}],"version-history":[{"count":2,"href":"https:\/\/veda.polac.cz\/index.php?rest_route=\/wp\/v2\/pages\/1398\/revisions"}],"predecessor-version":[{"id":1424,"href":"https:\/\/veda.polac.cz\/index.php?rest_route=\/wp\/v2\/pages\/1398\/revisions\/1424"}],"up":[{"embeddable":true,"href":"https:\/\/veda.polac.cz\/index.php?rest_route=\/wp\/v2\/pages\/1362"}],"wp:attachment":[{"href":"https:\/\/veda.polac.cz\/index.php?rest_route=%2Fwp%2Fv2%2Fmedia&parent=1398"}],"curies":[{"name":"wp","href":"https:\/\/api.w.org\/{rel}","templated":true}]}}