{"id":1396,"date":"2018-09-15T23:33:21","date_gmt":"2018-09-15T23:33:21","guid":{"rendered":"http:\/\/veda.polac.cz\/?page_id=1396"},"modified":"2018-10-27T18:59:55","modified_gmt":"2018-10-27T18:59:55","slug":"10-2-4","status":"publish","type":"page","link":"https:\/\/veda.polac.cz\/?page_id=1396","title":{"rendered":""},"content":{"rendered":"<p style=\"text-align: center;\">Resum\u00e9 \u010dl\u00e1nku<\/p>\n<p align=\"justify\"><strong>Dobrovoln\u00e9 sdru\u017eov\u00e1n\u00ed osob za \u00fa\u010delem ochrany<\/strong><br \/>\n<em>Michal Ku\u010dera<\/em><\/p>\n<p>\u010cl\u00e1nek se zab\u00fdv\u00e1 problematikou dobrovoln\u00fdch ob\u010dansk\u00fdch skupin, kter\u00e9 jsou organizov\u00e1ny za \u00fa\u010delem zaji\u0161t\u011bn\u00ed vlastn\u00ed bezpe\u010dnosti. Byl zpracov\u00e1n v r\u00e1mci grantov\u00e9ho projektu GA\u010cR GA407\/09\/0100 &#8222;Soudob\u00fd paramilitarismus v \u010cesk\u00e9 republice v kontextu transnacion\u00e1ln\u00edch v\u00fdvojov\u00fdch trend\u016f politick\u00e9ho n\u00e1sil\u00ed v Evrop\u011b&#8220;. Text je zam\u011b\u0159en na v\u00fdstavbu modelov\u00fdch typ\u016f dobrovoln\u00fdch ob\u010dansk\u00fdch skupin. T\u011bmito modely jsou jednak vigilantismus, sebeobrann\u00e9 skupiny, sousedsk\u00e9 hl\u00eddky. Tyto t\u0159i typy jsou v kategorii neform\u00e1ln\u00edho policie a milice. Zat\u00edmco vigilantismus, sousedsk\u00e9 hl\u00eddky a milice jsou konstruov\u00e1ny na z\u00e1klad\u011b existuj\u00edc\u00edch teori\u00ed a typologi\u00ed, sebeobran\u00e9 skupiny je nov\u011b vyvinut\u00fd typ. Krom\u011b toho jsou v\u0161echny typy rozt\u0159\u00edd\u011bny a definov\u00e1ny pomoc\u00ed z\u00e1kladn\u00edho r\u00e1mce, kter\u00fd zahrnuje \u0161est nebo sedm obecn\u00fdch charakteristick\u00fdch rys\u016f, kter\u00e9 berou v \u00favahu stupe\u0148 pl\u00e1nov\u00e1n\u00ed, \u00farove\u0148 dobrovolnosti, m\u00edru autonomie, m\u00edru n\u00e1sil\u00ed, \u00farove\u0148 dodr\u017eov\u00e1n\u00ed institucionalizovan\u00fdch norem, z\u00e1kladn\u00ed c\u00edle a \u00fazemn\u00ed omezen\u00ed.<br \/>\n<strong>Kl\u00ed\u010dov\u00e1 slova:<\/strong>\u00a0bezpe\u010dnost, vigilantismus, sousedsk\u00e9 hl\u00eddky, milice, domobrana, sebeobrann\u00e9 skupiny.<\/p>\n<p><a href=\"https:\/\/veda.polac.cz\/?page_id=1362\">01\/2011<\/a><\/p>\n","protected":false},"excerpt":{"rendered":"<p>Resum\u00e9 \u010dl\u00e1nku Dobrovoln\u00e9 sdru\u017eov\u00e1n\u00ed osob za \u00fa\u010delem ochrany Michal Ku\u010dera \u010cl\u00e1nek se zab\u00fdv\u00e1 problematikou dobrovoln\u00fdch ob\u010dansk\u00fdch skupin, kter\u00e9 jsou organizov\u00e1ny za \u00fa\u010delem zaji\u0161t\u011bn\u00ed vlastn\u00ed bezpe\u010dnosti. Byl zpracov\u00e1n v r\u00e1mci grantov\u00e9ho projektu GA\u010cR GA407\/09\/0100 &#8222;Soudob\u00fd paramilitarismus v \u010cesk\u00e9 republice v kontextu transnacion\u00e1ln\u00edch v\u00fdvojov\u00fdch trend\u016f politick\u00e9ho n\u00e1sil\u00ed v Evrop\u011b&#8220;. Text je zam\u011b\u0159en na v\u00fdstavbu modelov\u00fdch typ\u016f dobrovoln\u00fdch [&hellip;]<\/p>\n","protected":false},"author":2,"featured_media":0,"parent":0,"menu_order":10,"comment_status":"closed","ping_status":"closed","template":"","meta":{"footnotes":""},"class_list":["post-1396","page","type-page","status-publish","hentry"],"_links":{"self":[{"href":"https:\/\/veda.polac.cz\/index.php?rest_route=\/wp\/v2\/pages\/1396","targetHints":{"allow":["GET"]}}],"collection":[{"href":"https:\/\/veda.polac.cz\/index.php?rest_route=\/wp\/v2\/pages"}],"about":[{"href":"https:\/\/veda.polac.cz\/index.php?rest_route=\/wp\/v2\/types\/page"}],"author":[{"embeddable":true,"href":"https:\/\/veda.polac.cz\/index.php?rest_route=\/wp\/v2\/users\/2"}],"replies":[{"embeddable":true,"href":"https:\/\/veda.polac.cz\/index.php?rest_route=%2Fwp%2Fv2%2Fcomments&post=1396"}],"version-history":[{"count":2,"href":"https:\/\/veda.polac.cz\/index.php?rest_route=\/wp\/v2\/pages\/1396\/revisions"}],"predecessor-version":[{"id":1423,"href":"https:\/\/veda.polac.cz\/index.php?rest_route=\/wp\/v2\/pages\/1396\/revisions\/1423"}],"wp:attachment":[{"href":"https:\/\/veda.polac.cz\/index.php?rest_route=%2Fwp%2Fv2%2Fmedia&parent=1396"}],"curies":[{"name":"wp","href":"https:\/\/api.w.org\/{rel}","templated":true}]}}