{"id":1394,"date":"2018-09-15T23:31:51","date_gmt":"2018-09-15T23:31:51","guid":{"rendered":"http:\/\/veda.polac.cz\/?page_id=1394"},"modified":"2018-10-27T18:59:55","modified_gmt":"2018-10-27T18:59:55","slug":"9-2-6","status":"publish","type":"page","link":"https:\/\/veda.polac.cz\/?page_id=1394","title":{"rendered":""},"content":{"rendered":"<p style=\"text-align: center;\">Resum\u00e9 \u010dl\u00e1nku<\/p>\n<p align=\"justify\"><strong>Bezpe\u010dnost leti\u0161t\u011b po 9\/11: P\u0159\u00edpad lond\u00fdnsk\u00e9ho leti\u0161t\u011b Heathrow<\/strong><br \/>\n<em>Bc. Lud\u011bk Moravec<\/em><\/p>\n<p>\u010cl\u00e1nek se vztahuje k ud\u00e1lostem 9. 11. V t\u00e9to souvislosti se zab\u00fdv\u00e1 rozvojem infrastruktury zabezpe\u010den\u00ed v segmentu letectv\u00ed p\u0159ed protipr\u00e1vn\u00edmi \u010diny. Autor poskytuje z\u00e1kladn\u00ed p\u0159ehled o v\u00fdvoji v t\u00e9to oblasti a aplikuje z\u00edskan\u00e9 poznatky na lond\u00fdnsk\u00e9 leti\u0161t\u011b Heathrow jako p\u0159\u00edpadov\u00e9 studie.<br \/>\n<strong>Kl\u00ed\u010dov\u00e1 slova:\u00a0<\/strong>kritick\u00e1 infrastrukura, Heathrow, terorismus, letectv\u00ed, zabezpe\u010den\u00ed leti\u0161t\u011b.<br \/>\n<i><br \/>\n<\/i><\/p>\n<p><a href=\"https:\/\/veda.polac.cz\/?page_id=1362\">01\/2011<\/a><\/p>\n","protected":false},"excerpt":{"rendered":"<p>Resum\u00e9 \u010dl\u00e1nku Bezpe\u010dnost leti\u0161t\u011b po 9\/11: P\u0159\u00edpad lond\u00fdnsk\u00e9ho leti\u0161t\u011b Heathrow Bc. Lud\u011bk Moravec \u010cl\u00e1nek se vztahuje k ud\u00e1lostem 9. 11. V t\u00e9to souvislosti se zab\u00fdv\u00e1 rozvojem infrastruktury zabezpe\u010den\u00ed v segmentu letectv\u00ed p\u0159ed protipr\u00e1vn\u00edmi \u010diny. Autor poskytuje z\u00e1kladn\u00ed p\u0159ehled o v\u00fdvoji v t\u00e9to oblasti a aplikuje z\u00edskan\u00e9 poznatky na lond\u00fdnsk\u00e9 leti\u0161t\u011b Heathrow jako p\u0159\u00edpadov\u00e9 studie. Kl\u00ed\u010dov\u00e1 [&hellip;]<\/p>\n","protected":false},"author":2,"featured_media":0,"parent":0,"menu_order":9,"comment_status":"closed","ping_status":"closed","template":"","meta":{"footnotes":""},"class_list":["post-1394","page","type-page","status-publish","hentry"],"_links":{"self":[{"href":"https:\/\/veda.polac.cz\/index.php?rest_route=\/wp\/v2\/pages\/1394","targetHints":{"allow":["GET"]}}],"collection":[{"href":"https:\/\/veda.polac.cz\/index.php?rest_route=\/wp\/v2\/pages"}],"about":[{"href":"https:\/\/veda.polac.cz\/index.php?rest_route=\/wp\/v2\/types\/page"}],"author":[{"embeddable":true,"href":"https:\/\/veda.polac.cz\/index.php?rest_route=\/wp\/v2\/users\/2"}],"replies":[{"embeddable":true,"href":"https:\/\/veda.polac.cz\/index.php?rest_route=%2Fwp%2Fv2%2Fcomments&post=1394"}],"version-history":[{"count":2,"href":"https:\/\/veda.polac.cz\/index.php?rest_route=\/wp\/v2\/pages\/1394\/revisions"}],"predecessor-version":[{"id":1422,"href":"https:\/\/veda.polac.cz\/index.php?rest_route=\/wp\/v2\/pages\/1394\/revisions\/1422"}],"wp:attachment":[{"href":"https:\/\/veda.polac.cz\/index.php?rest_route=%2Fwp%2Fv2%2Fmedia&parent=1394"}],"curies":[{"name":"wp","href":"https:\/\/api.w.org\/{rel}","templated":true}]}}