{"id":1392,"date":"2018-09-15T23:30:09","date_gmt":"2018-09-15T23:30:09","guid":{"rendered":"http:\/\/veda.polac.cz\/?page_id=1392"},"modified":"2018-10-27T18:59:55","modified_gmt":"2018-10-27T18:59:55","slug":"8-2-6","status":"publish","type":"page","link":"https:\/\/veda.polac.cz\/?page_id=1392","title":{"rendered":""},"content":{"rendered":"<p style=\"text-align: center;\">Resum\u00e9 \u010dl\u00e1nku<\/p>\n<p><i>Sobakar, A. A.<\/p>\n<p><\/i>\u010cl\u00e1nek formuluje \u00fakoly st\u00e1tn\u00ed kontroly v doprav\u011b. Autor zd\u016fraz\u0148uje nutnost zdokonalen\u00ed t\u00e9to funkce st\u00e1tn\u00ed spr\u00e1vy k lep\u0161\u00edmu zaji\u0161t\u011bn\u00ed bezpe\u010dn\u00e9ho fungov\u00e1n\u00ed n\u00e1rodn\u00edho dopravn\u00edho syst\u00e9mu. Autor se zab\u00fdv\u00e1 sou\u010dasn\u00fdm problemy v t\u00e9to oblasti a p\u0159edkl\u00e1d\u00e1 \u0159adu argument\u016f k tvorb\u011b nov\u00e9ho syst\u00e9mu \u0159\u00edzen\u00ed dopravy.<br \/>\n<strong>Kl\u00ed\u010dov\u00e1 slova:<\/strong>\u00a0doprava, syst\u00e9m \u0159\u00edzen\u00ed dopravy, st\u00e1tn\u00ed kontrola.<i><br \/>\n<\/i><\/p>\n<p><a href=\"https:\/\/veda.polac.cz\/?page_id=1362\">01\/2011<\/a><\/p>\n","protected":false},"excerpt":{"rendered":"<p>Resum\u00e9 \u010dl\u00e1nku Sobakar, A. A. \u010cl\u00e1nek formuluje \u00fakoly st\u00e1tn\u00ed kontroly v doprav\u011b. Autor zd\u016fraz\u0148uje nutnost zdokonalen\u00ed t\u00e9to funkce st\u00e1tn\u00ed spr\u00e1vy k lep\u0161\u00edmu zaji\u0161t\u011bn\u00ed bezpe\u010dn\u00e9ho fungov\u00e1n\u00ed n\u00e1rodn\u00edho dopravn\u00edho syst\u00e9mu. Autor se zab\u00fdv\u00e1 sou\u010dasn\u00fdm problemy v t\u00e9to oblasti a p\u0159edkl\u00e1d\u00e1 \u0159adu argument\u016f k tvorb\u011b nov\u00e9ho syst\u00e9mu \u0159\u00edzen\u00ed dopravy. Kl\u00ed\u010dov\u00e1 slova:\u00a0doprava, syst\u00e9m \u0159\u00edzen\u00ed dopravy, st\u00e1tn\u00ed kontrola. 01\/2011<\/p>\n","protected":false},"author":2,"featured_media":0,"parent":0,"menu_order":8,"comment_status":"closed","ping_status":"closed","template":"","meta":{"footnotes":""},"class_list":["post-1392","page","type-page","status-publish","hentry"],"_links":{"self":[{"href":"https:\/\/veda.polac.cz\/index.php?rest_route=\/wp\/v2\/pages\/1392","targetHints":{"allow":["GET"]}}],"collection":[{"href":"https:\/\/veda.polac.cz\/index.php?rest_route=\/wp\/v2\/pages"}],"about":[{"href":"https:\/\/veda.polac.cz\/index.php?rest_route=\/wp\/v2\/types\/page"}],"author":[{"embeddable":true,"href":"https:\/\/veda.polac.cz\/index.php?rest_route=\/wp\/v2\/users\/2"}],"replies":[{"embeddable":true,"href":"https:\/\/veda.polac.cz\/index.php?rest_route=%2Fwp%2Fv2%2Fcomments&post=1392"}],"version-history":[{"count":2,"href":"https:\/\/veda.polac.cz\/index.php?rest_route=\/wp\/v2\/pages\/1392\/revisions"}],"predecessor-version":[{"id":1421,"href":"https:\/\/veda.polac.cz\/index.php?rest_route=\/wp\/v2\/pages\/1392\/revisions\/1421"}],"wp:attachment":[{"href":"https:\/\/veda.polac.cz\/index.php?rest_route=%2Fwp%2Fv2%2Fmedia&parent=1392"}],"curies":[{"name":"wp","href":"https:\/\/api.w.org\/{rel}","templated":true}]}}