{"id":1390,"date":"2018-09-15T23:28:39","date_gmt":"2018-09-15T23:28:39","guid":{"rendered":"http:\/\/veda.polac.cz\/?page_id=1390"},"modified":"2018-10-27T18:59:55","modified_gmt":"2018-10-27T18:59:55","slug":"7-2-8","status":"publish","type":"page","link":"https:\/\/veda.polac.cz\/?page_id=1390","title":{"rendered":""},"content":{"rendered":"<p style=\"text-align: center;\">Resum\u00e9 \u010dl\u00e1nku<\/p>\n<p align=\"justify\"><strong>Odposlechy trochu jinak. \u010c\u00e1st 1.<\/strong><br \/>\n<em>Mgr. Bc. Pavel M\u00e1lek<\/em><\/p>\n<p>\u010cesk\u00e9 trestn\u00ed pr\u00e1vo procesn\u00ed m\u00e1 v posledn\u00edch letech n\u011bkolik, st\u00e1le se opakuj\u00edc\u00edch a \u0161irokou ve\u0159ejnost\u00ed diskutovan\u00fdch t\u00e9mat. Jedn\u00edm z t\u011bchto \u0159e\u0161en\u00fdch probl\u00e9m\u016f je z\u00e1znam telekomunika\u010dn\u00edho provozu a v\u00fdpis o uskute\u010dn\u011bn\u00e9m telekomunika\u010dn\u00edm provozu. Jedn\u00e1 se o instituty, kter\u00e9 v\u00fdznamn\u011b zasahuj\u00ed do \u00dastavou garantovan\u00fdch pr\u00e1v a jsou ovlivn\u011bny rozhodov\u00e1n\u00edm Evropsk\u00e9ho soudu pro lidsk\u00e1 pr\u00e1va. Od roku 1990 maj\u00ed sv\u016fj specifick\u00fd a pom\u011brn\u011b dynamick\u00fd legislativn\u00ed v\u00fdvoj. Vliv na tento v\u00fdvoj m\u00e1 i judikatura \u00dastavn\u00edho a Nejvy\u0161\u0161\u00edho soudu \u010cR. Rozhodov\u00e1n\u00ed uveden\u00fdch justi\u010dn\u00edch autorit m\u00e1 dopad na vlastn\u00ed praktickou aplikaci obou institut\u016f. Nejedn\u00e1 se v\u0161ak pouze o probl\u00e9m ryze trestn\u011b pr\u00e1vn\u00ed, ale podstatn\u00fd je i pohled kriminalistiky. Z t\u011bchto d\u016fvod\u016f je zpracov\u00e1n metodick\u00fd n\u00e1vod vyu\u017eiteln\u00fd jak p\u0159i povolovac\u00edm re\u017eimu tak i p\u0159i vyhodnocov\u00e1n\u00ed zji\u0161t\u011bn\u00fdch informac\u00ed. Tento metodick\u00fd n\u00e1vod bude obsahovat druh\u00e1 \u010d\u00e1st \u010dl\u00e1nku zve\u0159ejn\u011bn\u00e1 v n\u00e1sleduj\u00edc\u00edm \u010d\u00edsle tohoto periodika.<br \/>\n<strong>Kl\u00ed\u010dov\u00e1 slova:<\/strong>\u00a0odposlech a z\u00e1znam telekomunika\u010dn\u00edho provozu, \u00fadaje o uskute\u010d-n\u011bn\u00e9m telekomunika\u010dn\u00edm provozu, pr\u00e1vo na respektov\u00e1n\u00ed rodinn\u00e9ho a soukrom\u00e9ho \u017eivota, Evropsk\u00fd soud pro lidsk\u00e1 pr\u00e1va, zvl\u00e1\u0161\u0165 z\u00e1va\u017en\u00fd zlo\u010din, identifikaci osoby, audioexpert\u00edza, dokazov\u00e1n\u00ed, judikatura \u00dastavn\u00edho soudu, judikatura Nejvy\u0161\u0161\u00edho soudu \u010cR.<i><br \/>\n<\/i><\/p>\n<p><a href=\"https:\/\/veda.polac.cz\/?page_id=1362\">01\/2011<\/a><\/p>\n","protected":false},"excerpt":{"rendered":"<p>Resum\u00e9 \u010dl\u00e1nku Odposlechy trochu jinak. \u010c\u00e1st 1. Mgr. Bc. Pavel M\u00e1lek \u010cesk\u00e9 trestn\u00ed pr\u00e1vo procesn\u00ed m\u00e1 v posledn\u00edch letech n\u011bkolik, st\u00e1le se opakuj\u00edc\u00edch a \u0161irokou ve\u0159ejnost\u00ed diskutovan\u00fdch t\u00e9mat. Jedn\u00edm z t\u011bchto \u0159e\u0161en\u00fdch probl\u00e9m\u016f je z\u00e1znam telekomunika\u010dn\u00edho provozu a v\u00fdpis o uskute\u010dn\u011bn\u00e9m telekomunika\u010dn\u00edm provozu. Jedn\u00e1 se o instituty, kter\u00e9 v\u00fdznamn\u011b zasahuj\u00ed do \u00dastavou garantovan\u00fdch pr\u00e1v a [&hellip;]<\/p>\n","protected":false},"author":2,"featured_media":0,"parent":0,"menu_order":7,"comment_status":"closed","ping_status":"closed","template":"","meta":{"footnotes":""},"class_list":["post-1390","page","type-page","status-publish","hentry"],"_links":{"self":[{"href":"https:\/\/veda.polac.cz\/index.php?rest_route=\/wp\/v2\/pages\/1390","targetHints":{"allow":["GET"]}}],"collection":[{"href":"https:\/\/veda.polac.cz\/index.php?rest_route=\/wp\/v2\/pages"}],"about":[{"href":"https:\/\/veda.polac.cz\/index.php?rest_route=\/wp\/v2\/types\/page"}],"author":[{"embeddable":true,"href":"https:\/\/veda.polac.cz\/index.php?rest_route=\/wp\/v2\/users\/2"}],"replies":[{"embeddable":true,"href":"https:\/\/veda.polac.cz\/index.php?rest_route=%2Fwp%2Fv2%2Fcomments&post=1390"}],"version-history":[{"count":2,"href":"https:\/\/veda.polac.cz\/index.php?rest_route=\/wp\/v2\/pages\/1390\/revisions"}],"predecessor-version":[{"id":1420,"href":"https:\/\/veda.polac.cz\/index.php?rest_route=\/wp\/v2\/pages\/1390\/revisions\/1420"}],"wp:attachment":[{"href":"https:\/\/veda.polac.cz\/index.php?rest_route=%2Fwp%2Fv2%2Fmedia&parent=1390"}],"curies":[{"name":"wp","href":"https:\/\/api.w.org\/{rel}","templated":true}]}}