{"id":139,"date":"2018-09-07T15:18:56","date_gmt":"2018-09-07T15:18:56","guid":{"rendered":"http:\/\/veda.polac.cz\/?page_id=139"},"modified":"2018-11-02T17:05:39","modified_gmt":"2018-11-02T17:05:39","slug":"resume-4-02-18","status":"publish","type":"page","link":"https:\/\/veda.polac.cz\/?page_id=139","title":{"rendered":""},"content":{"rendered":"<p style=\"text-align: center;\">Resum\u00e9 \u010dl\u00e1nku<\/p>\n<p><strong>Transformace \u010deskoslovensk\u00fdch a \u010desk\u00fdch zpravodajsk\u00fdch slu\u017eeb<\/strong><br \/>\n<em>doc. JUDr. Ladislav Pokorn\u00fd, Ph.D., Policejn\u00ed akademie \u010cesk\u00e9 republiky v Praze, Fakulta bezpe\u010dnostn\u011b pr\u00e1vn\u00ed, katedra krimin\u00e1ln\u00ed policie<\/em><\/p>\n<p>Po roce 1989 byla zvl\u00e1\u0161\u0165 pozorn\u011b a citliv\u011b sledov\u00e1na transformace zpravodajsk\u00fdch slu\u017eeb. Tato je p\u0159\u00edkladem diskontinuity pr\u00e1vn\u00ed \u00fapravy specifick\u00e9ho oboru (oblasti), v n\u00ed\u017e do\u0161lo k z\u00e1sadn\u00ed prom\u011bn\u011b, kterou lze charakterizovat jako cestu od neregulace k regulaci, a v n\u00ed\u017e byl v historicky kr\u00e1tk\u00e9 dob\u011b u\u010din\u011bn pokus o aplikaci z\u00e1kladn\u00edch princip\u016f pr\u00e1vn\u00edho st\u00e1tu. P\u0159\u00edsp\u011bvek je v\u011bnov\u00e1n transforma\u010dn\u00edmu obdob\u00ed, v jeho\u017e pr\u016fb\u011bhu byla p\u0159ijata historicky prvn\u00ed z\u00e1konn\u00e1 \u00faprava postaven\u00ed a \u010dinnosti zpravodajsk\u00fdch slu\u017eeb u n\u00e1s, a kter\u00e9 bylo ukon\u010deno v roce 1994 schv\u00e1len\u00edm relativn\u011b komplexn\u00ed pr\u00e1vn\u00ed \u00fapravy, kter\u00e1 zakotvila syst\u00e9m postaven\u00ed a \u010dinnosti zpravodajsk\u00fdch slu\u017eeb \u010cesk\u00e9 republiky, kter\u00fd je v z\u00e1sad\u011b platn\u00fd dosud.<br \/>\n<strong>Kl\u00ed\u010dov\u00e1 slova:<\/strong>\u00a0zpravodajsk\u00e9 slu\u017eby, \u010cesk\u00e1 republika, transformace.<\/p>\n<p><a href=\"https:\/\/veda.polac.cz\/wp-content\/uploads\/2018\/11\/0218Transformace-\u010deskoslovensk\u00fdch-a-\u010desk\u00fdch-zpravodajsk\u00fdch-slu\u017eeb.pdf\">Pdf form\u00e1t<\/a><\/p>\n<p><a href=\"https:\/\/veda.polac.cz\/?page_id=81\">02\/2018<\/a><\/p>\n","protected":false},"excerpt":{"rendered":"<p>Resum\u00e9 \u010dl\u00e1nku Transformace \u010deskoslovensk\u00fdch a \u010desk\u00fdch zpravodajsk\u00fdch slu\u017eeb doc. JUDr. Ladislav Pokorn\u00fd, Ph.D., Policejn\u00ed akademie \u010cesk\u00e9 republiky v Praze, Fakulta bezpe\u010dnostn\u011b pr\u00e1vn\u00ed, katedra krimin\u00e1ln\u00ed policie Po roce 1989 byla zvl\u00e1\u0161\u0165 pozorn\u011b a citliv\u011b sledov\u00e1na transformace zpravodajsk\u00fdch slu\u017eeb. Tato je p\u0159\u00edkladem diskontinuity pr\u00e1vn\u00ed \u00fapravy specifick\u00e9ho oboru (oblasti), v n\u00ed\u017e do\u0161lo k z\u00e1sadn\u00ed prom\u011bn\u011b, kterou lze charakterizovat [&hellip;]<\/p>\n","protected":false},"author":2,"featured_media":0,"parent":81,"menu_order":4,"comment_status":"closed","ping_status":"closed","template":"","meta":{"footnotes":""},"class_list":["post-139","page","type-page","status-publish","hentry"],"_links":{"self":[{"href":"https:\/\/veda.polac.cz\/index.php?rest_route=\/wp\/v2\/pages\/139","targetHints":{"allow":["GET"]}}],"collection":[{"href":"https:\/\/veda.polac.cz\/index.php?rest_route=\/wp\/v2\/pages"}],"about":[{"href":"https:\/\/veda.polac.cz\/index.php?rest_route=\/wp\/v2\/types\/page"}],"author":[{"embeddable":true,"href":"https:\/\/veda.polac.cz\/index.php?rest_route=\/wp\/v2\/users\/2"}],"replies":[{"embeddable":true,"href":"https:\/\/veda.polac.cz\/index.php?rest_route=%2Fwp%2Fv2%2Fcomments&post=139"}],"version-history":[{"count":6,"href":"https:\/\/veda.polac.cz\/index.php?rest_route=\/wp\/v2\/pages\/139\/revisions"}],"predecessor-version":[{"id":2116,"href":"https:\/\/veda.polac.cz\/index.php?rest_route=\/wp\/v2\/pages\/139\/revisions\/2116"}],"up":[{"embeddable":true,"href":"https:\/\/veda.polac.cz\/index.php?rest_route=\/wp\/v2\/pages\/81"}],"wp:attachment":[{"href":"https:\/\/veda.polac.cz\/index.php?rest_route=%2Fwp%2Fv2%2Fmedia&parent=139"}],"curies":[{"name":"wp","href":"https:\/\/api.w.org\/{rel}","templated":true}]}}