{"id":1388,"date":"2018-09-15T23:26:03","date_gmt":"2018-09-15T23:26:03","guid":{"rendered":"http:\/\/veda.polac.cz\/?page_id=1388"},"modified":"2018-10-27T18:59:55","modified_gmt":"2018-10-27T18:59:55","slug":"6-2-8","status":"publish","type":"page","link":"https:\/\/veda.polac.cz\/?page_id=1388","title":{"rendered":""},"content":{"rendered":"<p style=\"text-align: center;\">Resum\u00e9 \u010dl\u00e1nku<\/p>\n<p align=\"justify\"><strong>Role soukrom\u00fdch subjekt\u016f v boji proti neleg\u00e1ln\u00edmu a ne\u017e\u00e1douc\u00edmu obsahu na Internetu<\/strong><br \/>\n<em>RNDr. V\u00e1clav Hn\u00edk, CSc., Mgr. Old\u0159ich Krul\u00edk, Ph.D,. doc. RNDr. Josef Po\u017e\u00e1r, CSc.<\/em><\/p>\n<p>P\u0159\u00edsp\u011bvek je zam\u011b\u0159en na oblast spolupr\u00e1ce ve\u0159ejn\u00e9 a priv\u00e1tn\u00ed sf\u00e9ry v boji proti neleg\u00e1ln\u00edmu a ne\u017e\u00e1douc\u00edmu obsahu na Internetu. Nejprve jsou obecn\u011b charakte-rizov\u00e1ny druhy neleg\u00e1ln\u00edho a ne\u017e\u00e1douc\u00edho obsahu. N\u00e1sledn\u011b jsou podrobn\u011bji pops\u00e1ny a hodnoceny vybran\u00e9 aktivity ve\u0159ejn\u00e9ho sektoru v t\u00e9to oblasti. Nejv\u00edce pozornosti bylo v\u011bnov\u00e1no popisu a hodnocen\u00ed st\u00e1vaj\u00edc\u00edch aktivit n\u011bkter\u00fdch priv\u00e1tn\u00edch spole\u010dnost\u00ed, kter\u00e9 jsou v t\u00e9to oblasti nejaktivn\u011bj\u0161\u00ed.<br \/>\n<strong>Kl\u00ed\u010dov\u00e1 slova:<\/strong>\u00a0informa\u010dn\u00ed bezpe\u010dnost, soukrom\u00e9 firmy, neleg\u00e1ln\u00ed a ne\u017e\u00e1douc\u00ed obsah na internetu.<i><br \/>\n<\/i><\/p>\n<p><a href=\"https:\/\/veda.polac.cz\/?page_id=1362\">01\/2011<\/a><\/p>\n","protected":false},"excerpt":{"rendered":"<p>Resum\u00e9 \u010dl\u00e1nku Role soukrom\u00fdch subjekt\u016f v boji proti neleg\u00e1ln\u00edmu a ne\u017e\u00e1douc\u00edmu obsahu na Internetu RNDr. V\u00e1clav Hn\u00edk, CSc., Mgr. Old\u0159ich Krul\u00edk, Ph.D,. doc. RNDr. Josef Po\u017e\u00e1r, CSc. P\u0159\u00edsp\u011bvek je zam\u011b\u0159en na oblast spolupr\u00e1ce ve\u0159ejn\u00e9 a priv\u00e1tn\u00ed sf\u00e9ry v boji proti neleg\u00e1ln\u00edmu a ne\u017e\u00e1douc\u00edmu obsahu na Internetu. Nejprve jsou obecn\u011b charakte-rizov\u00e1ny druhy neleg\u00e1ln\u00edho a ne\u017e\u00e1douc\u00edho obsahu. [&hellip;]<\/p>\n","protected":false},"author":2,"featured_media":0,"parent":0,"menu_order":6,"comment_status":"closed","ping_status":"closed","template":"","meta":{"footnotes":""},"class_list":["post-1388","page","type-page","status-publish","hentry"],"_links":{"self":[{"href":"https:\/\/veda.polac.cz\/index.php?rest_route=\/wp\/v2\/pages\/1388","targetHints":{"allow":["GET"]}}],"collection":[{"href":"https:\/\/veda.polac.cz\/index.php?rest_route=\/wp\/v2\/pages"}],"about":[{"href":"https:\/\/veda.polac.cz\/index.php?rest_route=\/wp\/v2\/types\/page"}],"author":[{"embeddable":true,"href":"https:\/\/veda.polac.cz\/index.php?rest_route=\/wp\/v2\/users\/2"}],"replies":[{"embeddable":true,"href":"https:\/\/veda.polac.cz\/index.php?rest_route=%2Fwp%2Fv2%2Fcomments&post=1388"}],"version-history":[{"count":2,"href":"https:\/\/veda.polac.cz\/index.php?rest_route=\/wp\/v2\/pages\/1388\/revisions"}],"predecessor-version":[{"id":1419,"href":"https:\/\/veda.polac.cz\/index.php?rest_route=\/wp\/v2\/pages\/1388\/revisions\/1419"}],"wp:attachment":[{"href":"https:\/\/veda.polac.cz\/index.php?rest_route=%2Fwp%2Fv2%2Fmedia&parent=1388"}],"curies":[{"name":"wp","href":"https:\/\/api.w.org\/{rel}","templated":true}]}}