{"id":1386,"date":"2018-09-15T23:24:51","date_gmt":"2018-09-15T23:24:51","guid":{"rendered":"http:\/\/veda.polac.cz\/?page_id=1386"},"modified":"2018-10-27T18:59:55","modified_gmt":"2018-10-27T18:59:55","slug":"5-2-8","status":"publish","type":"page","link":"https:\/\/veda.polac.cz\/?page_id=1386","title":{"rendered":""},"content":{"rendered":"<p style=\"text-align: center;\">Resum\u00e9 \u010dl\u00e1nku<\/p>\n<p align=\"justify\"><strong>Diskusie k spravodlivosti v trestnom pr\u00e1ve<\/strong><br \/>\n<em>doc. Dr. Jarmila Chovancov\u00e1, CSc.<\/em><\/p>\n<p>Cie\u013eom \u010dl\u00e1nku je pouk\u00e1za\u0165 na skuto\u010dnos\u0165 d\u00f4le\u017eitosti retribut\u00edvnej spravodlivosti v trestnom pr\u00e1ve. Ve\u013ek\u00fd taliansky teoretik a sudca C. Beccaria analyzuje probl\u00e9m a podstatu trestu, v r\u00e1mci ktor\u00e9ho preferuje hum\u00e1nne tresty a prev\u00fdchovu.<br \/>\n<strong>K\u013e\u00fa\u010dov\u00e9 slov\u00e1:<\/strong>\u00a0spravodlivos\u0165, obnovuj\u00faca spravodlivos\u0165, trestn\u00e9 pr\u00e1vo, spolo\u010dnos\u0165, jednotlivec, z\u00e1kon, trest, sloboda, d\u00f4stojnos\u0165.<\/p>\n<p><a href=\"https:\/\/veda.polac.cz\/?page_id=1362\">01\/2011<\/a><\/p>\n","protected":false},"excerpt":{"rendered":"<p>Resum\u00e9 \u010dl\u00e1nku Diskusie k spravodlivosti v trestnom pr\u00e1ve doc. Dr. Jarmila Chovancov\u00e1, CSc. Cie\u013eom \u010dl\u00e1nku je pouk\u00e1za\u0165 na skuto\u010dnos\u0165 d\u00f4le\u017eitosti retribut\u00edvnej spravodlivosti v trestnom pr\u00e1ve. Ve\u013ek\u00fd taliansky teoretik a sudca C. Beccaria analyzuje probl\u00e9m a podstatu trestu, v r\u00e1mci ktor\u00e9ho preferuje hum\u00e1nne tresty a prev\u00fdchovu. K\u013e\u00fa\u010dov\u00e9 slov\u00e1:\u00a0spravodlivos\u0165, obnovuj\u00faca spravodlivos\u0165, trestn\u00e9 pr\u00e1vo, spolo\u010dnos\u0165, jednotlivec, z\u00e1kon, trest, [&hellip;]<\/p>\n","protected":false},"author":2,"featured_media":0,"parent":0,"menu_order":5,"comment_status":"closed","ping_status":"closed","template":"","meta":{"footnotes":""},"class_list":["post-1386","page","type-page","status-publish","hentry"],"_links":{"self":[{"href":"https:\/\/veda.polac.cz\/index.php?rest_route=\/wp\/v2\/pages\/1386","targetHints":{"allow":["GET"]}}],"collection":[{"href":"https:\/\/veda.polac.cz\/index.php?rest_route=\/wp\/v2\/pages"}],"about":[{"href":"https:\/\/veda.polac.cz\/index.php?rest_route=\/wp\/v2\/types\/page"}],"author":[{"embeddable":true,"href":"https:\/\/veda.polac.cz\/index.php?rest_route=\/wp\/v2\/users\/2"}],"replies":[{"embeddable":true,"href":"https:\/\/veda.polac.cz\/index.php?rest_route=%2Fwp%2Fv2%2Fcomments&post=1386"}],"version-history":[{"count":2,"href":"https:\/\/veda.polac.cz\/index.php?rest_route=\/wp\/v2\/pages\/1386\/revisions"}],"predecessor-version":[{"id":1418,"href":"https:\/\/veda.polac.cz\/index.php?rest_route=\/wp\/v2\/pages\/1386\/revisions\/1418"}],"wp:attachment":[{"href":"https:\/\/veda.polac.cz\/index.php?rest_route=%2Fwp%2Fv2%2Fmedia&parent=1386"}],"curies":[{"name":"wp","href":"https:\/\/api.w.org\/{rel}","templated":true}]}}