{"id":1382,"date":"2018-09-15T23:23:10","date_gmt":"2018-09-15T23:23:10","guid":{"rendered":"http:\/\/veda.polac.cz\/?page_id=1382"},"modified":"2018-10-27T18:59:55","modified_gmt":"2018-10-27T18:59:55","slug":"3-2-9","status":"publish","type":"page","link":"https:\/\/veda.polac.cz\/?page_id=1382","title":{"rendered":""},"content":{"rendered":"<p style=\"text-align: center;\">Resum\u00e9 \u010dl\u00e1nku<\/p>\n<p align=\"justify\"><strong>Mo\u017en\u00e9 sm\u011bry bezpe\u010dnostn\u00ed spolupr\u00e1ce zem\u00ed Visegr\u00e1dsk\u00e9 skupiny<\/strong><br \/>\n<em>PhDr. Libor Frank, Ph.D.<\/em><\/p>\n<p>\u010cl\u00e1nek je stru\u010dn\u00fdm hodnocen\u00edm dosavadn\u00edho stavu fungov\u00e1n\u00ed Visegr\u00e1dsk\u00e9 skupiny (V4). Pokou\u0161\u00ed se identifikovat mo\u017en\u00e9 oblasti spolupr\u00e1ce \u010dlensk\u00fdch zem\u00ed v oblasti zahrani\u010dn\u00ed, bezpe\u010dnostn\u00ed a obrann\u00e9 politiky. Nasti\u0148uje mj. mo\u017en\u00e9 priority a shodn\u00e9 z\u00e1jmy, kter\u00e9 by bylo mo\u017en\u00e9 prosazovat nap\u0159. v r\u00e1mci p\u0159edsednictv\u00ed Ma\u010farska a Polska v Evropsk\u00e9 unii v roce 2011 nebo na p\u016fd\u011b jin\u00fdch mezin\u00e1rodn\u00edch organizac\u00ed.<br \/>\n<strong>Kl\u00ed\u010dov\u00e1 slova:<\/strong>\u00a0V4, bezpe\u010dnost, obrana, spolupr\u00e1ce.<i><br \/>\n<\/i><\/p>\n<p><a href=\"https:\/\/veda.polac.cz\/?page_id=1362\">01\/2011<\/a><\/p>\n","protected":false},"excerpt":{"rendered":"<p>Resum\u00e9 \u010dl\u00e1nku Mo\u017en\u00e9 sm\u011bry bezpe\u010dnostn\u00ed spolupr\u00e1ce zem\u00ed Visegr\u00e1dsk\u00e9 skupiny PhDr. Libor Frank, Ph.D. \u010cl\u00e1nek je stru\u010dn\u00fdm hodnocen\u00edm dosavadn\u00edho stavu fungov\u00e1n\u00ed Visegr\u00e1dsk\u00e9 skupiny (V4). Pokou\u0161\u00ed se identifikovat mo\u017en\u00e9 oblasti spolupr\u00e1ce \u010dlensk\u00fdch zem\u00ed v oblasti zahrani\u010dn\u00ed, bezpe\u010dnostn\u00ed a obrann\u00e9 politiky. Nasti\u0148uje mj. mo\u017en\u00e9 priority a shodn\u00e9 z\u00e1jmy, kter\u00e9 by bylo mo\u017en\u00e9 prosazovat nap\u0159. v r\u00e1mci p\u0159edsednictv\u00ed Ma\u010farska [&hellip;]<\/p>\n","protected":false},"author":2,"featured_media":0,"parent":0,"menu_order":3,"comment_status":"closed","ping_status":"closed","template":"","meta":{"footnotes":""},"class_list":["post-1382","page","type-page","status-publish","hentry"],"_links":{"self":[{"href":"https:\/\/veda.polac.cz\/index.php?rest_route=\/wp\/v2\/pages\/1382","targetHints":{"allow":["GET"]}}],"collection":[{"href":"https:\/\/veda.polac.cz\/index.php?rest_route=\/wp\/v2\/pages"}],"about":[{"href":"https:\/\/veda.polac.cz\/index.php?rest_route=\/wp\/v2\/types\/page"}],"author":[{"embeddable":true,"href":"https:\/\/veda.polac.cz\/index.php?rest_route=\/wp\/v2\/users\/2"}],"replies":[{"embeddable":true,"href":"https:\/\/veda.polac.cz\/index.php?rest_route=%2Fwp%2Fv2%2Fcomments&post=1382"}],"version-history":[{"count":2,"href":"https:\/\/veda.polac.cz\/index.php?rest_route=\/wp\/v2\/pages\/1382\/revisions"}],"predecessor-version":[{"id":1416,"href":"https:\/\/veda.polac.cz\/index.php?rest_route=\/wp\/v2\/pages\/1382\/revisions\/1416"}],"wp:attachment":[{"href":"https:\/\/veda.polac.cz\/index.php?rest_route=%2Fwp%2Fv2%2Fmedia&parent=1382"}],"curies":[{"name":"wp","href":"https:\/\/api.w.org\/{rel}","templated":true}]}}