{"id":1380,"date":"2018-09-15T23:22:26","date_gmt":"2018-09-15T23:22:26","guid":{"rendered":"http:\/\/veda.polac.cz\/?page_id=1380"},"modified":"2018-11-02T22:22:09","modified_gmt":"2018-11-02T22:22:09","slug":"2-2-10","status":"publish","type":"page","link":"https:\/\/veda.polac.cz\/?page_id=1380","title":{"rendered":""},"content":{"rendered":"<p style=\"text-align: center;\">Resum\u00e9 \u010dl\u00e1nku<\/p>\n<p align=\"justify\"><strong>Od z\u00e1vod\u016f ve zbrojen\u00ed k nov\u00e9 smlouv\u011b START<\/strong><br \/>\n<em>JUDr. V\u00e1clav Mastn\u00fd\u00a0<\/em><\/p>\n<p>K naps\u00e1n\u00ed \u010dl\u00e1nku mne vedla snaha reagovat na aktu\u00e1ln\u00ed situaci, kter\u00e1 po del\u0161\u00ed dob\u011b znovu nastoluje ovzdu\u0161\u00ed, kter\u00e9 by mohlo v\u00e9st ke sn\u00ed\u017een\u00ed nap\u011bt\u00ed v mezin\u00e1rodn\u00edch vztaz\u00edch, kter\u00e9 ob\u011b z\u00fa\u010dastn\u011bn\u00e9 mocnosti ovliv\u0148uj\u00ed nejv\u00edce. Ve sv\u011bt\u011b z\u016fst\u00e1v\u00e1 sice je\u0161t\u011b v\u00edce probl\u00e9m\u016f, kter\u00e9 bude nutno \u0159e\u0161it, a mezi n\u011b pat\u0159\u00ed nap\u0159. terorismus, ale obrovsk\u00e9 z\u00e1soby strategick\u00fdch jadern\u00fdch zbran\u00ed, kter\u00fdmi je mo\u017en\u00e9 zni\u010dit \u017eivot na Zemi, pat\u0159\u00ed mezi ty nejd\u016fle\u017eit\u011bj\u0161\u00ed. \u010cten\u00e1\u0159i v \u010dl\u00e1nku dostanou stru\u010dn\u00fd p\u0159ehled o etap\u00e1ch hore\u010dn\u00e9ho zbrojen\u00ed a o v\u00fdznamn\u00fdch iniciativ\u00e1ch, kter\u00e9 vedou ke sni\u017eov\u00e1n\u00ed nebezpe\u010dn\u00fdch zbran\u00ed.<br \/>\n<strong>Kl\u00ed\u010dov\u00e1 slova:<\/strong>\u00a0strategick\u00e9 nukle\u00e1rn\u00ed zbran\u011b, jadern\u00e9 zbran\u011b, mezin\u00e1rodn\u00ed vztahy.<br \/>\n<i><br \/>\n<\/i><\/p>\n<p><a href=\"https:\/\/veda.polac.cz\/?page_id=1362\">01\/2011<\/a><\/p>\n","protected":false},"excerpt":{"rendered":"<p>Resum\u00e9 \u010dl\u00e1nku Od z\u00e1vod\u016f ve zbrojen\u00ed k nov\u00e9 smlouv\u011b START JUDr. V\u00e1clav Mastn\u00fd\u00a0 K naps\u00e1n\u00ed \u010dl\u00e1nku mne vedla snaha reagovat na aktu\u00e1ln\u00ed situaci, kter\u00e1 po del\u0161\u00ed dob\u011b znovu nastoluje ovzdu\u0161\u00ed, kter\u00e9 by mohlo v\u00e9st ke sn\u00ed\u017een\u00ed nap\u011bt\u00ed v mezin\u00e1rodn\u00edch vztaz\u00edch, kter\u00e9 ob\u011b z\u00fa\u010dastn\u011bn\u00e9 mocnosti ovliv\u0148uj\u00ed nejv\u00edce. Ve sv\u011bt\u011b z\u016fst\u00e1v\u00e1 sice je\u0161t\u011b v\u00edce probl\u00e9m\u016f, kter\u00e9 bude [&hellip;]<\/p>\n","protected":false},"author":2,"featured_media":0,"parent":1362,"menu_order":2,"comment_status":"closed","ping_status":"closed","template":"","meta":{"footnotes":""},"class_list":["post-1380","page","type-page","status-publish","hentry"],"_links":{"self":[{"href":"https:\/\/veda.polac.cz\/index.php?rest_route=\/wp\/v2\/pages\/1380","targetHints":{"allow":["GET"]}}],"collection":[{"href":"https:\/\/veda.polac.cz\/index.php?rest_route=\/wp\/v2\/pages"}],"about":[{"href":"https:\/\/veda.polac.cz\/index.php?rest_route=\/wp\/v2\/types\/page"}],"author":[{"embeddable":true,"href":"https:\/\/veda.polac.cz\/index.php?rest_route=\/wp\/v2\/users\/2"}],"replies":[{"embeddable":true,"href":"https:\/\/veda.polac.cz\/index.php?rest_route=%2Fwp%2Fv2%2Fcomments&post=1380"}],"version-history":[{"count":2,"href":"https:\/\/veda.polac.cz\/index.php?rest_route=\/wp\/v2\/pages\/1380\/revisions"}],"predecessor-version":[{"id":1415,"href":"https:\/\/veda.polac.cz\/index.php?rest_route=\/wp\/v2\/pages\/1380\/revisions\/1415"}],"up":[{"embeddable":true,"href":"https:\/\/veda.polac.cz\/index.php?rest_route=\/wp\/v2\/pages\/1362"}],"wp:attachment":[{"href":"https:\/\/veda.polac.cz\/index.php?rest_route=%2Fwp%2Fv2%2Fmedia&parent=1380"}],"curies":[{"name":"wp","href":"https:\/\/api.w.org\/{rel}","templated":true}]}}