{"id":137,"date":"2018-09-07T15:17:24","date_gmt":"2018-09-07T15:17:24","guid":{"rendered":"http:\/\/veda.polac.cz\/?page_id=137"},"modified":"2018-11-02T17:01:25","modified_gmt":"2018-11-02T17:01:25","slug":"resume-3-02-18","status":"publish","type":"page","link":"https:\/\/veda.polac.cz\/?page_id=137","title":{"rendered":""},"content":{"rendered":"<p style=\"text-align: center;\">Resum\u00e9 \u010dl\u00e1nku<\/p>\n<p><strong>Role vize a jej\u00ed vliv na rozvoj leadershipu v rezortu Ministerstva obrany<\/strong><br \/>\n<em>pplk. Ing. Janka Kosecov\u00e1, Ph.D., Centrum bezpe\u010dnostn\u00edch vojenskostrategick\u00fdch studi\u00ed Univerzity obrany v Brn\u011b<\/em><br \/>\n<em>plk. g\u0161t. Ing. Petr Cup\u00e1k, Vojensk\u00e1 kancel\u00e1\u0159 prezidenta republiky<\/em><\/p>\n<p>V p\u0159\u00edsp\u011bvku jsou p\u0159edstaveny hlavn\u00ed v\u00fdsledky v\u011bdeckov\u00fdzkumn\u00e9 \u010dinnosti autor\u016f v oblasti uplat\u0148ov\u00e1n\u00ed leadershipu ve vojensk\u00e9m prost\u0159ed\u00ed. Hlavn\u00edm c\u00edlem \u010dl\u00e1nku je p\u0159edstavit sou\u010dasn\u00fd profil velitel\u016f na strategick\u00e9 \u00farovni dle z\u00e1kon\u016f leadershipu s vyu\u017eit\u00edm teorie zpracovan\u00e9 v\u00fdznamn\u00fdm autorem Johnem Calvinem Maxwellem. D\u00e1le je zhodnoceno nastaven\u00ed vize organizace a vliv vzd\u011bl\u00e1v\u00e1n\u00ed na rozvoj leadershipu v rezortu Ministerstva obrany. Identifikovan\u00fdm probl\u00e9mem je, \u017ee v sou\u010dasn\u00e9 dob\u011b v organizaci chyb\u00ed ch\u00e1p\u00e1n\u00ed a uplat\u0148ov\u00e1n\u00ed leadershipu v praxi. V z\u00e1v\u011bru \u010dl\u00e1nku jsou p\u0159edstavena doporu\u010den\u00ed pro rozvoj leadershipu a minimalizace dopad\u016f kl\u00ed\u010dov\u00e9ho probl\u00e9mu v rezortu Ministerstva obrany. Jedn\u00e1 se o doporu\u010den\u00ed ke zpracov\u00e1n\u00ed doktrin\u00e1ln\u00edho ukotven\u00ed oblasti leadershipu v celoresortn\u00edm m\u011b\u0159\u00edtku ministerstva obrany, doporu\u010den\u00ed k formulaci vize organizace a jej\u00ed n\u00e1slednou proliferaci uvnit\u0159 i vn\u011b organizace. U identifikovan\u00e9ho nedostatku vzd\u011bl\u00e1v\u00e1n\u00ed strategick\u00fdch leader\u016f je navr\u017eeno variantn\u00ed \u0159e\u0161en\u00ed s mo\u017enost\u00ed inspirace zp\u016fsobem osv\u011bd\u010den\u00fdm v zahrani\u010dn\u00edch ozbrojen\u00fdch sil\u00e1ch a funguj\u00edc\u00edm v komer\u010dn\u00ed sf\u00e9\u0159e.<br \/>\n<strong>Kl\u00ed\u010dov\u00e1 slova:<\/strong>\u00a0leader, velitel, leadership, posl\u00e1n\u00ed, vize, vzd\u011bl\u00e1v\u00e1n\u00ed.<\/p>\n<p><a href=\"https:\/\/veda.polac.cz\/wp-content\/uploads\/2018\/11\/0218Role-vize-a-jej\u00ed-vliv-na-rozvoj-leadershipu-v-rezortu-Ministerstva-obrany.pdf\">Pdf form\u00e1t<\/a><\/p>\n<p><a href=\"https:\/\/veda.polac.cz\/?page_id=81\">02\/2018<\/a><\/p>\n","protected":false},"excerpt":{"rendered":"<p>Resum\u00e9 \u010dl\u00e1nku Role vize a jej\u00ed vliv na rozvoj leadershipu v rezortu Ministerstva obrany pplk. Ing. Janka Kosecov\u00e1, Ph.D., Centrum bezpe\u010dnostn\u00edch vojenskostrategick\u00fdch studi\u00ed Univerzity obrany v Brn\u011b plk. g\u0161t. Ing. Petr Cup\u00e1k, Vojensk\u00e1 kancel\u00e1\u0159 prezidenta republiky V p\u0159\u00edsp\u011bvku jsou p\u0159edstaveny hlavn\u00ed v\u00fdsledky v\u011bdeckov\u00fdzkumn\u00e9 \u010dinnosti autor\u016f v oblasti uplat\u0148ov\u00e1n\u00ed leadershipu ve vojensk\u00e9m prost\u0159ed\u00ed. Hlavn\u00edm c\u00edlem \u010dl\u00e1nku [&hellip;]<\/p>\n","protected":false},"author":2,"featured_media":0,"parent":81,"menu_order":3,"comment_status":"closed","ping_status":"closed","template":"","meta":{"footnotes":""},"class_list":["post-137","page","type-page","status-publish","hentry"],"_links":{"self":[{"href":"https:\/\/veda.polac.cz\/index.php?rest_route=\/wp\/v2\/pages\/137","targetHints":{"allow":["GET"]}}],"collection":[{"href":"https:\/\/veda.polac.cz\/index.php?rest_route=\/wp\/v2\/pages"}],"about":[{"href":"https:\/\/veda.polac.cz\/index.php?rest_route=\/wp\/v2\/types\/page"}],"author":[{"embeddable":true,"href":"https:\/\/veda.polac.cz\/index.php?rest_route=\/wp\/v2\/users\/2"}],"replies":[{"embeddable":true,"href":"https:\/\/veda.polac.cz\/index.php?rest_route=%2Fwp%2Fv2%2Fcomments&post=137"}],"version-history":[{"count":8,"href":"https:\/\/veda.polac.cz\/index.php?rest_route=\/wp\/v2\/pages\/137\/revisions"}],"predecessor-version":[{"id":2114,"href":"https:\/\/veda.polac.cz\/index.php?rest_route=\/wp\/v2\/pages\/137\/revisions\/2114"}],"up":[{"embeddable":true,"href":"https:\/\/veda.polac.cz\/index.php?rest_route=\/wp\/v2\/pages\/81"}],"wp:attachment":[{"href":"https:\/\/veda.polac.cz\/index.php?rest_route=%2Fwp%2Fv2%2Fmedia&parent=137"}],"curies":[{"name":"wp","href":"https:\/\/api.w.org\/{rel}","templated":true}]}}