{"id":1362,"date":"2018-09-15T23:13:54","date_gmt":"2018-09-15T23:13:54","guid":{"rendered":"http:\/\/veda.polac.cz\/?page_id=1362"},"modified":"2019-04-18T10:40:33","modified_gmt":"2019-04-18T10:40:33","slug":"01-2011","status":"publish","type":"page","link":"https:\/\/veda.polac.cz\/?page_id=1362","title":{"rendered":"01\/2011"},"content":{"rendered":"<p><a href=\"https:\/\/veda.polac.cz\/?page_id=1363\"><strong>Hodnocen\u00ed p\u0159\u00edslu\u0161n\u00edk\u016f Policie \u010cesk\u00e9 republiky &#8211; v\u00fdstupy z v\u00fdzkumu realizovan\u00e9ho u studuj\u00edc\u00edch policist\u016f na PA \u010cR v Praze &#8211; 1. \u010d\u00e1st\u00a0<\/strong><\/a><br \/>\nPhDr. Petr Jedin\u00e1k, Ph.D. Dr. Bc. J\u00e1n \u0160ug\u00e1r, CSc.<\/p>\n<hr \/>\n<p><a href=\"https:\/\/veda.polac.cz\/?page_id=1380\"><strong>Od z\u00e1vod\u016f ve zbrojen\u00ed k nov\u00e9 smlouv\u011b START\u00a0<\/strong><\/a><br \/>\nJUDr. V\u00e1clav Mastn\u00fd<\/p>\n<hr \/>\n<p><a href=\"https:\/\/veda.polac.cz\/?page_id=1382\"><strong>Mo\u017en\u00e9 sm\u011bry bezpe\u010dnostn\u00ed spolupr\u00e1ce zem\u00ed Visegr\u00e1dsk\u00e9 skupiny<\/strong><\/a><br \/>\nPhDr. Libor Frank, Ph.D.<\/p>\n<hr \/>\n<p><a href=\"https:\/\/veda.polac.cz\/?page_id=1384\"><strong>Pojmov\u00e9 vymezen\u00ed organizovan\u00e9ho zlo\u010dinu ve sv\u011bt\u011b a v \u010cesk\u00e9 republice<\/strong><\/a><br \/>\nJUDr. Ing. Olga Vojt\u011bchovsk\u00e1<\/p>\n<hr \/>\n<p><a href=\"https:\/\/veda.polac.cz\/?page_id=1386\"><strong>Diskusie k spravodlivosti v trestnom pr\u00e1ve<\/strong><\/a><br \/>\ndoc. Dr. Jarmila Chovancov\u00e1, CSc.<\/p>\n<hr \/>\n<p><a href=\"https:\/\/veda.polac.cz\/?page_id=1388\"><strong>Role soukrom\u00fdch subjekt\u016f v boji proti neleg\u00e1ln\u00edmu a ne\u017e\u00e1douc\u00edmu obsahu na Internetu\u00a0<\/strong><\/a><br \/>\nRNDr. V\u00e1clav Hn\u00edk, CSc., Mgr. Old\u0159ich Krul\u00edk, Ph.D., doc. RNDr. Josef Po\u017e\u00e1r, CSc.<\/p>\n<hr \/>\n<p><a href=\"https:\/\/veda.polac.cz\/?page_id=1390\"><strong>Odposlechy trochu jinak. \u010c\u00e1st 1.<\/strong><\/a><br \/>\nMgr. Bc. Pavel M\u00e1lek<\/p>\n<hr \/>\n<p><strong>Rassledovanije prestuplenij protiv okru\u017eaju\u0161cej prirodnoj sredy:\u00a0<\/strong><br \/>\n<strong>otdelnyje aspekty taktiky osmotra mesta prois\u0161estvija\u00a0<\/strong><br \/>\nOderij, A. V.<\/p>\n<hr \/>\n<p><a href=\"https:\/\/veda.polac.cz\/?page_id=1392\">Sobakar, A. A.<\/a><\/p>\n<hr \/>\n<p><a href=\"https:\/\/veda.polac.cz\/?page_id=1394\"><strong>Bezpe\u010dnost leti\u0161t\u011b po 9\/11: P\u0159\u00edpad lond\u00fdnsk\u00e9ho leti\u0161t\u011b Heathrow\u00a0<\/strong><\/a><br \/>\nBc. Lud\u011bk Moravec<\/p>\n<hr \/>\n<p><a href=\"https:\/\/veda.polac.cz\/?page_id=1396\"><strong>Dobrovoln\u00e9 sdru\u017eov\u00e1n\u00ed osob za \u00fa\u010delem ochrany<\/strong><\/a><br \/>\nMgr. Michal Ku\u010dera, doc. JUDr. PhDr. Miroslav Mare\u0161, Ph.D.<\/p>\n<hr \/>\n<p><a href=\"https:\/\/veda.polac.cz\/?page_id=1398\"><strong>Vybran\u00e9 aspekty eduk\u00e1cie policajn\u00fdch mana\u017e\u00e9rov v kontexte aktu\u00e1lnych potrieb modernej spolo\u010dnosti<\/strong><\/a><br \/>\nIng. \u013dubica Bari\u010di\u010dov\u00e1, Ph.D.<\/p>\n<hr \/>\n<p><a href=\"https:\/\/veda.polac.cz\/?page_id=1400\"><strong>Od\u010derp\u00e1v\u00e1n\u00ed v\u00fdnos\u016f &#8211; integrovan\u00fd postup Krimin\u00e1lpolizaiinspektion mit Zentralafgaben Obervaly II.<\/strong><\/a><br \/>\npplk. JUDr. David Z\u00e1mek, JUDr. Jan Kur\u017eeja, Ph.D., Ing. Vratislav Dvo\u0159\u00e1k, Ph.D.<\/p>\n<hr \/>\n<p><a href=\"https:\/\/veda.polac.cz\/?page_id=1402\"><strong>Zem\u011b Z\u00e1padn\u00edho Balk\u00e1nu: slibn\u00fd partner pro spolupr\u00e1ci<\/strong><\/a><br \/>\n<strong>\u010c\u00e1st 1. Chorvatsko a Slovinsko<\/strong><br \/>\nMgr. Luk\u00e1\u0161 Harazin, Mgr. Old\u0159ich Krul\u00edk, Ph.D. , Ing. Alen Stranjik, prof. Ing. Bed\u0159ich \u0160est\u00e1k, DrSc.<\/p>\n<hr \/>\n<p><strong>V\u00fdvojov\u00e9 aspekty bezpe\u010dnostn\u00edho managementu v prost\u0159ed\u00ed rizik &#8211; virtu\u00e1ln\u00ed konference\u00a0<\/strong><br \/>\nIng. Milan Kn\u00fd, CSc.<\/p>\n<hr \/>\n<p><strong>Recenze publikace &#8222;Aktu\u00e1ln\u00ed pojet\u00ed a tendence bezpe\u010dnostn\u00edho managementu a informa\u010dn\u00ed bezpe\u010dnosti&#8220;<\/strong><br \/>\nMgr. Old\u0159ich Krul\u00edk, Ph.D., Mgr. Jaroslava Nov\u00e1kov\u00e1<\/p>\n<hr \/>\n<p><a href=\"https:\/\/veda.polac.cz\/?page_id=235\">Zp\u011bt<\/a><\/p>\n","protected":false},"excerpt":{"rendered":"<p>Hodnocen\u00ed p\u0159\u00edslu\u0161n\u00edk\u016f Policie \u010cesk\u00e9 republiky &#8211; v\u00fdstupy z v\u00fdzkumu realizovan\u00e9ho u studuj\u00edc\u00edch policist\u016f na PA \u010cR v Praze &#8211; 1. \u010d\u00e1st\u00a0 PhDr. Petr Jedin\u00e1k, Ph.D. Dr. Bc. J\u00e1n \u0160ug\u00e1r, CSc. Od z\u00e1vod\u016f ve zbrojen\u00ed k nov\u00e9 smlouv\u011b START\u00a0 JUDr. V\u00e1clav Mastn\u00fd Mo\u017en\u00e9 sm\u011bry bezpe\u010dnostn\u00ed spolupr\u00e1ce zem\u00ed Visegr\u00e1dsk\u00e9 skupiny PhDr. Libor Frank, Ph.D. Pojmov\u00e9 vymezen\u00ed organizovan\u00e9ho [&hellip;]<\/p>\n","protected":false},"author":2,"featured_media":0,"parent":235,"menu_order":25,"comment_status":"closed","ping_status":"closed","template":"","meta":{"footnotes":""},"class_list":["post-1362","page","type-page","status-publish","hentry"],"_links":{"self":[{"href":"https:\/\/veda.polac.cz\/index.php?rest_route=\/wp\/v2\/pages\/1362","targetHints":{"allow":["GET"]}}],"collection":[{"href":"https:\/\/veda.polac.cz\/index.php?rest_route=\/wp\/v2\/pages"}],"about":[{"href":"https:\/\/veda.polac.cz\/index.php?rest_route=\/wp\/v2\/types\/page"}],"author":[{"embeddable":true,"href":"https:\/\/veda.polac.cz\/index.php?rest_route=\/wp\/v2\/users\/2"}],"replies":[{"embeddable":true,"href":"https:\/\/veda.polac.cz\/index.php?rest_route=%2Fwp%2Fv2%2Fcomments&post=1362"}],"version-history":[{"count":3,"href":"https:\/\/veda.polac.cz\/index.php?rest_route=\/wp\/v2\/pages\/1362\/revisions"}],"predecessor-version":[{"id":2617,"href":"https:\/\/veda.polac.cz\/index.php?rest_route=\/wp\/v2\/pages\/1362\/revisions\/2617"}],"up":[{"embeddable":true,"href":"https:\/\/veda.polac.cz\/index.php?rest_route=\/wp\/v2\/pages\/235"}],"wp:attachment":[{"href":"https:\/\/veda.polac.cz\/index.php?rest_route=%2Fwp%2Fv2%2Fmedia&parent=1362"}],"curies":[{"name":"wp","href":"https:\/\/api.w.org\/{rel}","templated":true}]}}