{"id":1356,"date":"2018-09-15T23:01:56","date_gmt":"2018-09-15T23:01:56","guid":{"rendered":"http:\/\/veda.polac.cz\/?page_id=1356"},"modified":"2018-10-27T19:01:54","modified_gmt":"2018-10-27T19:01:54","slug":"12-2","status":"publish","type":"page","link":"https:\/\/veda.polac.cz\/?page_id=1356","title":{"rendered":""},"content":{"rendered":"<p style=\"text-align: center;\">Resum\u00e9 \u010dl\u00e1nku<\/p>\n<p><strong>Stru\u010dn\u00e9 zamy\u0161len\u00ed nad pojmy mana\u017eer a l\u00eddr<\/strong><br \/>\n<i>Ing. Kl\u00e1ra Horzinkov\u00e1<\/p>\n<p><\/i>Autorka se v tomto \u010dl\u00e1nku zab\u00fdv\u00e1 problematikou ch\u00e1p\u00e1n\u00ed rozd\u00edl\u016f mezi mana\u017eerem a l\u00eddrem. Popisuje n\u00e1vod, jak se st\u00e1t l\u00eddrem a sna\u017e\u00ed se vysv\u011btlit a rozebrat nejd\u016fle\u017eit\u011bj\u0161\u00ed vlastnost l\u00eddra jeho charisma a jeho vliv na okol\u00ed.<br \/>\n<strong>Kl\u00ed\u010dov\u00e1 slova:<\/strong>\u00a0leader, mana\u017eer, v\u016fdcovstv\u00ed, c\u00edl, charisma<\/p>\n<p><a href=\"https:\/\/veda.polac.cz\/?page_id=1332\">02\/2011<\/a><\/p>\n<p>&nbsp;<\/p>\n<p>&nbsp;<\/p>\n","protected":false},"excerpt":{"rendered":"<p>Resum\u00e9 \u010dl\u00e1nku Stru\u010dn\u00e9 zamy\u0161len\u00ed nad pojmy mana\u017eer a l\u00eddr Ing. Kl\u00e1ra Horzinkov\u00e1 Autorka se v tomto \u010dl\u00e1nku zab\u00fdv\u00e1 problematikou ch\u00e1p\u00e1n\u00ed rozd\u00edl\u016f mezi mana\u017eerem a l\u00eddrem. Popisuje n\u00e1vod, jak se st\u00e1t l\u00eddrem a sna\u017e\u00ed se vysv\u011btlit a rozebrat nejd\u016fle\u017eit\u011bj\u0161\u00ed vlastnost l\u00eddra jeho charisma a jeho vliv na okol\u00ed. Kl\u00ed\u010dov\u00e1 slova:\u00a0leader, mana\u017eer, v\u016fdcovstv\u00ed, c\u00edl, charisma 02\/2011 &nbsp; [&hellip;]<\/p>\n","protected":false},"author":2,"featured_media":0,"parent":1332,"menu_order":12,"comment_status":"closed","ping_status":"closed","template":"","meta":{"footnotes":""},"class_list":["post-1356","page","type-page","status-publish","hentry"],"_links":{"self":[{"href":"https:\/\/veda.polac.cz\/index.php?rest_route=\/wp\/v2\/pages\/1356","targetHints":{"allow":["GET"]}}],"collection":[{"href":"https:\/\/veda.polac.cz\/index.php?rest_route=\/wp\/v2\/pages"}],"about":[{"href":"https:\/\/veda.polac.cz\/index.php?rest_route=\/wp\/v2\/types\/page"}],"author":[{"embeddable":true,"href":"https:\/\/veda.polac.cz\/index.php?rest_route=\/wp\/v2\/users\/2"}],"replies":[{"embeddable":true,"href":"https:\/\/veda.polac.cz\/index.php?rest_route=%2Fwp%2Fv2%2Fcomments&post=1356"}],"version-history":[{"count":2,"href":"https:\/\/veda.polac.cz\/index.php?rest_route=\/wp\/v2\/pages\/1356\/revisions"}],"predecessor-version":[{"id":1370,"href":"https:\/\/veda.polac.cz\/index.php?rest_route=\/wp\/v2\/pages\/1356\/revisions\/1370"}],"up":[{"embeddable":true,"href":"https:\/\/veda.polac.cz\/index.php?rest_route=\/wp\/v2\/pages\/1332"}],"wp:attachment":[{"href":"https:\/\/veda.polac.cz\/index.php?rest_route=%2Fwp%2Fv2%2Fmedia&parent=1356"}],"curies":[{"name":"wp","href":"https:\/\/api.w.org\/{rel}","templated":true}]}}