{"id":1350,"date":"2018-09-15T22:58:24","date_gmt":"2018-09-15T22:58:24","guid":{"rendered":"http:\/\/veda.polac.cz\/?page_id=1350"},"modified":"2018-10-27T19:01:28","modified_gmt":"2018-10-27T19:01:28","slug":"9-2-14","status":"publish","type":"page","link":"https:\/\/veda.polac.cz\/?page_id=1350","title":{"rendered":""},"content":{"rendered":"<p style=\"text-align: center;\">Resum\u00e9 \u010dl\u00e1nku<\/p>\n<p><strong>N\u011bkolik pozn\u00e1mek k procesn\u00edmu postaven\u00ed mladistv\u00e9ho jako obvin\u011bn\u00e9ho v p\u0159estupkov\u00e9m \u0159\u00edzen\u00ed<\/strong><br \/>\n<i>doc. JUDr. Eva Horzinkov\u00e1, Ph.D.<\/p>\n<p><\/i>V \u0159\u00edzen\u00ed o p\u0159estupku, kde je obvin\u011bn\u00fdm z p\u0159estupku mladistv\u00fd (tedy osoba, kter\u00e1 v dob\u011b sp\u00e1ch\u00e1n\u00ed p\u0159estupku dovr\u0161ila patn\u00e1ct\u00fd rok a nep\u0159ekro\u010dila osmn\u00e1ct\u00fd rok sv\u00e9ho v\u011bku), plat\u00ed ur\u010dit\u00e9 odli\u0161nosti od \u0159\u00edzen\u00ed veden\u00e9ho s osobou, kter\u00e1 ji\u017e dovr\u0161ila osmn\u00e1ct\u00fd rok v\u011bku (\u00a7 19, \u00a7 74 odst. 2 a \u00a7 81 odst. 1 z\u00e1kona o p\u0159estupc\u00edch). Autorka se t\u011bmito odli\u0161nostmi zab\u00fdv\u00e1 a sou\u010dasn\u011b vymezuje i postaven\u00ed dal\u0161\u00edch osob v tomto zvl\u00e1\u0161tn\u00edm druhu spr\u00e1vn\u00edho \u0159\u00edzen\u00ed.<br \/>\n<strong>Kl\u00ed\u010dov\u00e1 slova:<\/strong>\u00a0p\u0159estupkov\u00e9 \u0159\u00edzen\u00ed, mladistv\u00ed.<\/p>\n<p><a href=\"https:\/\/veda.polac.cz\/?page_id=1332\">02\/2011<\/a><\/p>\n","protected":false},"excerpt":{"rendered":"<p>Resum\u00e9 \u010dl\u00e1nku N\u011bkolik pozn\u00e1mek k procesn\u00edmu postaven\u00ed mladistv\u00e9ho jako obvin\u011bn\u00e9ho v p\u0159estupkov\u00e9m \u0159\u00edzen\u00ed doc. JUDr. Eva Horzinkov\u00e1, Ph.D. V \u0159\u00edzen\u00ed o p\u0159estupku, kde je obvin\u011bn\u00fdm z p\u0159estupku mladistv\u00fd (tedy osoba, kter\u00e1 v dob\u011b sp\u00e1ch\u00e1n\u00ed p\u0159estupku dovr\u0161ila patn\u00e1ct\u00fd rok a nep\u0159ekro\u010dila osmn\u00e1ct\u00fd rok sv\u00e9ho v\u011bku), plat\u00ed ur\u010dit\u00e9 odli\u0161nosti od \u0159\u00edzen\u00ed veden\u00e9ho s osobou, kter\u00e1 ji\u017e dovr\u0161ila [&hellip;]<\/p>\n","protected":false},"author":2,"featured_media":0,"parent":0,"menu_order":9,"comment_status":"closed","ping_status":"closed","template":"","meta":{"footnotes":""},"class_list":["post-1350","page","type-page","status-publish","hentry"],"_links":{"self":[{"href":"https:\/\/veda.polac.cz\/index.php?rest_route=\/wp\/v2\/pages\/1350","targetHints":{"allow":["GET"]}}],"collection":[{"href":"https:\/\/veda.polac.cz\/index.php?rest_route=\/wp\/v2\/pages"}],"about":[{"href":"https:\/\/veda.polac.cz\/index.php?rest_route=\/wp\/v2\/types\/page"}],"author":[{"embeddable":true,"href":"https:\/\/veda.polac.cz\/index.php?rest_route=\/wp\/v2\/users\/2"}],"replies":[{"embeddable":true,"href":"https:\/\/veda.polac.cz\/index.php?rest_route=%2Fwp%2Fv2%2Fcomments&post=1350"}],"version-history":[{"count":2,"href":"https:\/\/veda.polac.cz\/index.php?rest_route=\/wp\/v2\/pages\/1350\/revisions"}],"predecessor-version":[{"id":1367,"href":"https:\/\/veda.polac.cz\/index.php?rest_route=\/wp\/v2\/pages\/1350\/revisions\/1367"}],"wp:attachment":[{"href":"https:\/\/veda.polac.cz\/index.php?rest_route=%2Fwp%2Fv2%2Fmedia&parent=1350"}],"curies":[{"name":"wp","href":"https:\/\/api.w.org\/{rel}","templated":true}]}}