{"id":135,"date":"2018-09-07T15:14:54","date_gmt":"2018-09-07T15:14:54","guid":{"rendered":"http:\/\/veda.polac.cz\/?page_id=135"},"modified":"2018-11-02T22:17:15","modified_gmt":"2018-11-02T22:17:15","slug":"resume-2-02-18","status":"publish","type":"page","link":"https:\/\/veda.polac.cz\/?page_id=135","title":{"rendered":""},"content":{"rendered":"<p style=\"text-align: center;\">Resum\u00e9 \u010dl\u00e1nku<\/p>\n<p><strong>Trestanie pr\u00edslu\u0161n\u00edkov Policajn\u00e9ho zboru v kontexte z\u00e1sady ne bis in idem<\/strong><br \/>\n<em>mjr. JUDr. Mgr. Janka Ha\u0161anov\u00e1, PhD., Akad\u00e9mia Policajn\u00e9ho zboru v Bratislave<\/em><br \/>\n<em>katedra spr\u00e1vneho pr\u00e1va<\/em><\/p>\n<p>Pr\u00edspevok sa zaober\u00e1 protipr\u00e1vnym konan\u00edm pr\u00edslu\u0161n\u00edkov Policajn\u00e9ho zboru z h\u013eadiska princ\u00edpu ne bis in idem. Rie\u0161i, \u010di je mo\u017en\u00e9 za jedno konanie osobu postihn\u00fa\u0165 dvakr\u00e1t, a to jednak za spr\u00e1vny disciplin\u00e1rny delikt, a jednak za priestupok, za in\u00fd spr\u00e1vny delikt fyzickej osoby postihovan\u00fd na z\u00e1klade zavinenia, za spr\u00e1vny poriadkov\u00fd delikt alebo za trestn\u00fd \u010din. Pr\u00edspevok poukazuje aj na judikat\u00faru Eur\u00f3pskeho s\u00fadu pre \u013eudsk\u00e9 pr\u00e1va v analyzovanej problematike.<br \/>\n<strong>K\u013e\u00fa\u010dov\u00e9 slov\u00e1:<\/strong>\u00a0Policajn\u00fd zbor, spr\u00e1vny delikt, priestupok, disciplin\u00e1rne previnenie, disciplin\u00e1rne opatrenie, spr\u00e1vne trestanie.<\/p>\n<p><a href=\"https:\/\/veda.polac.cz\/wp-content\/uploads\/2018\/11\/0218Trestanie-pr\u00edslu\u0161n\u00edkov-Policajn\u00e9ho-zboru-v-kontexte-z\u00e1sady-ne-bis-in-idem.pdf\">Pdf form\u00e1t<\/a><\/p>\n<p><a href=\"https:\/\/veda.polac.cz\/?page_id=81\">02\/2018<\/a><\/p>\n","protected":false},"excerpt":{"rendered":"<p>Resum\u00e9 \u010dl\u00e1nku Trestanie pr\u00edslu\u0161n\u00edkov Policajn\u00e9ho zboru v kontexte z\u00e1sady ne bis in idem mjr. JUDr. Mgr. Janka Ha\u0161anov\u00e1, PhD., Akad\u00e9mia Policajn\u00e9ho zboru v Bratislave katedra spr\u00e1vneho pr\u00e1va Pr\u00edspevok sa zaober\u00e1 protipr\u00e1vnym konan\u00edm pr\u00edslu\u0161n\u00edkov Policajn\u00e9ho zboru z h\u013eadiska princ\u00edpu ne bis in idem. Rie\u0161i, \u010di je mo\u017en\u00e9 za jedno konanie osobu postihn\u00fa\u0165 dvakr\u00e1t, a to jednak [&hellip;]<\/p>\n","protected":false},"author":2,"featured_media":0,"parent":81,"menu_order":2,"comment_status":"closed","ping_status":"closed","template":"","meta":{"footnotes":""},"class_list":["post-135","page","type-page","status-publish","hentry"],"_links":{"self":[{"href":"https:\/\/veda.polac.cz\/index.php?rest_route=\/wp\/v2\/pages\/135","targetHints":{"allow":["GET"]}}],"collection":[{"href":"https:\/\/veda.polac.cz\/index.php?rest_route=\/wp\/v2\/pages"}],"about":[{"href":"https:\/\/veda.polac.cz\/index.php?rest_route=\/wp\/v2\/types\/page"}],"author":[{"embeddable":true,"href":"https:\/\/veda.polac.cz\/index.php?rest_route=\/wp\/v2\/users\/2"}],"replies":[{"embeddable":true,"href":"https:\/\/veda.polac.cz\/index.php?rest_route=%2Fwp%2Fv2%2Fcomments&post=135"}],"version-history":[{"count":8,"href":"https:\/\/veda.polac.cz\/index.php?rest_route=\/wp\/v2\/pages\/135\/revisions"}],"predecessor-version":[{"id":2143,"href":"https:\/\/veda.polac.cz\/index.php?rest_route=\/wp\/v2\/pages\/135\/revisions\/2143"}],"up":[{"embeddable":true,"href":"https:\/\/veda.polac.cz\/index.php?rest_route=\/wp\/v2\/pages\/81"}],"wp:attachment":[{"href":"https:\/\/veda.polac.cz\/index.php?rest_route=%2Fwp%2Fv2%2Fmedia&parent=135"}],"curies":[{"name":"wp","href":"https:\/\/api.w.org\/{rel}","templated":true}]}}