{"id":1348,"date":"2018-09-15T22:57:20","date_gmt":"2018-09-15T22:57:20","guid":{"rendered":"http:\/\/veda.polac.cz\/?page_id=1348"},"modified":"2018-10-27T19:01:28","modified_gmt":"2018-10-27T19:01:28","slug":"8-2-14","status":"publish","type":"page","link":"https:\/\/veda.polac.cz\/?page_id=1348","title":{"rendered":""},"content":{"rendered":"<p style=\"text-align: center;\">Resum\u00e9 \u010dl\u00e1nku<\/p>\n<p><strong>Hodnocen\u00ed p\u0159\u00edslu\u0161n\u00edk\u016f Policie \u010cesk\u00e9 republiky &#8211; v\u00fdstupy z v\u00fdzkumu realizovan\u00e9ho u studuj\u00edc\u00edch policist\u016f na PA \u010cR v Praze (2. \u010d\u00e1st)<\/strong><br \/>\n<i>PhDr. Petr Jedin\u00e1k, Ph.D., Dr. Bc. J\u00e1n \u0160ug\u00e1r, CSc.<\/p>\n<p><\/i>P\u0159\u00edsp\u011bvek je rozd\u011blen na dv\u011b \u010d\u00e1sti. Prvn\u00ed se zab\u00fdv\u00e1 metodikou slu\u017eebn\u00edho hodnocen\u00ed p\u0159\u00edslu\u0161n\u00edk\u016f Policie \u010cesk\u00e9 republiky. Vlastn\u00ed metodika policist\u016f se skl\u00e1d\u00e1 z p\u011bti metod. V \u010dl\u00e1nku jsou p\u0159edstaveny dv\u011b z nich &#8211; metodika posouzen\u00ed kl\u00ed\u010dov\u00fdch oblast\u00ed pro v\u00fdkon profese hodnotitelem a metodika sebehodnocen\u00ed kl\u00ed\u010dov\u00fdch oblast\u00ed pro v\u00fdkon profese hodnocen\u00fdm. V druh\u00e9 \u010d\u00e1sti p\u0159\u00edsp\u011bvku jsou uvedeny v\u00fdstupy z proveden\u00e9ho v\u00fdzkumu k hodnocen\u00ed policist\u016f, konkr\u00e9tn\u011b zam\u011b\u0159en\u00e9 na v\u00fd\u0161e zm\u00edn\u011bn\u00e9 metodiky. V\u00fdzkum byl realizov\u00e1n na Policejn\u00ed akademii \u010cesk\u00e9 republiky v Praze v roce 2010.<br \/>\n<strong>Kl\u00ed\u010dov\u00e1 slova:<\/strong>\u00a0metodika sebehodnocen\u00ed, kl\u00ed\u010dov\u00e9 oblasti, profesion\u00e1ln\u00ed chov\u00e1n\u00ed policist\u016f.<\/p>\n<p><a href=\"https:\/\/veda.polac.cz\/?page_id=1332\">02\/2011<\/a><\/p>\n","protected":false},"excerpt":{"rendered":"<p>Resum\u00e9 \u010dl\u00e1nku Hodnocen\u00ed p\u0159\u00edslu\u0161n\u00edk\u016f Policie \u010cesk\u00e9 republiky &#8211; v\u00fdstupy z v\u00fdzkumu realizovan\u00e9ho u studuj\u00edc\u00edch policist\u016f na PA \u010cR v Praze (2. \u010d\u00e1st) PhDr. Petr Jedin\u00e1k, Ph.D., Dr. Bc. J\u00e1n \u0160ug\u00e1r, CSc. P\u0159\u00edsp\u011bvek je rozd\u011blen na dv\u011b \u010d\u00e1sti. Prvn\u00ed se zab\u00fdv\u00e1 metodikou slu\u017eebn\u00edho hodnocen\u00ed p\u0159\u00edslu\u0161n\u00edk\u016f Policie \u010cesk\u00e9 republiky. Vlastn\u00ed metodika policist\u016f se skl\u00e1d\u00e1 z p\u011bti metod. [&hellip;]<\/p>\n","protected":false},"author":2,"featured_media":0,"parent":0,"menu_order":8,"comment_status":"closed","ping_status":"closed","template":"","meta":{"footnotes":""},"class_list":["post-1348","page","type-page","status-publish","hentry"],"_links":{"self":[{"href":"https:\/\/veda.polac.cz\/index.php?rest_route=\/wp\/v2\/pages\/1348","targetHints":{"allow":["GET"]}}],"collection":[{"href":"https:\/\/veda.polac.cz\/index.php?rest_route=\/wp\/v2\/pages"}],"about":[{"href":"https:\/\/veda.polac.cz\/index.php?rest_route=\/wp\/v2\/types\/page"}],"author":[{"embeddable":true,"href":"https:\/\/veda.polac.cz\/index.php?rest_route=\/wp\/v2\/users\/2"}],"replies":[{"embeddable":true,"href":"https:\/\/veda.polac.cz\/index.php?rest_route=%2Fwp%2Fv2%2Fcomments&post=1348"}],"version-history":[{"count":2,"href":"https:\/\/veda.polac.cz\/index.php?rest_route=\/wp\/v2\/pages\/1348\/revisions"}],"predecessor-version":[{"id":1366,"href":"https:\/\/veda.polac.cz\/index.php?rest_route=\/wp\/v2\/pages\/1348\/revisions\/1366"}],"wp:attachment":[{"href":"https:\/\/veda.polac.cz\/index.php?rest_route=%2Fwp%2Fv2%2Fmedia&parent=1348"}],"curies":[{"name":"wp","href":"https:\/\/api.w.org\/{rel}","templated":true}]}}