{"id":1346,"date":"2018-09-15T22:56:33","date_gmt":"2018-09-15T22:56:33","guid":{"rendered":"http:\/\/veda.polac.cz\/?page_id=1346"},"modified":"2018-10-27T18:59:42","modified_gmt":"2018-10-27T18:59:42","slug":"7-2-7","status":"publish","type":"page","link":"https:\/\/veda.polac.cz\/?page_id=1346","title":{"rendered":""},"content":{"rendered":"<p style=\"text-align: center;\">Resum\u00e9 \u010dl\u00e1nku<\/p>\n<p><strong>Od\u010derp\u00e1v\u00e1n\u00ed v\u00fdnos\u016f &#8211; integrovan\u00fd postup Krimin\u00e1lpolizaiinspektion mit Zentralafgaben Obervaly. \u010c\u00e1st III<\/strong>.<br \/>\n<i>pplk. JUDr. David Z\u00e1mek, JUDr. Jan Kur\u017eeja, Ph.D., Ing. Vratislav Dvo\u0159\u00e1k, Ph.D.<\/p>\n<p><\/i>Tato t\u0159et\u00ed \u010d\u00e1st analytick\u00e9 studie navazuje na v\u00fdzkumn\u00fd projekt programu &#8222;Bezpe\u010dnostn\u00ed v\u00fdzkum&#8220; VD20072010B19. Studie je zam\u011b\u0159ena na aktu\u00e1ln\u00ed legislativn\u00ed mo\u017enosti zaji\u0161\u0165ov\u00e1n\u00ed od\u010derp\u00e1v\u00e1n\u00ed majetku a v\u00fdnos\u016f z trestn\u00e9 \u010dinnosti v SRN. \u00da\u010delem anal\u00fdzy je v souladu s pr\u00e1vem Evropsk\u00fdch spole\u010denstv\u00ed zhodnotit st\u00e1vaj\u00edc\u00ed legislativn\u00ed opat\u0159en\u00ed proti legalizaci v\u00fdnos\u016f z trestn\u00e9 \u010dinnosti v r\u00e1mci tamn\u00ed pr\u00e1vn\u00ed \u00fapravy (z\u00e1kon o prevenci pran\u00ed pen\u011bz a financov\u00e1n\u00ed terorismu). Tato \u010d\u00e1st studie tak\u00e9 vyhodnocuje a shrnuje mo\u017enosti org\u00e1n\u016f \u010dinn\u00fdch v trestn\u00edm \u0159\u00edzen\u00ed a v n\u00e1vaznosti rozpracovan\u00e9 legislativn\u00ed opat\u0159en\u00ed a \u010dinnosti z neleg\u00e1ln\u00edho majetkov\u00e9ho prosp\u011bchu &#8211; bezd\u016fvodn\u00e9ho obohacen\u00ed &#8211; v z\u00e1vislosti na poru\u0161en\u00ed i jin\u00fdch ne\u017e trestn\u011b pr\u00e1vn\u00edch norem.<br \/>\n<strong>Kl\u00ed\u010dov\u00e1 slova:<\/strong>\u00a0Majetkov\u00fd prosp\u011bch, zdrojov\u00e1 kriminalita, v\u00fdnos z trestn\u00e9 \u010dinnosti, zaji\u0161\u0165ovac\u00ed instituty a \u00fakony, konfiskace, zmra\u017een\u00ed a zadr\u017een\u00ed v\u00fdt\u011b\u017ek\u016f, propadnut\u00ed v\u011bci, odn\u011bt\u00ed v\u011bci, legalizace v\u00fdnos\u016f z trestn\u00e9 \u010dinnosti, pran\u00ed \u0161pinav\u00fdch pen\u011bz.<\/p>\n<p><a href=\"https:\/\/veda.polac.cz\/?page_id=1332\">02\/2011<\/a><\/p>\n","protected":false},"excerpt":{"rendered":"<p>Resum\u00e9 \u010dl\u00e1nku Od\u010derp\u00e1v\u00e1n\u00ed v\u00fdnos\u016f &#8211; integrovan\u00fd postup Krimin\u00e1lpolizaiinspektion mit Zentralafgaben Obervaly. \u010c\u00e1st III. pplk. JUDr. David Z\u00e1mek, JUDr. Jan Kur\u017eeja, Ph.D., Ing. Vratislav Dvo\u0159\u00e1k, Ph.D. Tato t\u0159et\u00ed \u010d\u00e1st analytick\u00e9 studie navazuje na v\u00fdzkumn\u00fd projekt programu &#8222;Bezpe\u010dnostn\u00ed v\u00fdzkum&#8220; VD20072010B19. Studie je zam\u011b\u0159ena na aktu\u00e1ln\u00ed legislativn\u00ed mo\u017enosti zaji\u0161\u0165ov\u00e1n\u00ed od\u010derp\u00e1v\u00e1n\u00ed majetku a v\u00fdnos\u016f z trestn\u00e9 \u010dinnosti v SRN. [&hellip;]<\/p>\n","protected":false},"author":2,"featured_media":0,"parent":0,"menu_order":7,"comment_status":"closed","ping_status":"closed","template":"","meta":{"footnotes":""},"class_list":["post-1346","page","type-page","status-publish","hentry"],"_links":{"self":[{"href":"https:\/\/veda.polac.cz\/index.php?rest_route=\/wp\/v2\/pages\/1346","targetHints":{"allow":["GET"]}}],"collection":[{"href":"https:\/\/veda.polac.cz\/index.php?rest_route=\/wp\/v2\/pages"}],"about":[{"href":"https:\/\/veda.polac.cz\/index.php?rest_route=\/wp\/v2\/types\/page"}],"author":[{"embeddable":true,"href":"https:\/\/veda.polac.cz\/index.php?rest_route=\/wp\/v2\/users\/2"}],"replies":[{"embeddable":true,"href":"https:\/\/veda.polac.cz\/index.php?rest_route=%2Fwp%2Fv2%2Fcomments&post=1346"}],"version-history":[{"count":2,"href":"https:\/\/veda.polac.cz\/index.php?rest_route=\/wp\/v2\/pages\/1346\/revisions"}],"predecessor-version":[{"id":1365,"href":"https:\/\/veda.polac.cz\/index.php?rest_route=\/wp\/v2\/pages\/1346\/revisions\/1365"}],"wp:attachment":[{"href":"https:\/\/veda.polac.cz\/index.php?rest_route=%2Fwp%2Fv2%2Fmedia&parent=1346"}],"curies":[{"name":"wp","href":"https:\/\/api.w.org\/{rel}","templated":true}]}}