{"id":1344,"date":"2018-09-15T22:55:43","date_gmt":"2018-09-15T22:55:43","guid":{"rendered":"http:\/\/veda.polac.cz\/?page_id=1344"},"modified":"2018-10-27T18:59:42","modified_gmt":"2018-10-27T18:59:42","slug":"6-2-7","status":"publish","type":"page","link":"https:\/\/veda.polac.cz\/?page_id=1344","title":{"rendered":""},"content":{"rendered":"<p style=\"text-align: center;\">Resum\u00e9 \u010dl\u00e1nku<\/p>\n<p><strong>Teoreticko-metodologick\u00e1 v\u00fdchodiska k v\u00fdzkumu negativn\u00edch soci\u00e1ln\u00edch jev\u016f velk\u00e9ho rozsahu<\/strong><br \/>\n<i>Mgr. Lenka Burdov\u00e1, Dr. Bc. J\u00e1n \u0160ug\u00e1r, CSc.<\/p>\n<p><\/i>P\u0159\u00edsp\u011bvek tematizuje problematiku negativn\u00edch soci\u00e1ln\u00edch jev\u016f velk\u00e9 intenzity, kter\u00e9 se na \u00fazem\u00ed \u010cesk\u00e9 republiky za ur\u010dit\u00fdch okolnost\u00ed mohou manifestovat v podob\u011b sociogenn\u00edch mimo\u0159\u00e1dn\u00fdch ud\u00e1lost\u00ed. Auto\u0159i p\u0159\u00edsp\u011bvku zde shrnuj\u00ed v\u00fdsledky kvantitativn\u011b zam\u011b\u0159en\u00e9 f\u00e1ze empirick\u00e9ho \u0161et\u0159en\u00ed s c\u00edlem potvrdit \u010di vyvr\u00e1tit existenci typick\u00fdch indik\u00e1tor\u016f vybran\u00fdch sociogenn\u00edch mimo\u0159\u00e1dn\u00fdch ud\u00e1lost\u00ed, tedy takov\u00fdch znak\u016f v soci\u00e1ln\u00ed realit\u011b, kter\u00e9 upozor\u0148uj\u00ed na vznik konkr\u00e9tn\u00ed sociogenn\u00ed mimo\u0159\u00e1dn\u00e9 ud\u00e1losti, pop\u0159. jej\u00ed genezi ve vz\u00e1jemn\u00e9 korelaci predikuj\u00ed. A z\u00e1rove\u0148 nasti\u0148uj\u00ed dal\u0161\u00ed sm\u011br v\u00fdvoje v\u00fdzkumu v podob\u011b kvalitativn\u00ed anal\u00fdzy vytypovan\u00fdch sociogenn\u00edch mimo\u0159\u00e1dn\u00fdch ud\u00e1lost\u00ed na z\u00e1klad\u011b p\u0159ijat\u00e9ho algoritmu.<br \/>\n<strong>Kl\u00ed\u010dov\u00e1 slova:<\/strong>\u00a0algoritmus, indik\u00e1tor, kvalitativn\u00ed anal\u00fdza, sociogenn\u00ed mimo\u0159\u00e1dn\u00e1 ud\u00e1lost.<i><br \/>\n<\/i><\/p>\n<p><a href=\"https:\/\/veda.polac.cz\/?page_id=1332\">02\/2011<\/a><\/p>\n","protected":false},"excerpt":{"rendered":"<p>Resum\u00e9 \u010dl\u00e1nku Teoreticko-metodologick\u00e1 v\u00fdchodiska k v\u00fdzkumu negativn\u00edch soci\u00e1ln\u00edch jev\u016f velk\u00e9ho rozsahu Mgr. Lenka Burdov\u00e1, Dr. Bc. J\u00e1n \u0160ug\u00e1r, CSc. P\u0159\u00edsp\u011bvek tematizuje problematiku negativn\u00edch soci\u00e1ln\u00edch jev\u016f velk\u00e9 intenzity, kter\u00e9 se na \u00fazem\u00ed \u010cesk\u00e9 republiky za ur\u010dit\u00fdch okolnost\u00ed mohou manifestovat v podob\u011b sociogenn\u00edch mimo\u0159\u00e1dn\u00fdch ud\u00e1lost\u00ed. Auto\u0159i p\u0159\u00edsp\u011bvku zde shrnuj\u00ed v\u00fdsledky kvantitativn\u011b zam\u011b\u0159en\u00e9 f\u00e1ze empirick\u00e9ho \u0161et\u0159en\u00ed s c\u00edlem [&hellip;]<\/p>\n","protected":false},"author":2,"featured_media":0,"parent":0,"menu_order":6,"comment_status":"closed","ping_status":"closed","template":"","meta":{"footnotes":""},"class_list":["post-1344","page","type-page","status-publish","hentry"],"_links":{"self":[{"href":"https:\/\/veda.polac.cz\/index.php?rest_route=\/wp\/v2\/pages\/1344","targetHints":{"allow":["GET"]}}],"collection":[{"href":"https:\/\/veda.polac.cz\/index.php?rest_route=\/wp\/v2\/pages"}],"about":[{"href":"https:\/\/veda.polac.cz\/index.php?rest_route=\/wp\/v2\/types\/page"}],"author":[{"embeddable":true,"href":"https:\/\/veda.polac.cz\/index.php?rest_route=\/wp\/v2\/users\/2"}],"replies":[{"embeddable":true,"href":"https:\/\/veda.polac.cz\/index.php?rest_route=%2Fwp%2Fv2%2Fcomments&post=1344"}],"version-history":[{"count":2,"href":"https:\/\/veda.polac.cz\/index.php?rest_route=\/wp\/v2\/pages\/1344\/revisions"}],"predecessor-version":[{"id":1377,"href":"https:\/\/veda.polac.cz\/index.php?rest_route=\/wp\/v2\/pages\/1344\/revisions\/1377"}],"wp:attachment":[{"href":"https:\/\/veda.polac.cz\/index.php?rest_route=%2Fwp%2Fv2%2Fmedia&parent=1344"}],"curies":[{"name":"wp","href":"https:\/\/api.w.org\/{rel}","templated":true}]}}