{"id":1342,"date":"2018-09-15T22:54:56","date_gmt":"2018-09-15T22:54:56","guid":{"rendered":"http:\/\/veda.polac.cz\/?page_id=1342"},"modified":"2018-10-27T18:59:42","modified_gmt":"2018-10-27T18:59:42","slug":"5-2-7","status":"publish","type":"page","link":"https:\/\/veda.polac.cz\/?page_id=1342","title":{"rendered":""},"content":{"rendered":"<p style=\"text-align: center;\">Resum\u00e9 \u010dl\u00e1nku<\/p>\n<p><strong>Psychologick\u00fd profil hackera<\/strong><br \/>\n<i>JUDr. Petr Vo\u0159\u00ed\u0161ek<\/p>\n<p><\/i>Autor se v p\u0159\u00edsp\u011bvku zab\u00fdv\u00e1 z\u00e1kladn\u00ed problematikou a typologi\u00ed &#8222;hacker\u016f&#8220;, a to zejm\u00e9na s ohledem na psychologick\u00fd profil pachatele.<br \/>\n<strong>Kl\u00ed\u010dov\u00e1 slova:<\/strong>\u00a0hacker, psychologick\u00e9 profilov\u00e1n\u00ed, motiv, motivace, typologie<\/p>\n<p><a href=\"https:\/\/veda.polac.cz\/?page_id=1332\">02\/2011<\/a><\/p>\n","protected":false},"excerpt":{"rendered":"<p>Resum\u00e9 \u010dl\u00e1nku Psychologick\u00fd profil hackera JUDr. Petr Vo\u0159\u00ed\u0161ek Autor se v p\u0159\u00edsp\u011bvku zab\u00fdv\u00e1 z\u00e1kladn\u00ed problematikou a typologi\u00ed &#8222;hacker\u016f&#8220;, a to zejm\u00e9na s ohledem na psychologick\u00fd profil pachatele. Kl\u00ed\u010dov\u00e1 slova:\u00a0hacker, psychologick\u00e9 profilov\u00e1n\u00ed, motiv, motivace, typologie 02\/2011<\/p>\n","protected":false},"author":2,"featured_media":0,"parent":0,"menu_order":5,"comment_status":"closed","ping_status":"closed","template":"","meta":{"footnotes":""},"class_list":["post-1342","page","type-page","status-publish","hentry"],"_links":{"self":[{"href":"https:\/\/veda.polac.cz\/index.php?rest_route=\/wp\/v2\/pages\/1342","targetHints":{"allow":["GET"]}}],"collection":[{"href":"https:\/\/veda.polac.cz\/index.php?rest_route=\/wp\/v2\/pages"}],"about":[{"href":"https:\/\/veda.polac.cz\/index.php?rest_route=\/wp\/v2\/types\/page"}],"author":[{"embeddable":true,"href":"https:\/\/veda.polac.cz\/index.php?rest_route=\/wp\/v2\/users\/2"}],"replies":[{"embeddable":true,"href":"https:\/\/veda.polac.cz\/index.php?rest_route=%2Fwp%2Fv2%2Fcomments&post=1342"}],"version-history":[{"count":2,"href":"https:\/\/veda.polac.cz\/index.php?rest_route=\/wp\/v2\/pages\/1342\/revisions"}],"predecessor-version":[{"id":1376,"href":"https:\/\/veda.polac.cz\/index.php?rest_route=\/wp\/v2\/pages\/1342\/revisions\/1376"}],"wp:attachment":[{"href":"https:\/\/veda.polac.cz\/index.php?rest_route=%2Fwp%2Fv2%2Fmedia&parent=1342"}],"curies":[{"name":"wp","href":"https:\/\/api.w.org\/{rel}","templated":true}]}}