{"id":1338,"date":"2018-09-15T22:53:10","date_gmt":"2018-09-15T22:53:10","guid":{"rendered":"http:\/\/veda.polac.cz\/?page_id=1338"},"modified":"2018-10-27T18:59:42","modified_gmt":"2018-10-27T18:59:42","slug":"3-2-8","status":"publish","type":"page","link":"https:\/\/veda.polac.cz\/?page_id=1338","title":{"rendered":""},"content":{"rendered":"<p style=\"text-align: center;\">Resum\u00e9 \u010dl\u00e1nku<\/p>\n<p><strong>Biometrick\u00fd syst\u00e9m v r\u00e1mci forenzn\u00ed daktyloskopie &#8211; AFIS BIS<\/strong><br \/>\n<i>prof. PhDr. Ji\u0159\u00ed Straus, DrSc., Dagmar Slobodzianov\u00e1<\/p>\n<p><\/i>\u010cl\u00e1nek popisuje princip nov\u00e9ho identifika\u010dn\u00edho syst\u00e9mu v daktyloskopii. Nov\u00e9 identifika\u010dn\u00ed syst\u00e9my jsou v posledn\u00edch letech ozna\u010dov\u00e1ny jako biometrick\u00e9. Jsou postaveny na jednotn\u00e9m z\u00e1kladn\u00edm principu identifika\u010dn\u00ed biometrie (BIS). Ozna\u010den\u00ed biometrick\u00e9 slou\u017e\u00ed sp\u00ed\u0161e ke komer\u010dn\u00edm \u00fa\u010del\u016fm. AFIS 2000 se po upgrade honos\u00ed t\u00e9\u017e roz\u0161\u00ed\u0159en\u00fdm n\u00e1zvem AFIS BIS. V p\u0159\u00edpad\u011b AFIS BIS je z\u00e1kladem identifikace osoby biometrika v podob\u011b z\u00e1kon\u016f v\u011bdn\u00edho oboru daktyloskopie. Nov\u00fd AFIS BIS zautomatizuje st\u00e1vaj\u00edc\u00ed procesy a podpo\u0159\u00ed vz\u00e1jemnou funkceschopnost s dal\u0161\u00edmi extern\u00edmi syst\u00e9my. AFIS BIS p\u0159in\u00e1\u0161\u00ed v\u00fdhody stavebnicov\u00e9ho syst\u00e9mu a jeho datab\u00e1ze. Syst\u00e9m m\u016f\u017ee pracovat a vyhodnocovat vlo\u017een\u00e9 \u00fadaje i bez \u00fa\u010dasti \u010dlov\u011bka.<br \/>\n<strong>Kl\u00ed\u010dov\u00e1 slova:<\/strong>\u00a0forenzn\u00ed daktyloskopie, biometrick\u00fd syst\u00e9m, biometrick\u00e1 identifikace, daktyloskopick\u00e1 karta, identifikace osoby<\/p>\n<p><a href=\"https:\/\/veda.polac.cz\/?page_id=1332\">02\/2011<\/a><\/p>\n","protected":false},"excerpt":{"rendered":"<p>Resum\u00e9 \u010dl\u00e1nku Biometrick\u00fd syst\u00e9m v r\u00e1mci forenzn\u00ed daktyloskopie &#8211; AFIS BIS prof. PhDr. Ji\u0159\u00ed Straus, DrSc., Dagmar Slobodzianov\u00e1 \u010cl\u00e1nek popisuje princip nov\u00e9ho identifika\u010dn\u00edho syst\u00e9mu v daktyloskopii. Nov\u00e9 identifika\u010dn\u00ed syst\u00e9my jsou v posledn\u00edch letech ozna\u010dov\u00e1ny jako biometrick\u00e9. Jsou postaveny na jednotn\u00e9m z\u00e1kladn\u00edm principu identifika\u010dn\u00ed biometrie (BIS). Ozna\u010den\u00ed biometrick\u00e9 slou\u017e\u00ed sp\u00ed\u0161e ke komer\u010dn\u00edm \u00fa\u010del\u016fm. AFIS 2000 se [&hellip;]<\/p>\n","protected":false},"author":2,"featured_media":0,"parent":0,"menu_order":3,"comment_status":"closed","ping_status":"closed","template":"","meta":{"footnotes":""},"class_list":["post-1338","page","type-page","status-publish","hentry"],"_links":{"self":[{"href":"https:\/\/veda.polac.cz\/index.php?rest_route=\/wp\/v2\/pages\/1338","targetHints":{"allow":["GET"]}}],"collection":[{"href":"https:\/\/veda.polac.cz\/index.php?rest_route=\/wp\/v2\/pages"}],"about":[{"href":"https:\/\/veda.polac.cz\/index.php?rest_route=\/wp\/v2\/types\/page"}],"author":[{"embeddable":true,"href":"https:\/\/veda.polac.cz\/index.php?rest_route=\/wp\/v2\/users\/2"}],"replies":[{"embeddable":true,"href":"https:\/\/veda.polac.cz\/index.php?rest_route=%2Fwp%2Fv2%2Fcomments&post=1338"}],"version-history":[{"count":2,"href":"https:\/\/veda.polac.cz\/index.php?rest_route=\/wp\/v2\/pages\/1338\/revisions"}],"predecessor-version":[{"id":1374,"href":"https:\/\/veda.polac.cz\/index.php?rest_route=\/wp\/v2\/pages\/1338\/revisions\/1374"}],"wp:attachment":[{"href":"https:\/\/veda.polac.cz\/index.php?rest_route=%2Fwp%2Fv2%2Fmedia&parent=1338"}],"curies":[{"name":"wp","href":"https:\/\/api.w.org\/{rel}","templated":true}]}}