{"id":1336,"date":"2018-09-15T22:52:18","date_gmt":"2018-09-15T22:52:18","guid":{"rendered":"http:\/\/veda.polac.cz\/?page_id=1336"},"modified":"2018-11-02T22:21:38","modified_gmt":"2018-11-02T22:21:38","slug":"2-2-9","status":"publish","type":"page","link":"https:\/\/veda.polac.cz\/?page_id=1336","title":{"rendered":""},"content":{"rendered":"<p style=\"text-align: center;\">Resum\u00e9 \u010dl\u00e1nku<\/p>\n<p><strong>K z\u00e1kladn\u00fdm podmienkam pr\u00edpustn\u00e9ho z\u00e1sahu do z\u00e1kladn\u00fdch pr\u00e1v a slob\u00f4d policajn\u00fdm konan\u00edm v Slovenskej republike (z poh\u013eadu z\u00e1kona o Policajnom zbore) I. \u010das\u0165<\/strong><br \/>\n<i>mjr. JUDr. Martin Cu\u013eba, pplk. JUDr. Miroslav Felcan, PhD.<\/i><\/p>\n<p>Pr\u00edspevok sa zameriava na objasnenie z\u00e1kladn\u00fdch podmienok pr\u00edpustn\u00e9ho z\u00e1sahu do \u013eudsk\u00fdch pr\u00e1v policajn\u00fdm konan\u00edm v Slovenskej republike. Na ich vymedzenie v z\u00e1vere pr\u00e1ce nadv\u00e4zuje objasnenie povinnosti minimalizova\u0165 z\u00e1sahy do \u013eudsk\u00fdch pr\u00e1v vo forme princ\u00edpov minimaliz\u00e1cie z\u00e1sahov do \u013eudsk\u00fdch pr\u00e1v policajn\u00fdm konan\u00edm.<br \/>\n<strong>K\u013e\u00fa\u010dov\u00e9 slov\u00e1:<\/strong>\u00a0Policajn\u00fd zbor, pol\u00edcia, slu\u017eba dopravnej pol\u00edcie, slu\u017eba poriadkovej pol\u00edcie, policajn\u00e9 konanie, policajn\u00e1 \u010dinnos\u0165, slu\u017eobn\u00e1 \u010dinnos\u0165, slu\u017eobn\u00fd z\u00e1krok, z\u00e1kladn\u00e9 pr\u00e1va a slobody, \u013eudsk\u00e9 pr\u00e1va, z\u00e1sah do \u013eudsk\u00fdch pr\u00e1v, pr\u00edpustnos\u0165 z\u00e1sahov do \u013eudsk\u00fdch pr\u00e1v, doh\u013ead nad bezpe\u010dnos\u0165ou a plynulos\u0165ou cestnej prem\u00e1vky, legit\u00edmny cie\u013e, nevyhnutnos\u0165 z\u00e1sahu, princ\u00edp minimaliz\u00e1cie z\u00e1sahu do \u013eudsk\u00fdch pr\u00e1v, etick\u00fd k\u00f3dex.<\/p>\n<p><a href=\"https:\/\/veda.polac.cz\/?page_id=1332\">02\/2011<\/a><\/p>\n","protected":false},"excerpt":{"rendered":"<p>Resum\u00e9 \u010dl\u00e1nku K z\u00e1kladn\u00fdm podmienkam pr\u00edpustn\u00e9ho z\u00e1sahu do z\u00e1kladn\u00fdch pr\u00e1v a slob\u00f4d policajn\u00fdm konan\u00edm v Slovenskej republike (z poh\u013eadu z\u00e1kona o Policajnom zbore) I. \u010das\u0165 mjr. JUDr. Martin Cu\u013eba, pplk. JUDr. Miroslav Felcan, PhD. Pr\u00edspevok sa zameriava na objasnenie z\u00e1kladn\u00fdch podmienok pr\u00edpustn\u00e9ho z\u00e1sahu do \u013eudsk\u00fdch pr\u00e1v policajn\u00fdm konan\u00edm v Slovenskej republike. Na ich vymedzenie v [&hellip;]<\/p>\n","protected":false},"author":2,"featured_media":0,"parent":1332,"menu_order":2,"comment_status":"closed","ping_status":"closed","template":"","meta":{"footnotes":""},"class_list":["post-1336","page","type-page","status-publish","hentry"],"_links":{"self":[{"href":"https:\/\/veda.polac.cz\/index.php?rest_route=\/wp\/v2\/pages\/1336","targetHints":{"allow":["GET"]}}],"collection":[{"href":"https:\/\/veda.polac.cz\/index.php?rest_route=\/wp\/v2\/pages"}],"about":[{"href":"https:\/\/veda.polac.cz\/index.php?rest_route=\/wp\/v2\/types\/page"}],"author":[{"embeddable":true,"href":"https:\/\/veda.polac.cz\/index.php?rest_route=\/wp\/v2\/users\/2"}],"replies":[{"embeddable":true,"href":"https:\/\/veda.polac.cz\/index.php?rest_route=%2Fwp%2Fv2%2Fcomments&post=1336"}],"version-history":[{"count":3,"href":"https:\/\/veda.polac.cz\/index.php?rest_route=\/wp\/v2\/pages\/1336\/revisions"}],"predecessor-version":[{"id":2150,"href":"https:\/\/veda.polac.cz\/index.php?rest_route=\/wp\/v2\/pages\/1336\/revisions\/2150"}],"up":[{"embeddable":true,"href":"https:\/\/veda.polac.cz\/index.php?rest_route=\/wp\/v2\/pages\/1332"}],"wp:attachment":[{"href":"https:\/\/veda.polac.cz\/index.php?rest_route=%2Fwp%2Fv2%2Fmedia&parent=1336"}],"curies":[{"name":"wp","href":"https:\/\/api.w.org\/{rel}","templated":true}]}}