{"id":1332,"date":"2018-09-15T22:49:41","date_gmt":"2018-09-15T22:49:41","guid":{"rendered":"http:\/\/veda.polac.cz\/?page_id=1332"},"modified":"2019-04-18T10:41:06","modified_gmt":"2019-04-18T10:41:06","slug":"02-2011","status":"publish","type":"page","link":"https:\/\/veda.polac.cz\/?page_id=1332","title":{"rendered":"02\/2011"},"content":{"rendered":"<p><a href=\"https:\/\/veda.polac.cz\/?page_id=1330\"><strong>N\u011bkter\u00e9 ot\u00e1zky po\u0159izov\u00e1n\u00ed podobizen nebo obrazov\u00fdch z\u00e1znam\u016f policist\u016f p\u0159i v\u00fdkonu slu\u017eby\u00a0<\/strong><\/a><br \/>\nprof. JUDr. Vladim\u00edr Plecit\u00fd, CSc.<\/p>\n<hr \/>\n<p><a href=\"https:\/\/veda.polac.cz\/?page_id=1336\"><strong>K z\u00e1kladn\u00fdm podmienkam pr\u00edpustn\u00e9ho z\u00e1sahu do z\u00e1kladn\u00fdch pr\u00e1v a slob\u00f4d policajn\u00fdm konan\u00edm v Slovenskej republike (z poh\u013eadu z\u00e1kona o Policajnom zbore) I. \u010das\u0165\u00a0<\/strong><\/a><br \/>\nmjr. JUDr. Martin Cu\u013eba, pplk. JUDr. Miroslav Felcan, PhD.<\/p>\n<hr \/>\n<p><a href=\"https:\/\/veda.polac.cz\/?page_id=1338\"><strong>Biometrick\u00fd syst\u00e9m v r\u00e1mci forenzn\u00ed daktyloskopie &#8211; AFIS BIS <\/strong><\/a><br \/>\nprof. PhDr. Ji\u0159\u00ed Straus, DrSc., Dagmar Slobodzianov\u00e1<\/p>\n<hr \/>\n<p><a href=\"https:\/\/veda.polac.cz\/?page_id=1340\"><strong>Forenzn\u00ed posuzov\u00e1n\u00ed expartner stalkingu <\/strong><\/a><br \/>\ndoc. PhDr. Ludmila \u010c\u00edrtkov\u00e1, CSc.<\/p>\n<hr \/>\n<p><a href=\"https:\/\/veda.polac.cz\/?page_id=1342\"><strong>Psychologick\u00fd profil hackera <\/strong><\/a><br \/>\nJUDr. Petr Vo\u0159\u00ed\u0161ek<\/p>\n<hr \/>\n<p><a href=\"https:\/\/veda.polac.cz\/?page_id=1344\"><strong>Teoreticko-metodologick\u00e1 v\u00fdchodiska k v\u00fdzkumu negativn\u00edch soci\u00e1ln\u00edch jev\u016f velk\u00e9ho rozsahu\u00a0<\/strong><\/a><br \/>\nMgr. Lenka Burdov\u00e1, Dr. Bc. J\u00e1n \u0160ug\u00e1r, CSc.<\/p>\n<hr \/>\n<p><a href=\"https:\/\/veda.polac.cz\/?page_id=1346\"><strong>Od\u010derp\u00e1v\u00e1n\u00ed v\u00fdnos\u016f &#8211; integrovan\u00fd postup Krimin\u00e1lpolizaiinspektion mit Zentralafgaben Obervaly. \u010c\u00e1st III.\u00a0<\/strong><\/a><br \/>\npplk. JUDr. David Z\u00e1mek, JUDr. Jan Kur\u017eeja, Ph.D., Ing. Vratislav Dvo\u0159\u00e1k, Ph.D.<\/p>\n<hr \/>\n<p><a href=\"https:\/\/veda.polac.cz\/?page_id=1348\"><strong>Hodnocen\u00ed p\u0159\u00edslu\u0161n\u00edk\u016f Policie \u010cesk\u00e9 republiky &#8211; v\u00fdstupy z v\u00fdzkumu realizovan\u00e9ho u studuj\u00edc\u00edch policist\u016f na PA \u010cR v Praze (2. \u010d\u00e1st) <\/strong><\/a><br \/>\nPhDr. Petr Jedin\u00e1k, Ph.D., Dr. Bc. J\u00e1n \u0160ug\u00e1r, CSc.<\/p>\n<hr \/>\n<p><a href=\"https:\/\/veda.polac.cz\/?page_id=1350\"><strong>N\u011bkolik pozn\u00e1mek k procesn\u00edmu postaven\u00ed mladistv\u00e9ho jako obvin\u011bn\u00e9ho v p\u0159estupkov\u00e9m \u0159\u00edzen\u00ed\u00a0<\/strong><\/a><br \/>\ndoc. JUDr. Eva Horzinkov\u00e1, Ph.D.<\/p>\n<hr \/>\n<p><a href=\"https:\/\/veda.polac.cz\/?page_id=1352\"><strong>Odposlechy trochu jinak. \u010c\u00e1st 2 <\/strong><\/a><br \/>\nMgr. Bc. Pavel M\u00e1lek<\/p>\n<hr \/>\n<p><a href=\"https:\/\/veda.polac.cz\/?page_id=1354\"><strong>Rekruta\u010dn\u00ed praktiky sekt a kult\u016f: uveden\u00ed do problematiky <\/strong><\/a><br \/>\nPhDr. Josef Smol\u00edk, Ph.D.<\/p>\n<hr \/>\n<p><a href=\"https:\/\/veda.polac.cz\/?page_id=1356\"><strong>Stru\u010dn\u00e9 zamy\u0161len\u00ed nad pojmy mana\u017eer a l\u00eddr <\/strong><\/a><br \/>\nIng. Kl\u00e1ra Horzinkov\u00e1<\/p>\n<hr \/>\n<p><a href=\"https:\/\/veda.polac.cz\/?page_id=1358\"><strong>Zem\u011b Z\u00e1padn\u00edho Balk\u00e1nu: slibn\u00fd partner pro spolupr\u00e1ci \u010d\u00e1st 2.: Srbsko <\/strong><\/a><br \/>\nMgr. Luk\u00e1\u0161 Harazin, Mgr. Old\u0159ich Krul\u00edk Ph.D., Alen Stranjik, prof. Ing. Bed\u0159ich \u0160est\u00e1k, DrSc.<\/p>\n<hr \/>\n<p><strong>Informace o kon\u00e1n\u00ed konference z\u00e1chrann\u00fdch a bezpe\u010dnostn\u00edch slo\u017eek a managementu \u00fazemn\u011b samospr\u00e1vn\u00fdch celk\u016f &#8211; &#8222;z\u00e1sah 2011&#8220;\u00a0<\/strong><br \/>\nMgr. Jaroslava Nov\u00e1kov\u00e1, Ing. Ondrej Tar\u010d\u00e1ni<\/p>\n<hr \/>\n<p><strong>Aktivity v\u00fdukov\u00e9ho programu ERASMUS <\/strong><br \/>\nIng. Bc. Marek \u010cand\u00edk, PhD., PhDr. Petr Jedin\u00e1k, Ph.D.<\/p>\n<hr \/>\n<p><strong>Recenzia publik\u00e1cie: &#8222;Vy\u0161etrovanie&#8220; <\/strong><br \/>\ndoc. JUDr. Anton\u00edn Nesvadba, Ph.D.<\/p>\n<hr \/>\n<p><a href=\"https:\/\/veda.polac.cz\/?page_id=235\">Zp\u011bt<\/a><\/p>\n","protected":false},"excerpt":{"rendered":"<p>N\u011bkter\u00e9 ot\u00e1zky po\u0159izov\u00e1n\u00ed podobizen nebo obrazov\u00fdch z\u00e1znam\u016f policist\u016f p\u0159i v\u00fdkonu slu\u017eby\u00a0 prof. JUDr. Vladim\u00edr Plecit\u00fd, CSc. K z\u00e1kladn\u00fdm podmienkam pr\u00edpustn\u00e9ho z\u00e1sahu do z\u00e1kladn\u00fdch pr\u00e1v a slob\u00f4d policajn\u00fdm konan\u00edm v Slovenskej republike (z poh\u013eadu z\u00e1kona o Policajnom zbore) I. \u010das\u0165\u00a0 mjr. JUDr. Martin Cu\u013eba, pplk. JUDr. Miroslav Felcan, PhD. Biometrick\u00fd syst\u00e9m v r\u00e1mci forenzn\u00ed daktyloskopie &#8211; [&hellip;]<\/p>\n","protected":false},"author":2,"featured_media":0,"parent":235,"menu_order":24,"comment_status":"closed","ping_status":"closed","template":"","meta":{"footnotes":""},"class_list":["post-1332","page","type-page","status-publish","hentry"],"_links":{"self":[{"href":"https:\/\/veda.polac.cz\/index.php?rest_route=\/wp\/v2\/pages\/1332","targetHints":{"allow":["GET"]}}],"collection":[{"href":"https:\/\/veda.polac.cz\/index.php?rest_route=\/wp\/v2\/pages"}],"about":[{"href":"https:\/\/veda.polac.cz\/index.php?rest_route=\/wp\/v2\/types\/page"}],"author":[{"embeddable":true,"href":"https:\/\/veda.polac.cz\/index.php?rest_route=\/wp\/v2\/users\/2"}],"replies":[{"embeddable":true,"href":"https:\/\/veda.polac.cz\/index.php?rest_route=%2Fwp%2Fv2%2Fcomments&post=1332"}],"version-history":[{"count":3,"href":"https:\/\/veda.polac.cz\/index.php?rest_route=\/wp\/v2\/pages\/1332\/revisions"}],"predecessor-version":[{"id":2619,"href":"https:\/\/veda.polac.cz\/index.php?rest_route=\/wp\/v2\/pages\/1332\/revisions\/2619"}],"up":[{"embeddable":true,"href":"https:\/\/veda.polac.cz\/index.php?rest_route=\/wp\/v2\/pages\/235"}],"wp:attachment":[{"href":"https:\/\/veda.polac.cz\/index.php?rest_route=%2Fwp%2Fv2%2Fmedia&parent=1332"}],"curies":[{"name":"wp","href":"https:\/\/api.w.org\/{rel}","templated":true}]}}