{"id":1313,"date":"2018-09-15T22:40:00","date_gmt":"2018-09-15T22:40:00","guid":{"rendered":"http:\/\/veda.polac.cz\/?page_id=1313"},"modified":"2018-11-02T22:26:12","modified_gmt":"2018-11-02T22:26:12","slug":"13-2","status":"publish","type":"page","link":"https:\/\/veda.polac.cz\/?page_id=1313","title":{"rendered":""},"content":{"rendered":"<p style=\"text-align: center;\">Resum\u00e9 \u010dl\u00e1nku<\/p>\n<p><strong>Zem\u011b Z\u00e1padn\u00edho Balk\u00e1nu: 3. \u010d\u00e1st. \u010cern\u00e1 Hora, Makedonie, Bosna a Hercego-vina, Alb\u00e1nie, Kosovo<\/strong><br \/>\n<i>Mgr. Luk\u00e1\u0161 Harazin, Mgr. Old\u0159ich Krul\u00edk, Ph.D., Ing. Alen Stranjik, prof. Ing. Bed\u0159ich \u0160est\u00e1k, DrSc.<\/i><\/p>\n<p>Obsahem p\u0159\u00edsp\u011bvku je charakteristika &#8222;policejn\u00edch&#8220; vzd\u011bl\u00e1vac\u00edch instituc\u00ed v zem\u00edch &#8222;post-jugosl\u00e1vsk\u00e9ho prostoru&#8220; a v Alb\u00e1nii. Zdej\u0161\u00ed vzd\u011bl\u00e1vac\u00ed syst\u00e9my a specifika u\u010debn\u00edch program\u016f jsou v n\u011bkter\u00fdch ohledech a\u017e p\u0159ekvapiv\u011b podobn\u00e1, v n\u011bkter\u00fdch v\u00fdznamn\u011b odli\u0161n\u00e1 od toho, jak vypad\u00e1 policejn\u00ed vzd\u011bl\u00e1v\u00e1n\u00ed v \u010cesk\u00e9 republice a dal\u0161\u00edch zem\u00edch st\u0159edn\u00ed \u010di z\u00e1padn\u00ed Evropy.<br \/>\n<strong>Kl\u00ed\u010dov\u00e1 slova:<\/strong>\u00a0policejn\u00ed vzd\u011bl\u00e1v\u00e1n\u00ed, Balk\u00e1n, krizov\u00fd management, mezin\u00e1rodn\u00ed spolupr\u00e1ce.<\/p>\n<p><a href=\"https:\/\/veda.polac.cz\/?page_id=1271\">03\/2011<\/a><\/p>\n","protected":false},"excerpt":{"rendered":"<p>Resum\u00e9 \u010dl\u00e1nku Zem\u011b Z\u00e1padn\u00edho Balk\u00e1nu: 3. \u010d\u00e1st. \u010cern\u00e1 Hora, Makedonie, Bosna a Hercego-vina, Alb\u00e1nie, Kosovo Mgr. Luk\u00e1\u0161 Harazin, Mgr. Old\u0159ich Krul\u00edk, Ph.D., Ing. Alen Stranjik, prof. Ing. Bed\u0159ich \u0160est\u00e1k, DrSc. Obsahem p\u0159\u00edsp\u011bvku je charakteristika &#8222;policejn\u00edch&#8220; vzd\u011bl\u00e1vac\u00edch instituc\u00ed v zem\u00edch &#8222;post-jugosl\u00e1vsk\u00e9ho prostoru&#8220; a v Alb\u00e1nii. Zdej\u0161\u00ed vzd\u011bl\u00e1vac\u00ed syst\u00e9my a specifika u\u010debn\u00edch program\u016f jsou v n\u011bkter\u00fdch ohledech [&hellip;]<\/p>\n","protected":false},"author":2,"featured_media":0,"parent":1271,"menu_order":13,"comment_status":"closed","ping_status":"closed","template":"","meta":{"footnotes":""},"class_list":["post-1313","page","type-page","status-publish","hentry"],"_links":{"self":[{"href":"https:\/\/veda.polac.cz\/index.php?rest_route=\/wp\/v2\/pages\/1313","targetHints":{"allow":["GET"]}}],"collection":[{"href":"https:\/\/veda.polac.cz\/index.php?rest_route=\/wp\/v2\/pages"}],"about":[{"href":"https:\/\/veda.polac.cz\/index.php?rest_route=\/wp\/v2\/types\/page"}],"author":[{"embeddable":true,"href":"https:\/\/veda.polac.cz\/index.php?rest_route=\/wp\/v2\/users\/2"}],"replies":[{"embeddable":true,"href":"https:\/\/veda.polac.cz\/index.php?rest_route=%2Fwp%2Fv2%2Fcomments&post=1313"}],"version-history":[{"count":3,"href":"https:\/\/veda.polac.cz\/index.php?rest_route=\/wp\/v2\/pages\/1313\/revisions"}],"predecessor-version":[{"id":2151,"href":"https:\/\/veda.polac.cz\/index.php?rest_route=\/wp\/v2\/pages\/1313\/revisions\/2151"}],"up":[{"embeddable":true,"href":"https:\/\/veda.polac.cz\/index.php?rest_route=\/wp\/v2\/pages\/1271"}],"wp:attachment":[{"href":"https:\/\/veda.polac.cz\/index.php?rest_route=%2Fwp%2Fv2%2Fmedia&parent=1313"}],"curies":[{"name":"wp","href":"https:\/\/api.w.org\/{rel}","templated":true}]}}