{"id":1311,"date":"2018-09-15T22:39:00","date_gmt":"2018-09-15T22:39:00","guid":{"rendered":"http:\/\/veda.polac.cz\/?page_id=1311"},"modified":"2018-11-02T22:27:34","modified_gmt":"2018-11-02T22:27:34","slug":"12-2","status":"publish","type":"page","link":"https:\/\/veda.polac.cz\/?page_id=1311","title":{"rendered":""},"content":{"rendered":"<p style=\"text-align: center;\">Resum\u00e9 \u010dl\u00e1nku<\/p>\n<p><strong>Island: Zem\u011b netradi\u010dn\u00edch bezpe\u010dnostn\u00edch \u0159e\u0161en\u00ed<\/strong><br \/>\n<i>Mgr. Old\u0159ich Krul\u00edk, Ph.D., Bc. Barbara Loudov\u00e1<\/i><\/p>\n<p>Bezpe\u010dnostn\u00ed syst\u00e9m Islandu se na prvn\u00ed pohled li\u0161\u00ed od syst\u00e9m\u016f, existuj\u00edc\u00edch v r\u00e1mci &#8222;kontinent\u00e1ln\u00ed Evropy&#8220;. \u0158ada netradi\u010dn\u00edch kompeten\u010dn\u00edch vazeb a n\u00e1pln\u00ed, p\u0159ekryv\u016f nebo naopak &#8222;absence&#8220; jinde obvykl\u00fdch t\u011bles (jako je nap\u0159\u00edklad arm\u00e1da) \u010di nesm\u00edrn\u011b d\u016fle\u017eit\u00e1 role dobrovolnick\u00fdch uskupen\u00ed, m\u016f\u017ee b\u00fdt pro dom\u00e1c\u00edho \u010dten\u00e1\u0159e v\u00edce ne\u017e zaj\u00edmav\u00e1. Text navazuje na souvisej\u00edc\u00ed p\u0159\u00edsp\u011bvek k t\u00e9matu N\u00e1rodn\u00ed islandsk\u00e9 policie.<br \/>\n<strong>Kl\u00ed\u010dov\u00e1 slova:<\/strong>\u00a0Island, civiln\u00ed ochrana, bezpe\u010dnostn\u00ed syst\u00e9m, krizov\u00e9 \u0159\u00edzen\u00ed, krizov\u00e9 pl\u00e1nov\u00e1n\u00ed, hasi\u010di, zpravodajsk\u00e9 slu\u017eby.<\/p>\n<p><a href=\"https:\/\/veda.polac.cz\/?page_id=1271\">03\/2011<\/a><\/p>\n","protected":false},"excerpt":{"rendered":"<p>Resum\u00e9 \u010dl\u00e1nku Island: Zem\u011b netradi\u010dn\u00edch bezpe\u010dnostn\u00edch \u0159e\u0161en\u00ed Mgr. Old\u0159ich Krul\u00edk, Ph.D., Bc. Barbara Loudov\u00e1 Bezpe\u010dnostn\u00ed syst\u00e9m Islandu se na prvn\u00ed pohled li\u0161\u00ed od syst\u00e9m\u016f, existuj\u00edc\u00edch v r\u00e1mci &#8222;kontinent\u00e1ln\u00ed Evropy&#8220;. \u0158ada netradi\u010dn\u00edch kompeten\u010dn\u00edch vazeb a n\u00e1pln\u00ed, p\u0159ekryv\u016f nebo naopak &#8222;absence&#8220; jinde obvykl\u00fdch t\u011bles (jako je nap\u0159\u00edklad arm\u00e1da) \u010di nesm\u00edrn\u011b d\u016fle\u017eit\u00e1 role dobrovolnick\u00fdch uskupen\u00ed, m\u016f\u017ee b\u00fdt pro [&hellip;]<\/p>\n","protected":false},"author":2,"featured_media":0,"parent":1271,"menu_order":12,"comment_status":"closed","ping_status":"closed","template":"","meta":{"footnotes":""},"class_list":["post-1311","page","type-page","status-publish","hentry"],"_links":{"self":[{"href":"https:\/\/veda.polac.cz\/index.php?rest_route=\/wp\/v2\/pages\/1311","targetHints":{"allow":["GET"]}}],"collection":[{"href":"https:\/\/veda.polac.cz\/index.php?rest_route=\/wp\/v2\/pages"}],"about":[{"href":"https:\/\/veda.polac.cz\/index.php?rest_route=\/wp\/v2\/types\/page"}],"author":[{"embeddable":true,"href":"https:\/\/veda.polac.cz\/index.php?rest_route=\/wp\/v2\/users\/2"}],"replies":[{"embeddable":true,"href":"https:\/\/veda.polac.cz\/index.php?rest_route=%2Fwp%2Fv2%2Fcomments&post=1311"}],"version-history":[{"count":3,"href":"https:\/\/veda.polac.cz\/index.php?rest_route=\/wp\/v2\/pages\/1311\/revisions"}],"predecessor-version":[{"id":2152,"href":"https:\/\/veda.polac.cz\/index.php?rest_route=\/wp\/v2\/pages\/1311\/revisions\/2152"}],"up":[{"embeddable":true,"href":"https:\/\/veda.polac.cz\/index.php?rest_route=\/wp\/v2\/pages\/1271"}],"wp:attachment":[{"href":"https:\/\/veda.polac.cz\/index.php?rest_route=%2Fwp%2Fv2%2Fmedia&parent=1311"}],"curies":[{"name":"wp","href":"https:\/\/api.w.org\/{rel}","templated":true}]}}