{"id":1306,"date":"2018-09-15T22:34:40","date_gmt":"2018-09-15T22:34:40","guid":{"rendered":"http:\/\/veda.polac.cz\/?page_id=1306"},"modified":"2018-10-27T18:59:42","modified_gmt":"2018-10-27T18:59:42","slug":"10-2-3","status":"publish","type":"page","link":"https:\/\/veda.polac.cz\/?page_id=1306","title":{"rendered":""},"content":{"rendered":"<p style=\"text-align: center;\">Resum\u00e9 \u010dl\u00e1nku<\/p>\n<p>C<strong>o znamen\u00e1 b\u00fdt tolerantn\u00ed?<\/strong><br \/>\n<i>PhDr. Petr Nesvadba, CSc.<\/p>\n<p><\/i>Autor se v \u010dl\u00e1nku v\u011bnuje pojmu tolerance. Z hlediska filosofick\u00e9ho, pedagogicko-psychologick\u00e9ho a etick\u00e9ho p\u0159in\u00e1\u0161\u00ed tento pojem \u0159adu ot\u00e1zek jako nap\u0159\u00edklad. Co m\u00e1me tolerovat a co ne? Jak\u00fd je vztah mezi toleranc\u00ed a lhostejnost\u00ed? Znamen\u00e1 &#8222;tolerovat&#8220; tot\u00e9\u017e, co &#8222;respektovat&#8220;? Autor formuluje k tomuto pojmu n\u011bkolik pozn\u00e1mek a vyb\u00edz\u00ed \u010dten\u00e1\u0159e k zamy\u0161len\u00ed, diskusi, p\u0159\u00edpadn\u011b polemice.<br \/>\n<strong>Kl\u00ed\u010dov\u00e1 slova:\u00a0<\/strong>filosofie, etika, tolerance, respekt, lhostejnost.<\/p>\n<p><a href=\"https:\/\/veda.polac.cz\/?page_id=1271\">03\/2011<\/a><\/p>\n","protected":false},"excerpt":{"rendered":"<p>Resum\u00e9 \u010dl\u00e1nku Co znamen\u00e1 b\u00fdt tolerantn\u00ed? PhDr. Petr Nesvadba, CSc. Autor se v \u010dl\u00e1nku v\u011bnuje pojmu tolerance. Z hlediska filosofick\u00e9ho, pedagogicko-psychologick\u00e9ho a etick\u00e9ho p\u0159in\u00e1\u0161\u00ed tento pojem \u0159adu ot\u00e1zek jako nap\u0159\u00edklad. Co m\u00e1me tolerovat a co ne? Jak\u00fd je vztah mezi toleranc\u00ed a lhostejnost\u00ed? Znamen\u00e1 &#8222;tolerovat&#8220; tot\u00e9\u017e, co &#8222;respektovat&#8220;? Autor formuluje k tomuto pojmu n\u011bkolik pozn\u00e1mek [&hellip;]<\/p>\n","protected":false},"author":2,"featured_media":0,"parent":0,"menu_order":10,"comment_status":"closed","ping_status":"closed","template":"","meta":{"footnotes":""},"class_list":["post-1306","page","type-page","status-publish","hentry"],"_links":{"self":[{"href":"https:\/\/veda.polac.cz\/index.php?rest_route=\/wp\/v2\/pages\/1306","targetHints":{"allow":["GET"]}}],"collection":[{"href":"https:\/\/veda.polac.cz\/index.php?rest_route=\/wp\/v2\/pages"}],"about":[{"href":"https:\/\/veda.polac.cz\/index.php?rest_route=\/wp\/v2\/types\/page"}],"author":[{"embeddable":true,"href":"https:\/\/veda.polac.cz\/index.php?rest_route=\/wp\/v2\/users\/2"}],"replies":[{"embeddable":true,"href":"https:\/\/veda.polac.cz\/index.php?rest_route=%2Fwp%2Fv2%2Fcomments&post=1306"}],"version-history":[{"count":2,"href":"https:\/\/veda.polac.cz\/index.php?rest_route=\/wp\/v2\/pages\/1306\/revisions"}],"predecessor-version":[{"id":1323,"href":"https:\/\/veda.polac.cz\/index.php?rest_route=\/wp\/v2\/pages\/1306\/revisions\/1323"}],"wp:attachment":[{"href":"https:\/\/veda.polac.cz\/index.php?rest_route=%2Fwp%2Fv2%2Fmedia&parent=1306"}],"curies":[{"name":"wp","href":"https:\/\/api.w.org\/{rel}","templated":true}]}}