{"id":1302,"date":"2018-09-15T22:32:44","date_gmt":"2018-09-15T22:32:44","guid":{"rendered":"http:\/\/veda.polac.cz\/?page_id=1302"},"modified":"2018-10-27T18:59:42","modified_gmt":"2018-10-27T18:59:42","slug":"8-2-5","status":"publish","type":"page","link":"https:\/\/veda.polac.cz\/?page_id=1302","title":{"rendered":""},"content":{"rendered":"<p style=\"text-align: center;\">Resum\u00e9 \u010dl\u00e1nku<\/p>\n<p><strong>Mo\u017enosti orienta\u010dn\u00ed detekce drog v doprav\u011b<\/strong><br \/>\n<i>pplk. JUDr. Ing. Marek Bla\u017eejovsk\u00fd<\/p>\n<p><\/i>\u010cl\u00e1nek popisuje mo\u017enosti pou\u017eit\u00ed orienta\u010dn\u00ed detekce drog v dopravn\u011b bezpe\u010dnostn\u00ed \u010dinnosti. Autor tak\u00e9 porovn\u00e1v\u00e1 mo\u017en\u00e9 zp\u016fsoby aplikace orienta\u010dn\u00ed zkou\u0161ky z pohledu p\u0159\u00edslu\u0161n\u00edk\u016f Policie \u010cR.<br \/>\n<strong>Kl\u00ed\u010dov\u00e1 slova:<\/strong>\u00a0dopravn\u011b bezpe\u010dnostn\u00ed \u010dinnost, Policie \u010cR, drogy, orienta\u010dn\u00ed zkou\u0161ka<i><br \/>\n<\/i><\/p>\n<p><a href=\"https:\/\/veda.polac.cz\/?page_id=1271\">03\/2011<\/a><\/p>\n","protected":false},"excerpt":{"rendered":"<p>Resum\u00e9 \u010dl\u00e1nku Mo\u017enosti orienta\u010dn\u00ed detekce drog v doprav\u011b pplk. JUDr. Ing. Marek Bla\u017eejovsk\u00fd \u010cl\u00e1nek popisuje mo\u017enosti pou\u017eit\u00ed orienta\u010dn\u00ed detekce drog v dopravn\u011b bezpe\u010dnostn\u00ed \u010dinnosti. Autor tak\u00e9 porovn\u00e1v\u00e1 mo\u017en\u00e9 zp\u016fsoby aplikace orienta\u010dn\u00ed zkou\u0161ky z pohledu p\u0159\u00edslu\u0161n\u00edk\u016f Policie \u010cR. Kl\u00ed\u010dov\u00e1 slova:\u00a0dopravn\u011b bezpe\u010dnostn\u00ed \u010dinnost, Policie \u010cR, drogy, orienta\u010dn\u00ed zkou\u0161ka 03\/2011<\/p>\n","protected":false},"author":2,"featured_media":0,"parent":0,"menu_order":8,"comment_status":"closed","ping_status":"closed","template":"","meta":{"footnotes":""},"class_list":["post-1302","page","type-page","status-publish","hentry"],"_links":{"self":[{"href":"https:\/\/veda.polac.cz\/index.php?rest_route=\/wp\/v2\/pages\/1302","targetHints":{"allow":["GET"]}}],"collection":[{"href":"https:\/\/veda.polac.cz\/index.php?rest_route=\/wp\/v2\/pages"}],"about":[{"href":"https:\/\/veda.polac.cz\/index.php?rest_route=\/wp\/v2\/types\/page"}],"author":[{"embeddable":true,"href":"https:\/\/veda.polac.cz\/index.php?rest_route=\/wp\/v2\/users\/2"}],"replies":[{"embeddable":true,"href":"https:\/\/veda.polac.cz\/index.php?rest_route=%2Fwp%2Fv2%2Fcomments&post=1302"}],"version-history":[{"count":2,"href":"https:\/\/veda.polac.cz\/index.php?rest_route=\/wp\/v2\/pages\/1302\/revisions"}],"predecessor-version":[{"id":1321,"href":"https:\/\/veda.polac.cz\/index.php?rest_route=\/wp\/v2\/pages\/1302\/revisions\/1321"}],"wp:attachment":[{"href":"https:\/\/veda.polac.cz\/index.php?rest_route=%2Fwp%2Fv2%2Fmedia&parent=1302"}],"curies":[{"name":"wp","href":"https:\/\/api.w.org\/{rel}","templated":true}]}}