{"id":1300,"date":"2018-09-15T22:31:38","date_gmt":"2018-09-15T22:31:38","guid":{"rendered":"http:\/\/veda.polac.cz\/?page_id=1300"},"modified":"2018-10-27T18:59:42","modified_gmt":"2018-10-27T18:59:42","slug":"7-2-6","status":"publish","type":"page","link":"https:\/\/veda.polac.cz\/?page_id=1300","title":{"rendered":""},"content":{"rendered":"<p style=\"text-align: center;\">Resum\u00e9 \u010dl\u00e1nku<\/p>\n<p><strong>Riziko pro cestuj\u00edc\u00ed spojen\u00e9 s kontrolou pomoc\u00ed celot\u011blov\u00e9ho leti\u0161tn\u00edho bezpe\u010dnostn\u00edho skeneru.<\/strong><br \/>\n<i>prof. Ing. Bed\u0159ich \u0160est\u00e1k, DrSc., doc. Ing. Jozef Sabol, DrSc.<\/p>\n<p><\/i>V p\u0159\u00edsp\u011bvku jsou diskutov\u00e1ny n\u011bkter\u00e9 aktu\u00e1ln\u00ed ot\u00e1zky spojen\u00e9 s bezpe\u010dnost\u00ed pou\u017e\u00edv\u00e1n\u00ed nov\u00fdch osobn\u00edch celot\u011blov\u00fdch skener\u016f p\u0159i kontrole cestuj\u00edc\u00edch na leti\u0161t\u00edch. Jsou uvedeny hodnoty oz\u00e1\u0159en\u00ed osob p\u0159i jedn\u00e9 kontrole a ilustrov\u00e1n vliv takov\u00fdch radia\u010dn\u00edch d\u00e1vek na p\u0159\u00eddavn\u00fd v\u00fdskyt rakovinov\u00e9ho onemocn\u011bn\u00ed. Tyto odhady jsou konfrontov\u00e1ny s nebezpe\u010d\u00edm p\u0159\u00edpadn\u00e9ho teroristick\u00e9ho \u00fatoku s pou\u017eit\u00edm v\u00fdbu\u0161niny, kterou by atent\u00e1tn\u00edk mohl propa\u0161ovat do letadla, pokud by nebyl podroben kontrole pomoc\u00ed rentgenov\u00e9ho skeneru, kter\u00e1 by s nejv\u011bt\u0161\u00ed pravd\u011bpodobnost\u00ed odhalila takov\u00fd z\u00e1m\u011br, \u010d\u00edm\u017e by se p\u0159ede\u0161lo t\u00e9m\u011b\u0159 jist\u00e9 leteck\u00e9 katastrof\u011b.<br \/>\n<strong>Kl\u00ed\u010dov\u00e1 slova:<\/strong>\u00a0leteck\u00e1 doprava, radiologick\u00fd terorismus, celot\u011blov\u00fd rentgenov\u00fd skener, oz\u00e1\u0159en\u00ed, biologick\u00e9 \u00fa\u010dinky z\u00e1\u0159en\u00ed<\/p>\n<p><a href=\"https:\/\/veda.polac.cz\/?page_id=1271\">03\/2011<\/a><\/p>\n","protected":false},"excerpt":{"rendered":"<p>Resum\u00e9 \u010dl\u00e1nku Riziko pro cestuj\u00edc\u00ed spojen\u00e9 s kontrolou pomoc\u00ed celot\u011blov\u00e9ho leti\u0161tn\u00edho bezpe\u010dnostn\u00edho skeneru. prof. Ing. Bed\u0159ich \u0160est\u00e1k, DrSc., doc. Ing. Jozef Sabol, DrSc. V p\u0159\u00edsp\u011bvku jsou diskutov\u00e1ny n\u011bkter\u00e9 aktu\u00e1ln\u00ed ot\u00e1zky spojen\u00e9 s bezpe\u010dnost\u00ed pou\u017e\u00edv\u00e1n\u00ed nov\u00fdch osobn\u00edch celot\u011blov\u00fdch skener\u016f p\u0159i kontrole cestuj\u00edc\u00edch na leti\u0161t\u00edch. Jsou uvedeny hodnoty oz\u00e1\u0159en\u00ed osob p\u0159i jedn\u00e9 kontrole a ilustrov\u00e1n vliv takov\u00fdch [&hellip;]<\/p>\n","protected":false},"author":2,"featured_media":0,"parent":0,"menu_order":7,"comment_status":"closed","ping_status":"closed","template":"","meta":{"footnotes":""},"class_list":["post-1300","page","type-page","status-publish","hentry"],"_links":{"self":[{"href":"https:\/\/veda.polac.cz\/index.php?rest_route=\/wp\/v2\/pages\/1300","targetHints":{"allow":["GET"]}}],"collection":[{"href":"https:\/\/veda.polac.cz\/index.php?rest_route=\/wp\/v2\/pages"}],"about":[{"href":"https:\/\/veda.polac.cz\/index.php?rest_route=\/wp\/v2\/types\/page"}],"author":[{"embeddable":true,"href":"https:\/\/veda.polac.cz\/index.php?rest_route=\/wp\/v2\/users\/2"}],"replies":[{"embeddable":true,"href":"https:\/\/veda.polac.cz\/index.php?rest_route=%2Fwp%2Fv2%2Fcomments&post=1300"}],"version-history":[{"count":2,"href":"https:\/\/veda.polac.cz\/index.php?rest_route=\/wp\/v2\/pages\/1300\/revisions"}],"predecessor-version":[{"id":1320,"href":"https:\/\/veda.polac.cz\/index.php?rest_route=\/wp\/v2\/pages\/1300\/revisions\/1320"}],"wp:attachment":[{"href":"https:\/\/veda.polac.cz\/index.php?rest_route=%2Fwp%2Fv2%2Fmedia&parent=1300"}],"curies":[{"name":"wp","href":"https:\/\/api.w.org\/{rel}","templated":true}]}}