{"id":1298,"date":"2018-09-15T22:30:33","date_gmt":"2018-09-15T22:30:33","guid":{"rendered":"http:\/\/veda.polac.cz\/?page_id=1298"},"modified":"2018-10-27T18:59:42","modified_gmt":"2018-10-27T18:59:42","slug":"6-2-6","status":"publish","type":"page","link":"https:\/\/veda.polac.cz\/?page_id=1298","title":{"rendered":""},"content":{"rendered":"<p style=\"text-align: center;\">Resum\u00e9 \u010dl\u00e1nku<\/p>\n<p><strong>P\u0159\u00edslu\u0161n\u00edci Policie \u010cesk\u00e9 republiky jako znalostn\u00ed pracovn\u00edci<\/strong><br \/>\n<i>doc. Ing. Ludmila Ml\u00e1dkov\u00e1, Ph.D.<\/p>\n<p><\/i>P\u0159\u00edsp\u011bvek se zab\u00fdv\u00e1 problematikou znalostn\u00edch pracovn\u00edk\u016f. Je v\u00fdstupem d\u00edl\u010d\u00edho v\u00fdzkumn\u00e9ho \u00fakolu \u010d. 4\/3 Syst\u00e9m \u0159\u00edzen\u00ed st\u00e1tn\u00edch organizac\u00ed, jeho charakter a z\u00e1kladn\u00ed probl\u00e9my, kter\u00fd je sou\u010d\u00e1st\u00ed V\u00fdzkumn\u00e9ho projektu PA \u010cR v Praze na l\u00e9ta 2011-2015. V\u00fdznam znalostn\u00edch pracovn\u00edk\u016f nar\u016fst\u00e1. Mana\u017ee\u0159i se p\u0159i jejich \u0159\u00edzen\u00ed setk\u00e1vaj\u00ed s obt\u00ed\u017eemi zp\u016fsoben\u00fdmi specifiky znalostn\u00ed pr\u00e1ce. Znalost, hlavn\u00ed zdroj a n\u00e1stroj znalostn\u00edch pracovn\u00edk\u016f, je nehmotn\u00e9ho charakteru a je \u010d\u00e1ste\u010dn\u011b podv\u011bdom\u00e1. Proces pr\u00e1ce s n\u00ed nelze sledovat, proto\u017ee prob\u00edh\u00e1 v hlav\u011b pracovn\u00edka, kam mana\u017eer nevid\u00ed. Mana\u017ee\u0159i znalostn\u00edch pracovn\u00edk\u016f proto nemohou pou\u017e\u00edvat n\u011bkter\u00e9 tradi\u010dn\u00ed mana\u017eersk\u00e9 n\u00e1stroje. Znalostn\u00ed pr\u00e1ce tak\u00e9 m\u011bn\u00ed mocensk\u00fd vztah v organizaci. Moc p\u0159ech\u00e1z\u00ed z toho, kdo \u0159\u00edd\u00ed na toho, kdo m\u00e1 znalost.<br \/>\nNa Policejn\u00ed akademii \u010cesk\u00e9 republiky v Praze prob\u011bhl na konci roku 2010 pilotn\u00ed projekt v\u00fdzkumu orientovan\u00e9ho na pr\u00e1ci znalostn\u00edch pracovn\u00edk\u016f se znalostmi a na jejich \u0159\u00edzen\u00ed. Mezi respondenty bylo 59 policist\u016f. I kdy\u017e se jednalo o mal\u00fd vzorek, pilotn\u00ed v\u00fdzkum potvrdil, \u017ee policist\u00e9 jsou znalostn\u00edmi pracovn\u00edky. Potvrdil tak\u00e9 v\u00fdznam znalost\u00ed pro znalostn\u00ed pracovn\u00edky a nazna\u010dil i posun v ch\u00e1p\u00e1n\u00ed role mana\u017eera v organizace a po\u017eadavk\u016f na jeho styl \u0159\u00edzen\u00ed. V\u00fdzkum pokra\u010duje, v budoucnu do n\u011bj budou za\u0159azeny i skupiny znalostn\u00edch pracovn\u00edk\u016f z jin\u00fdch profes\u00ed.<br \/>\n<strong>Kl\u00ed\u010dov\u00e1 slova:<\/strong>\u00a0znalost, explicitn\u00ed znalost, tacitn\u00ed znalost, znalostn\u00ed pracovn\u00edk, management znalostn\u00edch pracovn\u00edk\u016f<\/p>\n<p><a href=\"https:\/\/veda.polac.cz\/?page_id=1271\">03\/2011<\/a><\/p>\n<p>&nbsp;<\/p>\n","protected":false},"excerpt":{"rendered":"<p>Resum\u00e9 \u010dl\u00e1nku P\u0159\u00edslu\u0161n\u00edci Policie \u010cesk\u00e9 republiky jako znalostn\u00ed pracovn\u00edci doc. Ing. Ludmila Ml\u00e1dkov\u00e1, Ph.D. P\u0159\u00edsp\u011bvek se zab\u00fdv\u00e1 problematikou znalostn\u00edch pracovn\u00edk\u016f. Je v\u00fdstupem d\u00edl\u010d\u00edho v\u00fdzkumn\u00e9ho \u00fakolu \u010d. 4\/3 Syst\u00e9m \u0159\u00edzen\u00ed st\u00e1tn\u00edch organizac\u00ed, jeho charakter a z\u00e1kladn\u00ed probl\u00e9my, kter\u00fd je sou\u010d\u00e1st\u00ed V\u00fdzkumn\u00e9ho projektu PA \u010cR v Praze na l\u00e9ta 2011-2015. V\u00fdznam znalostn\u00edch pracovn\u00edk\u016f nar\u016fst\u00e1. Mana\u017ee\u0159i se p\u0159i [&hellip;]<\/p>\n","protected":false},"author":2,"featured_media":0,"parent":0,"menu_order":6,"comment_status":"closed","ping_status":"closed","template":"","meta":{"footnotes":""},"class_list":["post-1298","page","type-page","status-publish","hentry"],"_links":{"self":[{"href":"https:\/\/veda.polac.cz\/index.php?rest_route=\/wp\/v2\/pages\/1298","targetHints":{"allow":["GET"]}}],"collection":[{"href":"https:\/\/veda.polac.cz\/index.php?rest_route=\/wp\/v2\/pages"}],"about":[{"href":"https:\/\/veda.polac.cz\/index.php?rest_route=\/wp\/v2\/types\/page"}],"author":[{"embeddable":true,"href":"https:\/\/veda.polac.cz\/index.php?rest_route=\/wp\/v2\/users\/2"}],"replies":[{"embeddable":true,"href":"https:\/\/veda.polac.cz\/index.php?rest_route=%2Fwp%2Fv2%2Fcomments&post=1298"}],"version-history":[{"count":2,"href":"https:\/\/veda.polac.cz\/index.php?rest_route=\/wp\/v2\/pages\/1298\/revisions"}],"predecessor-version":[{"id":1319,"href":"https:\/\/veda.polac.cz\/index.php?rest_route=\/wp\/v2\/pages\/1298\/revisions\/1319"}],"wp:attachment":[{"href":"https:\/\/veda.polac.cz\/index.php?rest_route=%2Fwp%2Fv2%2Fmedia&parent=1298"}],"curies":[{"name":"wp","href":"https:\/\/api.w.org\/{rel}","templated":true}]}}