{"id":1296,"date":"2018-09-15T22:27:38","date_gmt":"2018-09-15T22:27:38","guid":{"rendered":"http:\/\/veda.polac.cz\/?page_id=1296"},"modified":"2018-10-27T18:59:42","modified_gmt":"2018-10-27T18:59:42","slug":"5-2-6","status":"publish","type":"page","link":"https:\/\/veda.polac.cz\/?page_id=1296","title":{"rendered":""},"content":{"rendered":"<p style=\"text-align: center;\">Resum\u00e9 \u010dl\u00e1nku<\/p>\n<p><strong>Energetick\u00e1 bezpe\u010dnost \u010cesk\u00e9 republiky v kontextu Evropsk\u00e9 unie a Ruska.<\/strong><br \/>\n<i>Ing. Pavel Svoboda, Ing. Stanislav Burian, Mgr. Franti\u0161ek H\u0159eb\u00edk, Ph.D., doc. Ing. Josef Br\u010d\u00e1k, CSc.<\/p>\n<p><\/i>P\u0159\u00edsp\u011bvek se zab\u00fdv\u00e1 situac\u00ed energetick\u00e9 bezpe\u010dnosti v \u010cesk\u00e9 republice v r\u00e1mci Evropsk\u00e9 unie se speci\u00e1ln\u00edm zam\u011b\u0159en\u00edm na Ruskou federaci, jako jednoho z hlavn\u00edch import\u00e9r\u016f energetick\u00fdch surovin do oblasti a tedy potenci\u00e1ln\u00ed zdroj rizika p\u0159eru\u0161en\u00ed dod\u00e1vek. N\u00e1pln\u00ed \u010dl\u00e1nku je tedy osv\u011btlen\u00ed dlouhodob\u00fdch energetick\u00fdch strategi\u00ed Evropsk\u00e9 unie, kter\u00e9 si, mimo jin\u00e9, d\u00e1vaj\u00ed za c\u00edl zv\u00fd\u0161en\u00ed bezpe\u010dnosti regionu v\u011bt\u0161\u00ed diversifikac\u00ed energetick\u00fdch zdroj\u016f a podporu generace alternativn\u00edch\/ obnoviteln\u00fdch zdroj\u016f. Z hlediska \u010cesk\u00e9 republiky je rozebr\u00e1n probl\u00e9m z\u00e1vislosti na specifick\u00fdch dovozech z Ruska, kde se jedn\u00e1 zejm\u00e9na o zemn\u00ed plyn a ropu, a tak\u00e9 je kvantifikov\u00e1n pod\u00edl \u010cR na celkov\u00e9 importn\u00ed nestabilit\u011b regionu. Posledn\u00ed \u010d\u00e1st\u00ed je charakteristika a pozice Ruska v syst\u00e9mu dod\u00e1vek energetick\u00fdch surovin.<br \/>\n<strong>Kl\u00ed\u010dov\u00e1 slova<\/strong>\u00a0Energetick\u00e1 bezpe\u010dnost, strategie, p\u0159\u00edrodn\u00ed zdroje, CERE index, obnoviteln\u00e9 zdroje<\/p>\n<p><a href=\"https:\/\/veda.polac.cz\/?page_id=1271\">03\/2011<\/a><\/p>\n","protected":false},"excerpt":{"rendered":"<p>Resum\u00e9 \u010dl\u00e1nku Energetick\u00e1 bezpe\u010dnost \u010cesk\u00e9 republiky v kontextu Evropsk\u00e9 unie a Ruska. Ing. Pavel Svoboda, Ing. Stanislav Burian, Mgr. Franti\u0161ek H\u0159eb\u00edk, Ph.D., doc. Ing. Josef Br\u010d\u00e1k, CSc. P\u0159\u00edsp\u011bvek se zab\u00fdv\u00e1 situac\u00ed energetick\u00e9 bezpe\u010dnosti v \u010cesk\u00e9 republice v r\u00e1mci Evropsk\u00e9 unie se speci\u00e1ln\u00edm zam\u011b\u0159en\u00edm na Ruskou federaci, jako jednoho z hlavn\u00edch import\u00e9r\u016f energetick\u00fdch surovin do oblasti [&hellip;]<\/p>\n","protected":false},"author":2,"featured_media":0,"parent":0,"menu_order":5,"comment_status":"closed","ping_status":"closed","template":"","meta":{"footnotes":""},"class_list":["post-1296","page","type-page","status-publish","hentry"],"_links":{"self":[{"href":"https:\/\/veda.polac.cz\/index.php?rest_route=\/wp\/v2\/pages\/1296","targetHints":{"allow":["GET"]}}],"collection":[{"href":"https:\/\/veda.polac.cz\/index.php?rest_route=\/wp\/v2\/pages"}],"about":[{"href":"https:\/\/veda.polac.cz\/index.php?rest_route=\/wp\/v2\/types\/page"}],"author":[{"embeddable":true,"href":"https:\/\/veda.polac.cz\/index.php?rest_route=\/wp\/v2\/users\/2"}],"replies":[{"embeddable":true,"href":"https:\/\/veda.polac.cz\/index.php?rest_route=%2Fwp%2Fv2%2Fcomments&post=1296"}],"version-history":[{"count":2,"href":"https:\/\/veda.polac.cz\/index.php?rest_route=\/wp\/v2\/pages\/1296\/revisions"}],"predecessor-version":[{"id":1318,"href":"https:\/\/veda.polac.cz\/index.php?rest_route=\/wp\/v2\/pages\/1296\/revisions\/1318"}],"wp:attachment":[{"href":"https:\/\/veda.polac.cz\/index.php?rest_route=%2Fwp%2Fv2%2Fmedia&parent=1296"}],"curies":[{"name":"wp","href":"https:\/\/api.w.org\/{rel}","templated":true}]}}