{"id":1288,"date":"2018-09-15T22:13:52","date_gmt":"2018-09-15T22:13:52","guid":{"rendered":"http:\/\/veda.polac.cz\/?page_id=1288"},"modified":"2018-11-02T22:21:11","modified_gmt":"2018-11-02T22:21:11","slug":"2-2-8","status":"publish","type":"page","link":"https:\/\/veda.polac.cz\/?page_id=1288","title":{"rendered":""},"content":{"rendered":"<p style=\"text-align: center;\">Resum\u00e9 \u010dl\u00e1nku<\/p>\n<p><strong>Po\u017eadavky na p\u0159\u00edpravu specialisty v oboru pr\u00e1va: o\u010dek\u00e1v\u00e1n\u00ed st\u00e1tu a spole\u010dnosti (p\u0159\u00edsp\u011bvek v rusk\u00e9m jazyce)<\/strong><br \/>\n<i>Ku\u010deravyj, A. A.<\/i><\/p>\n<p>\u010cl\u00e1nek se zab\u00fdv\u00e1 problematikou p\u0159\u00edpravy specialist\u016f v oblasti pr\u00e1va, zejm\u00e9na nakolik je tato p\u0159\u00edprava v souladu s re\u00e1ln\u00fdmi pot\u0159ebami spole\u010dnosti a st\u00e1tu. Je zkoum\u00e1n cel\u00fd soubor pot\u0159eb souvisej\u00edc\u00edch s pln\u011bn\u00edm funkc\u00ed, kter\u00e9 prov\u00e1d\u00ed tito specialist\u00e9 ve st\u00e1tn\u00ed sf\u00e9\u0159e.<br \/>\n<strong>Kl\u00ed\u010dov\u00e1 slova:<\/strong>\u00a0pr\u00e1vo, edukace, st\u00e1t, spole\u010dnost, pot\u0159eby<\/p>\n<p><a href=\"https:\/\/veda.polac.cz\/?page_id=1271\">03\/2011<\/a><\/p>\n","protected":false},"excerpt":{"rendered":"<p>Resum\u00e9 \u010dl\u00e1nku Po\u017eadavky na p\u0159\u00edpravu specialisty v oboru pr\u00e1va: o\u010dek\u00e1v\u00e1n\u00ed st\u00e1tu a spole\u010dnosti (p\u0159\u00edsp\u011bvek v rusk\u00e9m jazyce) Ku\u010deravyj, A. A. \u010cl\u00e1nek se zab\u00fdv\u00e1 problematikou p\u0159\u00edpravy specialist\u016f v oblasti pr\u00e1va, zejm\u00e9na nakolik je tato p\u0159\u00edprava v souladu s re\u00e1ln\u00fdmi pot\u0159ebami spole\u010dnosti a st\u00e1tu. Je zkoum\u00e1n cel\u00fd soubor pot\u0159eb souvisej\u00edc\u00edch s pln\u011bn\u00edm funkc\u00ed, kter\u00e9 prov\u00e1d\u00ed tito specialist\u00e9 [&hellip;]<\/p>\n","protected":false},"author":2,"featured_media":0,"parent":1271,"menu_order":2,"comment_status":"closed","ping_status":"closed","template":"","meta":{"footnotes":""},"class_list":["post-1288","page","type-page","status-publish","hentry"],"_links":{"self":[{"href":"https:\/\/veda.polac.cz\/index.php?rest_route=\/wp\/v2\/pages\/1288","targetHints":{"allow":["GET"]}}],"collection":[{"href":"https:\/\/veda.polac.cz\/index.php?rest_route=\/wp\/v2\/pages"}],"about":[{"href":"https:\/\/veda.polac.cz\/index.php?rest_route=\/wp\/v2\/types\/page"}],"author":[{"embeddable":true,"href":"https:\/\/veda.polac.cz\/index.php?rest_route=\/wp\/v2\/users\/2"}],"replies":[{"embeddable":true,"href":"https:\/\/veda.polac.cz\/index.php?rest_route=%2Fwp%2Fv2%2Fcomments&post=1288"}],"version-history":[{"count":3,"href":"https:\/\/veda.polac.cz\/index.php?rest_route=\/wp\/v2\/pages\/1288\/revisions"}],"predecessor-version":[{"id":2149,"href":"https:\/\/veda.polac.cz\/index.php?rest_route=\/wp\/v2\/pages\/1288\/revisions\/2149"}],"up":[{"embeddable":true,"href":"https:\/\/veda.polac.cz\/index.php?rest_route=\/wp\/v2\/pages\/1271"}],"wp:attachment":[{"href":"https:\/\/veda.polac.cz\/index.php?rest_route=%2Fwp%2Fv2%2Fmedia&parent=1288"}],"curies":[{"name":"wp","href":"https:\/\/api.w.org\/{rel}","templated":true}]}}