{"id":128,"date":"2018-09-07T14:59:30","date_gmt":"2018-09-07T14:59:30","guid":{"rendered":"http:\/\/veda.polac.cz\/?page_id=128"},"modified":"2019-04-15T09:29:19","modified_gmt":"2019-04-15T09:29:19","slug":"resume-02-18","status":"publish","type":"page","link":"https:\/\/veda.polac.cz\/?page_id=128","title":{"rendered":""},"content":{"rendered":"<p style=\"text-align: center;\">Resum\u00e9 \u010dl\u00e1nku<\/p>\n<p style=\"direction: ltr;\"><strong>Identifikace a faktorov\u00e9 uspo\u0159\u00e1d\u00e1n\u00ed hrozeb pro kontinuitu \u010dinnost\u00ed organizac\u00ed ve\u0159ejn\u00e9 spr\u00e1vy v<br \/>\n<\/strong><em>Ing. Ond\u0159ej Bos, Policejn\u00ed akademie \u010cesk\u00e9 republiky v Praze, Fakulta bezpe\u010dnostn\u00edho managementu, katedra krizov\u00e9ho \u0159\u00edzen\u00ed<br \/>\n<\/em><em>Dr. Zden\u011bk Kova\u0159\u00edk, CSc., Policejn\u00ed akademie \u010cesk\u00e9 republiky v Praze odd\u011blen\u00ed v\u011bdy a v\u00fdzkumu<\/em><\/p>\n<p style=\"direction: ltr;\">P\u0159edlo\u017een\u00fd p\u0159\u00edsp\u011bvek je zam\u011b\u0159en na posouzen\u00ed v\u00fdsledk\u016f hodnocen\u00ed typov\u00fdch hrozeb pro kontinuitu provozu organizac\u00ed ve\u0159ejn\u00e9 spr\u00e1vy. Vstupn\u00ed \u00fadaje byly z\u00edsk\u00e1ny z v\u00fdzkumu, jeho\u017e se jako respondenti z\u00fa\u010dastnili mana\u017ee\u0159i a odborn\u00ed zam\u011bstnanci obc\u00ed s roz\u0161\u00ed\u0159enou p\u016fsobnost\u00ed, krajsk\u00fdch \u00fa\u0159ad\u016f, slu\u017eebn\u00edch \u00fa\u0159ad\u016f, \u00fatvar\u016f Policie \u010cesk\u00e9 republiky a \u00fatvar\u016f Hasi\u010dsk\u00e9ho z\u00e1chrann\u00e9ho sboru \u010cesk\u00e9 republiky. C\u00edlem \u010dl\u00e1nku je ov\u011b\u0159en\u00ed v\u00fdzkumn\u00fdch p\u0159edpoklad\u016f zam\u011b\u0159en\u00fdch na:<br \/>\na) porovn\u00e1n\u00ed v\u00fdsledk\u016f pr\u016fzkumu s aktu\u00e1ln\u00edmi v\u00fdsledky glob\u00e1ln\u00edho hodnocen\u00ed hrozeb pro zaji\u0161t\u011bn\u00ed kontinuity (BCI Horizon Scan),<br \/>\nb) mezi\u010dasov\u00e9 hodnocen\u00ed v\u00fdvoje vn\u00edm\u00e1n\u00ed hrozeb v t\u0159\u00edlet\u00e9m horizontu a<br \/>\nc) sdru\u017een\u00ed 29 typov\u00fdch hrozeb do oblast\u00ed dle relevance s vyu\u017eit\u00edm kvantitativn\u00ed analytick\u00e9 metody &#8211; explora\u010dn\u00ed faktorov\u00e9 anal\u00fdzy.<br \/>\n<strong>Kl\u00ed\u010dov\u00e1 slova:\u00a0\u0159\u00edzen\u00ed kontinuity \u010dinnost\u00ed, Business Continuity Management (BCM), ve\u0159ejn\u00e1 spr\u00e1va, organizace ve\u0159ejn\u00e9 spr\u00e1vy, explora\u010dn\u00ed faktorov\u00e1 anal\u00fdza.\u00a0<\/strong><\/p>\n<p><a href=\"https:\/\/veda.polac.cz\/wp-content\/uploads\/2018\/11\/0218Identifikace-a-faktorov\u00e9-uspo\u0159\u00e1d\u00e1n\u00ed-hrozeb-pro-kontinuitu-\u010dinnost\u00ed-organizac\u00ed-ve\u0159ejn\u00e9-spr\u00e1vy-v-\u010cR-1.pdf\">Pdf form\u00e1t<\/a><\/p>\n<p><a href=\"https:\/\/veda.polac.cz\/?page_id=81\">zp\u011bt na 02\/2018<\/a><\/p>\n","protected":false},"excerpt":{"rendered":"<p>Resum\u00e9 \u010dl\u00e1nku Identifikace a faktorov\u00e9 uspo\u0159\u00e1d\u00e1n\u00ed hrozeb pro kontinuitu \u010dinnost\u00ed organizac\u00ed ve\u0159ejn\u00e9 spr\u00e1vy v Ing. Ond\u0159ej Bos, Policejn\u00ed akademie \u010cesk\u00e9 republiky v Praze, Fakulta bezpe\u010dnostn\u00edho managementu, katedra krizov\u00e9ho \u0159\u00edzen\u00ed Dr. Zden\u011bk Kova\u0159\u00edk, CSc., Policejn\u00ed akademie \u010cesk\u00e9 republiky v Praze odd\u011blen\u00ed v\u011bdy a v\u00fdzkumu P\u0159edlo\u017een\u00fd p\u0159\u00edsp\u011bvek je zam\u011b\u0159en na posouzen\u00ed v\u00fdsledk\u016f hodnocen\u00ed typov\u00fdch hrozeb pro kontinuitu [&hellip;]<\/p>\n","protected":false},"author":2,"featured_media":0,"parent":81,"menu_order":0,"comment_status":"closed","ping_status":"closed","template":"","meta":{"footnotes":""},"class_list":["post-128","page","type-page","status-publish","hentry"],"_links":{"self":[{"href":"https:\/\/veda.polac.cz\/index.php?rest_route=\/wp\/v2\/pages\/128","targetHints":{"allow":["GET"]}}],"collection":[{"href":"https:\/\/veda.polac.cz\/index.php?rest_route=\/wp\/v2\/pages"}],"about":[{"href":"https:\/\/veda.polac.cz\/index.php?rest_route=\/wp\/v2\/types\/page"}],"author":[{"embeddable":true,"href":"https:\/\/veda.polac.cz\/index.php?rest_route=\/wp\/v2\/users\/2"}],"replies":[{"embeddable":true,"href":"https:\/\/veda.polac.cz\/index.php?rest_route=%2Fwp%2Fv2%2Fcomments&post=128"}],"version-history":[{"count":12,"href":"https:\/\/veda.polac.cz\/index.php?rest_route=\/wp\/v2\/pages\/128\/revisions"}],"predecessor-version":[{"id":2303,"href":"https:\/\/veda.polac.cz\/index.php?rest_route=\/wp\/v2\/pages\/128\/revisions\/2303"}],"up":[{"embeddable":true,"href":"https:\/\/veda.polac.cz\/index.php?rest_route=\/wp\/v2\/pages\/81"}],"wp:attachment":[{"href":"https:\/\/veda.polac.cz\/index.php?rest_route=%2Fwp%2Fv2%2Fmedia&parent=128"}],"curies":[{"name":"wp","href":"https:\/\/api.w.org\/{rel}","templated":true}]}}