{"id":1271,"date":"2018-09-15T21:03:59","date_gmt":"2018-09-15T21:03:59","guid":{"rendered":"http:\/\/veda.polac.cz\/?page_id=1271"},"modified":"2019-04-18T10:41:32","modified_gmt":"2019-04-18T10:41:32","slug":"03-2011","status":"publish","type":"page","link":"https:\/\/veda.polac.cz\/?page_id=1271","title":{"rendered":"03\/2011"},"content":{"rendered":"<p><a href=\"https:\/\/veda.polac.cz\/?page_id=1286\"><strong>Obchodovanie s \u013eu\u010fmi v Slovenskej republike v najviac ohrozenej komunite\u00a0<\/strong><\/a><br \/>\nIng. Pavel Soukop, plk. Ing. Jozef Hlinka, prof. Ing. Anton Tallo, CSc.<\/p>\n<hr \/>\n<p><a href=\"https:\/\/veda.polac.cz\/?page_id=1288\"><strong>Po\u017eadavky na p\u0159\u00edpravu specialisty v oboru pr\u00e1va: o\u010dek\u00e1v\u00e1n\u00ed st\u00e1tu a spole\u010dnosti (p\u0159\u00edsp\u011bvek v rusk\u00e9m jazyce)\u00a0<\/strong><\/a><br \/>\nKu\u010deravyj, A. A.<\/p>\n<hr \/>\n<p><a href=\"https:\/\/veda.polac.cz\/?page_id=1291\"><strong>K z\u00e1kladn\u00fdm podmienkam pr\u00edpustn\u00e9ho z\u00e1sahu do z\u00e1kladn\u00fdch pr\u00e1v a slob\u00f4d policajn\u00fdm konan\u00edm v Slovenskej republike (z poh\u013eadu z\u00e1kona o Policajnom zbore) II. \u010das\u0165\u00a0<\/strong><\/a><br \/>\nmjr. JUDr. Martin Cu\u013eba, pplk. JUDr. Miroslav Felcan, PhD.<\/p>\n<hr \/>\n<p><a href=\"https:\/\/veda.polac.cz\/?page_id=1293\"><strong>Otazn\u00edky na cest\u011b soudob\u00e9ho etick\u00e9ho my\u0161len\u00ed<\/strong><\/a><br \/>\nPhDr. Petr Nesvadba, CSc.<\/p>\n<hr \/>\n<p><a href=\"https:\/\/veda.polac.cz\/?page_id=1296\"><strong>Energetick\u00e1 bezpe\u010dnost \u010cesk\u00e9 republiky v kontextu Evropsk\u00e9 unie a Ruska<\/strong><\/a><br \/>\nIng. Pavel Svoboda, Ing. Stanislav Burian, Mgr. Franti\u0161ek H\u0159eb\u00edk, Ph.D., doc. Ing. Josef Br\u010d\u00e1k, CSc.<\/p>\n<hr \/>\n<p><a href=\"https:\/\/veda.polac.cz\/?page_id=1298\"><strong>P\u0159\u00edslu\u0161n\u00edci Policie \u010cesk\u00e9 republiky jako znalostn\u00ed pracovn\u00edci<\/strong><\/a><br \/>\ndoc. Ing. Ludmila Ml\u00e1dkov\u00e1, Ph.D.<\/p>\n<hr \/>\n<p><a href=\"https:\/\/veda.polac.cz\/?page_id=1300\"><strong>Riziko pro cestuj\u00edc\u00ed spojen\u00e9 s kontrolou pomoc\u00ed celot\u011blov\u00e9ho leti\u0161tn\u00edho bezpe\u010dnostn\u00edho skeneru<\/strong><\/a><br \/>\nprof. Ing. Bed\u0159ich \u0160est\u00e1k, DrSc., doc. Ing. Jozef Sabol, DrSc.<\/p>\n<hr \/>\n<p><a href=\"https:\/\/veda.polac.cz\/?page_id=1302\"><strong>Mo\u017enosti orienta\u010dn\u00ed detekce drog v doprav\u011b<\/strong><\/a><br \/>\npplk. JUDr. Ing. Marek Bla\u017eejovsk\u00fd<\/p>\n<hr \/>\n<p><a href=\"https:\/\/veda.polac.cz\/?page_id=1304\"><strong>Fotbalov\u00e9 chulig\u00e1nstv\u00ed v zem\u00edch Visegradsk\u00e9 \u010dty\u0159ky<\/strong><\/a><br \/>\nPhDr. Josef Smol\u00edk, Ph.D.<\/p>\n<hr \/>\n<p><a href=\"https:\/\/veda.polac.cz\/?page_id=1306\"><strong>Co znamen\u00e1 b\u00fdt tolerantn\u00ed?<\/strong><\/a><br \/>\nPhDr. Petr Nesvadba, CSc.<\/p>\n<hr \/>\n<p><a href=\"https:\/\/veda.polac.cz\/?page_id=1308\"><strong>Metoda hodnot\u00edc\u00edho rozhovoru v r\u00e1mci hodnocen\u00ed p\u0159\u00edslu\u0161n\u00edk\u016f Policie \u010cesk\u00e9 republiky &#8211; v\u00fdstupy z v\u00fdzkumu realizovan\u00e9ho u studuj\u00edc\u00edch policist\u016f na PA \u010cR v Praze. \u010c\u00e1st 3.<\/strong><\/a><br \/>\nPhDr. Petr Jedin\u00e1k, Ph.D., dr. Bc. J\u00e1n \u0160ug\u00e1r, CSc.<\/p>\n<hr \/>\n<p><a href=\"https:\/\/veda.polac.cz\/?page_id=1311\"><strong>Island: Zem\u011b netradi\u010dn\u00edch bezpe\u010dnostn\u00edch \u0159e\u0161en\u00ed<\/strong><\/a><br \/>\nMgr. Old\u0159ich Krul\u00edk, Ph.D., Bc. Barbara Loudov\u00e1<\/p>\n<hr \/>\n<p><a href=\"https:\/\/veda.polac.cz\/?page_id=1313\"><strong>Zem\u011b Z\u00e1padn\u00edho Balk\u00e1nu: 3. \u010d\u00e1st. \u010cern\u00e1 Hora, Makedonie,Bosna a Hercegovina, Alb\u00e1nie, Kosovo<\/strong><\/a><br \/>\nMgr. Luk\u00e1\u0161 Harazin, Mgr. Old\u0159ich Krul\u00edk, Ph.D., Ing. Alen Stranjik, prof. Ing. Bed\u0159ich \u0160est\u00e1k, DrSc.<\/p>\n<hr \/>\n<p><a href=\"https:\/\/veda.polac.cz\/?page_id=235\">Zp\u011bt<\/a><\/p>\n","protected":false},"excerpt":{"rendered":"<p>Obchodovanie s \u013eu\u010fmi v Slovenskej republike v najviac ohrozenej komunite\u00a0 Ing. Pavel Soukop, plk. Ing. Jozef Hlinka, prof. Ing. Anton Tallo, CSc. Po\u017eadavky na p\u0159\u00edpravu specialisty v oboru pr\u00e1va: o\u010dek\u00e1v\u00e1n\u00ed st\u00e1tu a spole\u010dnosti (p\u0159\u00edsp\u011bvek v rusk\u00e9m jazyce)\u00a0 Ku\u010deravyj, A. A. K z\u00e1kladn\u00fdm podmienkam pr\u00edpustn\u00e9ho z\u00e1sahu do z\u00e1kladn\u00fdch pr\u00e1v a slob\u00f4d policajn\u00fdm konan\u00edm v Slovenskej republike [&hellip;]<\/p>\n","protected":false},"author":2,"featured_media":0,"parent":235,"menu_order":23,"comment_status":"closed","ping_status":"closed","template":"","meta":{"footnotes":""},"class_list":["post-1271","page","type-page","status-publish","hentry"],"_links":{"self":[{"href":"https:\/\/veda.polac.cz\/index.php?rest_route=\/wp\/v2\/pages\/1271","targetHints":{"allow":["GET"]}}],"collection":[{"href":"https:\/\/veda.polac.cz\/index.php?rest_route=\/wp\/v2\/pages"}],"about":[{"href":"https:\/\/veda.polac.cz\/index.php?rest_route=\/wp\/v2\/types\/page"}],"author":[{"embeddable":true,"href":"https:\/\/veda.polac.cz\/index.php?rest_route=\/wp\/v2\/users\/2"}],"replies":[{"embeddable":true,"href":"https:\/\/veda.polac.cz\/index.php?rest_route=%2Fwp%2Fv2%2Fcomments&post=1271"}],"version-history":[{"count":4,"href":"https:\/\/veda.polac.cz\/index.php?rest_route=\/wp\/v2\/pages\/1271\/revisions"}],"predecessor-version":[{"id":2621,"href":"https:\/\/veda.polac.cz\/index.php?rest_route=\/wp\/v2\/pages\/1271\/revisions\/2621"}],"up":[{"embeddable":true,"href":"https:\/\/veda.polac.cz\/index.php?rest_route=\/wp\/v2\/pages\/235"}],"wp:attachment":[{"href":"https:\/\/veda.polac.cz\/index.php?rest_route=%2Fwp%2Fv2%2Fmedia&parent=1271"}],"curies":[{"name":"wp","href":"https:\/\/api.w.org\/{rel}","templated":true}]}}