{"id":1260,"date":"2018-09-15T20:53:51","date_gmt":"2018-09-15T20:53:51","guid":{"rendered":"http:\/\/veda.polac.cz\/?page_id=1260"},"modified":"2018-10-27T18:59:25","modified_gmt":"2018-10-27T18:59:25","slug":"9-2-4","status":"publish","type":"page","link":"https:\/\/veda.polac.cz\/?page_id=1260","title":{"rendered":""},"content":{"rendered":"<p style=\"text-align: center;\">Resum\u00e9 \u010dl\u00e1nku<\/p>\n<p><strong>Konvergencia kriminol\u00f3gie ako vedn\u00e9ho odboru a predmetu v\u00fdu\u010dby na Akad\u00e9mii PZ v Bratislave<\/strong><br \/>\n<i>PhDr. Magdal\u00e9na Ondicov\u00e1, PhD.<\/p>\n<p><\/i>\u010cl\u00e1nek je publikov\u00e1n v n\u00e1vaznosti na p\u0159\u00edsp\u011bvek Zoubkov\u00e1, Ivana &#8222;Kriminologie jako studijn\u00ed p\u0159edm\u011bt a v\u011bdn\u00ed obor&#8220; zve\u0159ejn\u011bn\u00e9m v periodiku Bezpe\u010dnostn\u00ed teorie a praxe 3\/2010. Autorka se zam\u00fd\u0161l\u00ed nad postaven\u00edm p\u0159edm\u011btu &#8222;Kriminologie&#8220; ve v\u00fduce Akad\u00e9mie Policajn\u00e9ho zboru v Bratislav\u011b v r\u00e1mci studijn\u00edho oboru &#8222;Bezpe\u010dnostn\u00e1 slu\u017eba&#8220; Zd\u016fraz\u0148uje vazbu tohoto p\u0159edm\u011btu na p\u0159edm\u011bt &#8222;Metodol\u00f3gia kriminologick\u00e9ho v\u00fdskumu&#8220;.<br \/>\n<strong>Kl\u00ed\u010dov\u00e1 slova:<\/strong>\u00a0v\u00fduka, Akad\u00e9mia Policajn\u00e9ho zboru, kriminol\u00f3gia<\/p>\n<p><a href=\"https:\/\/veda.polac.cz\/?page_id=1240\">04\/2011<\/a><\/p>\n<p>&nbsp;<\/p>\n","protected":false},"excerpt":{"rendered":"<p>Resum\u00e9 \u010dl\u00e1nku Konvergencia kriminol\u00f3gie ako vedn\u00e9ho odboru a predmetu v\u00fdu\u010dby na Akad\u00e9mii PZ v Bratislave PhDr. Magdal\u00e9na Ondicov\u00e1, PhD. \u010cl\u00e1nek je publikov\u00e1n v n\u00e1vaznosti na p\u0159\u00edsp\u011bvek Zoubkov\u00e1, Ivana &#8222;Kriminologie jako studijn\u00ed p\u0159edm\u011bt a v\u011bdn\u00ed obor&#8220; zve\u0159ejn\u011bn\u00e9m v periodiku Bezpe\u010dnostn\u00ed teorie a praxe 3\/2010. Autorka se zam\u00fd\u0161l\u00ed nad postaven\u00edm p\u0159edm\u011btu &#8222;Kriminologie&#8220; ve v\u00fduce Akad\u00e9mie Policajn\u00e9ho zboru [&hellip;]<\/p>\n","protected":false},"author":2,"featured_media":0,"parent":0,"menu_order":9,"comment_status":"closed","ping_status":"closed","template":"","meta":{"footnotes":""},"class_list":["post-1260","page","type-page","status-publish","hentry"],"_links":{"self":[{"href":"https:\/\/veda.polac.cz\/index.php?rest_route=\/wp\/v2\/pages\/1260","targetHints":{"allow":["GET"]}}],"collection":[{"href":"https:\/\/veda.polac.cz\/index.php?rest_route=\/wp\/v2\/pages"}],"about":[{"href":"https:\/\/veda.polac.cz\/index.php?rest_route=\/wp\/v2\/types\/page"}],"author":[{"embeddable":true,"href":"https:\/\/veda.polac.cz\/index.php?rest_route=\/wp\/v2\/users\/2"}],"replies":[{"embeddable":true,"href":"https:\/\/veda.polac.cz\/index.php?rest_route=%2Fwp%2Fv2%2Fcomments&post=1260"}],"version-history":[{"count":2,"href":"https:\/\/veda.polac.cz\/index.php?rest_route=\/wp\/v2\/pages\/1260\/revisions"}],"predecessor-version":[{"id":1282,"href":"https:\/\/veda.polac.cz\/index.php?rest_route=\/wp\/v2\/pages\/1260\/revisions\/1282"}],"wp:attachment":[{"href":"https:\/\/veda.polac.cz\/index.php?rest_route=%2Fwp%2Fv2%2Fmedia&parent=1260"}],"curies":[{"name":"wp","href":"https:\/\/api.w.org\/{rel}","templated":true}]}}