{"id":1258,"date":"2018-09-15T20:52:54","date_gmt":"2018-09-15T20:52:54","guid":{"rendered":"http:\/\/veda.polac.cz\/?page_id=1258"},"modified":"2018-10-27T18:59:25","modified_gmt":"2018-10-27T18:59:25","slug":"8-2-4","status":"publish","type":"page","link":"https:\/\/veda.polac.cz\/?page_id=1258","title":{"rendered":""},"content":{"rendered":"<p style=\"text-align: center;\">Resum\u00e9 \u010dl\u00e1nku<\/p>\n<p><strong>Vliv teorie ve\u0159ejn\u00e9 volby na v\u00fdkon mana\u017eersk\u00fdch funkc\u00ed ve ve\u0159ejn\u00e9 spr\u00e1v\u011b<\/strong><br \/>\n<i>Ing. Miroslav \u010cervenka<\/p>\n<p><\/i>P\u0159\u00edsp\u011bvek se zab\u00fdv\u00e1 rozd\u00edly mezi managementem v soukrom\u00e9m sektoru a ve ve\u0159ejn\u00e9m sektoru. Porovn\u00e1v\u00e1 po\u017eadavky na mana\u017eery v soukrom\u00e9m sektoru a ve ve\u0159ejn\u00e9m sektoru. Autor formuluje hlavn\u00ed \u00fakoly mana\u017eera ve ve\u0159ejn\u00e9 spr\u00e1v\u011b. St\u011b\u017eejn\u00ed \u010d\u00e1st je v\u011bnov\u00e1na vlivu teorie ve\u0159ejn\u00e9 volby na v\u00fdkon n\u011bkter\u00fdch mana\u017eersk\u00fdch funkc\u00ed, autor se zab\u00fdv\u00e1 vlivem jednotliv\u00fdch subjekt\u016f ve\u0159ejn\u00e9 volby na mana\u017eery p\u016fsob\u00edc\u00ed ve ve\u0159ejn\u00e9 spr\u00e1v\u011b. D\u00e1le p\u0159\u00edsp\u011bvek popisuje v\u00fdkon mana\u017eersk\u00fdch funkc\u00ed v subjektech ve\u0159ejn\u00e9 spr\u00e1vy a jeho specifika. Autor doch\u00e1z\u00ed k z\u00e1v\u011bru, \u017ee na v\u00fdkon mana\u017eersk\u00fdch funkc\u00ed ve ve\u0159ejn\u00e9 spr\u00e1v\u011b m\u00e1, na rozd\u00edl od soukrom\u00e9ho sektoru, z\u00e1sadn\u00ed vliv teorie ve\u0159ejn\u00e9 volby, kter\u00e1 ovliv\u0148uje management form\u00e1ln\u011b i neform\u00e1ln\u011b, p\u0159\u00edmo i zpro-st\u0159edkovan\u011b.<br \/>\n<strong>Kl\u00ed\u010dov\u00e1 slova:<\/strong>\u00a0management, mana\u017eersk\u00e9 funkce, teorie ve\u0159ejn\u00e9 volby, ve\u0159ejn\u00e1 spr\u00e1va, ve\u0159ejn\u00fd sektor<\/p>\n<p><a href=\"https:\/\/veda.polac.cz\/?page_id=1240\">04\/2011<\/a><\/p>\n<p>&nbsp;<\/p>\n","protected":false},"excerpt":{"rendered":"<p>Resum\u00e9 \u010dl\u00e1nku Vliv teorie ve\u0159ejn\u00e9 volby na v\u00fdkon mana\u017eersk\u00fdch funkc\u00ed ve ve\u0159ejn\u00e9 spr\u00e1v\u011b Ing. Miroslav \u010cervenka P\u0159\u00edsp\u011bvek se zab\u00fdv\u00e1 rozd\u00edly mezi managementem v soukrom\u00e9m sektoru a ve ve\u0159ejn\u00e9m sektoru. Porovn\u00e1v\u00e1 po\u017eadavky na mana\u017eery v soukrom\u00e9m sektoru a ve ve\u0159ejn\u00e9m sektoru. Autor formuluje hlavn\u00ed \u00fakoly mana\u017eera ve ve\u0159ejn\u00e9 spr\u00e1v\u011b. St\u011b\u017eejn\u00ed \u010d\u00e1st je v\u011bnov\u00e1na vlivu teorie ve\u0159ejn\u00e9 [&hellip;]<\/p>\n","protected":false},"author":2,"featured_media":0,"parent":0,"menu_order":8,"comment_status":"closed","ping_status":"closed","template":"","meta":{"footnotes":""},"class_list":["post-1258","page","type-page","status-publish","hentry"],"_links":{"self":[{"href":"https:\/\/veda.polac.cz\/index.php?rest_route=\/wp\/v2\/pages\/1258","targetHints":{"allow":["GET"]}}],"collection":[{"href":"https:\/\/veda.polac.cz\/index.php?rest_route=\/wp\/v2\/pages"}],"about":[{"href":"https:\/\/veda.polac.cz\/index.php?rest_route=\/wp\/v2\/types\/page"}],"author":[{"embeddable":true,"href":"https:\/\/veda.polac.cz\/index.php?rest_route=\/wp\/v2\/users\/2"}],"replies":[{"embeddable":true,"href":"https:\/\/veda.polac.cz\/index.php?rest_route=%2Fwp%2Fv2%2Fcomments&post=1258"}],"version-history":[{"count":2,"href":"https:\/\/veda.polac.cz\/index.php?rest_route=\/wp\/v2\/pages\/1258\/revisions"}],"predecessor-version":[{"id":1281,"href":"https:\/\/veda.polac.cz\/index.php?rest_route=\/wp\/v2\/pages\/1258\/revisions\/1281"}],"wp:attachment":[{"href":"https:\/\/veda.polac.cz\/index.php?rest_route=%2Fwp%2Fv2%2Fmedia&parent=1258"}],"curies":[{"name":"wp","href":"https:\/\/api.w.org\/{rel}","templated":true}]}}