{"id":1256,"date":"2018-09-15T20:51:52","date_gmt":"2018-09-15T20:51:52","guid":{"rendered":"http:\/\/veda.polac.cz\/?page_id=1256"},"modified":"2018-10-27T18:59:25","modified_gmt":"2018-10-27T18:59:25","slug":"7-2-5","status":"publish","type":"page","link":"https:\/\/veda.polac.cz\/?page_id=1256","title":{"rendered":""},"content":{"rendered":"<p style=\"text-align: center;\">Resum\u00e9 \u010dl\u00e1nku<\/p>\n<p><strong>K prvn\u00ed z\u00e1konn\u00e9 \u00faprav\u011b zpravodajsk\u00fdch slu\u017eeb u n\u00e1s<\/strong><br \/>\n<i>JUDr. Ladislav Pokorn\u00fd, Ph.D.<\/p>\n<p><\/i>\u010cl\u00e1nek je p\u0159ipomenut\u00edm v\u00fdznamu prvn\u00ed z\u00e1konn\u00e9 \u00fapravy existence a \u010dinnosti zpravodajsk\u00fdch slu\u017eeb v \u010cesk\u00e9 republice, okolnost\u00ed jej\u00edho p\u0159ijet\u00ed a jeho obsahu. Pokou\u0161\u00ed se identifikovat a popsat z\u00e1kladn\u00ed po\u017eadavky na pr\u00e1vn\u00ed \u00fapravu zpravodajsk\u00fdch slu\u017eeb existuj\u00edc\u00ed ve standardn\u00edch demokratick\u00fdch st\u00e1tech, kter\u00e9 byly u n\u00e1s poprv\u00e9 aplikov\u00e1ny z\u00e1konem o FBIS. Mezi tyto po\u017eadavky pat\u0159\u00ed zejm\u00e9na z\u00e1konn\u00e1 forma pr\u00e1vn\u00ed \u00fapravy, vyj\u00e1d\u0159en\u00ed principu \u00fastavnosti a z\u00e1konnosti v \u010dinnosti zpravodajsk\u00fdch slu\u017eeb, a z pohledu obsahov\u00e9 kvality jednozna\u010dn\u00e9 vymezen\u00ed p\u016fsobnosti, z\u00e1konn\u00e1 \u00faprava specifick\u00fdch prost\u0159edk\u016f z\u00edsk\u00e1v\u00e1n\u00ed informac\u00ed a podm\u00ednek jejich pou\u017eit\u00ed, a zaveden\u00ed vn\u011bj\u0161\u00ed kontroly zpravodajsk\u00fdch slu\u017eeb v\u010detn\u011b kontroly parlamentn\u00ed.<br \/>\n<strong>Kl\u00ed\u010dov\u00e1 slova:<\/strong>\u00a0zpravodajsk\u00e9 slu\u017eby, pr\u00e1vn\u00ed \u00faprava, Feder\u00e1ln\u00ed bezpe\u010dnostn\u00ed informa\u010dn\u00ed slu\u017eba, \u010cesk\u00e1 republika<\/p>\n<p><a href=\"https:\/\/veda.polac.cz\/?page_id=1240\">04\/2011<\/a><\/p>\n<p>&nbsp;<\/p>\n","protected":false},"excerpt":{"rendered":"<p>Resum\u00e9 \u010dl\u00e1nku K prvn\u00ed z\u00e1konn\u00e9 \u00faprav\u011b zpravodajsk\u00fdch slu\u017eeb u n\u00e1s JUDr. Ladislav Pokorn\u00fd, Ph.D. \u010cl\u00e1nek je p\u0159ipomenut\u00edm v\u00fdznamu prvn\u00ed z\u00e1konn\u00e9 \u00fapravy existence a \u010dinnosti zpravodajsk\u00fdch slu\u017eeb v \u010cesk\u00e9 republice, okolnost\u00ed jej\u00edho p\u0159ijet\u00ed a jeho obsahu. Pokou\u0161\u00ed se identifikovat a popsat z\u00e1kladn\u00ed po\u017eadavky na pr\u00e1vn\u00ed \u00fapravu zpravodajsk\u00fdch slu\u017eeb existuj\u00edc\u00ed ve standardn\u00edch demokratick\u00fdch st\u00e1tech, kter\u00e9 byly u [&hellip;]<\/p>\n","protected":false},"author":2,"featured_media":0,"parent":0,"menu_order":7,"comment_status":"closed","ping_status":"closed","template":"","meta":{"footnotes":""},"class_list":["post-1256","page","type-page","status-publish","hentry"],"_links":{"self":[{"href":"https:\/\/veda.polac.cz\/index.php?rest_route=\/wp\/v2\/pages\/1256","targetHints":{"allow":["GET"]}}],"collection":[{"href":"https:\/\/veda.polac.cz\/index.php?rest_route=\/wp\/v2\/pages"}],"about":[{"href":"https:\/\/veda.polac.cz\/index.php?rest_route=\/wp\/v2\/types\/page"}],"author":[{"embeddable":true,"href":"https:\/\/veda.polac.cz\/index.php?rest_route=\/wp\/v2\/users\/2"}],"replies":[{"embeddable":true,"href":"https:\/\/veda.polac.cz\/index.php?rest_route=%2Fwp%2Fv2%2Fcomments&post=1256"}],"version-history":[{"count":2,"href":"https:\/\/veda.polac.cz\/index.php?rest_route=\/wp\/v2\/pages\/1256\/revisions"}],"predecessor-version":[{"id":1280,"href":"https:\/\/veda.polac.cz\/index.php?rest_route=\/wp\/v2\/pages\/1256\/revisions\/1280"}],"wp:attachment":[{"href":"https:\/\/veda.polac.cz\/index.php?rest_route=%2Fwp%2Fv2%2Fmedia&parent=1256"}],"curies":[{"name":"wp","href":"https:\/\/api.w.org\/{rel}","templated":true}]}}