{"id":1252,"date":"2018-09-15T20:49:36","date_gmt":"2018-09-15T20:49:36","guid":{"rendered":"http:\/\/veda.polac.cz\/?page_id=1252"},"modified":"2018-10-27T18:59:25","modified_gmt":"2018-10-27T18:59:25","slug":"5-2-5","status":"publish","type":"page","link":"https:\/\/veda.polac.cz\/?page_id=1252","title":{"rendered":""},"content":{"rendered":"<p style=\"text-align: center;\">Resum\u00e9 \u010dl\u00e1nku<\/p>\n<p><strong>Metodika \u0161tatistick\u00e9ho projektu na anal\u00fdzu riz\u00edk obc\u00ed a miest<\/strong><br \/>\n<i>doc. Ing. Ladislav Nov\u00e1k, PhD.<\/p>\n<p><\/i>Anal\u00fdza riz\u00edk je nevyhnutnou s\u00fa\u010das\u0165ou a n\u00e1strojom kr\u00edzov\u00e9ho mana\u017ementu. Pri anal\u00fdze riz\u00edk sa pou\u017e\u00edvaj\u00fa r\u00f4zne \u0161tatistick\u00e9 met\u00f3dy. Rie\u0161itelia \u010dasto postupuj\u00fa pri aplik\u00e1ci\u00ed \u0161tatistick\u00fdch met\u00f3d sk\u00f4r intuit\u00edvne ako metodicky. Kvantitat\u00edvne met\u00f3dy anal\u00fdzy riz\u00edk s\u00fa zalo\u017een\u00e9 na mno\u017estve d\u00e1t, ktor\u00e9 sme schopn\u00ed z\u00edska\u0165 z historick\u00fdch mimoriadnych udalost\u00ed, kr\u00edzov\u00fdch situ\u00e1ci\u00ed alebo expertn\u00fdm odhadom reprezen-tat\u00edvnym s\u00faborom expertov. Ak m\u00e1me \u00fadajov dostatok, m\u00f4\u017eeme na ich vyhodnotenie pou\u017ei\u0165 klasick\u00e9 \u0161tatistick\u00e9 met\u00f3dy. V \u010dl\u00e1nku je uveden\u00fd logick\u00fd postup, ktor\u00fd je potrebn\u00e9 pou\u017ei\u0165 pri spracovan\u00ed a rie\u0161en\u00ed \u0161tatistick\u00e9ho projektu zameran\u00e9ho na anal\u00fdzu riz\u00edk.<br \/>\n<strong>K\u013e\u00fa\u010dov\u00e9 slov\u00e1:<\/strong>\u00a0riziko, anal\u00fdza riz\u00edk, kr\u00edza, kr\u00edzov\u00fd mana\u017ement, \u0161tatistick\u00fd projekt, \u0161tatistick\u00e9 met\u00f3dy.<i><br \/>\n<\/i><\/p>\n<p><a href=\"https:\/\/veda.polac.cz\/?page_id=1240\">04\/2011<\/a><\/p>\n","protected":false},"excerpt":{"rendered":"<p>Resum\u00e9 \u010dl\u00e1nku Metodika \u0161tatistick\u00e9ho projektu na anal\u00fdzu riz\u00edk obc\u00ed a miest doc. Ing. Ladislav Nov\u00e1k, PhD. Anal\u00fdza riz\u00edk je nevyhnutnou s\u00fa\u010das\u0165ou a n\u00e1strojom kr\u00edzov\u00e9ho mana\u017ementu. Pri anal\u00fdze riz\u00edk sa pou\u017e\u00edvaj\u00fa r\u00f4zne \u0161tatistick\u00e9 met\u00f3dy. Rie\u0161itelia \u010dasto postupuj\u00fa pri aplik\u00e1ci\u00ed \u0161tatistick\u00fdch met\u00f3d sk\u00f4r intuit\u00edvne ako metodicky. Kvantitat\u00edvne met\u00f3dy anal\u00fdzy riz\u00edk s\u00fa zalo\u017een\u00e9 na mno\u017estve d\u00e1t, ktor\u00e9 sme [&hellip;]<\/p>\n","protected":false},"author":2,"featured_media":0,"parent":0,"menu_order":5,"comment_status":"closed","ping_status":"closed","template":"","meta":{"footnotes":""},"class_list":["post-1252","page","type-page","status-publish","hentry"],"_links":{"self":[{"href":"https:\/\/veda.polac.cz\/index.php?rest_route=\/wp\/v2\/pages\/1252","targetHints":{"allow":["GET"]}}],"collection":[{"href":"https:\/\/veda.polac.cz\/index.php?rest_route=\/wp\/v2\/pages"}],"about":[{"href":"https:\/\/veda.polac.cz\/index.php?rest_route=\/wp\/v2\/types\/page"}],"author":[{"embeddable":true,"href":"https:\/\/veda.polac.cz\/index.php?rest_route=\/wp\/v2\/users\/2"}],"replies":[{"embeddable":true,"href":"https:\/\/veda.polac.cz\/index.php?rest_route=%2Fwp%2Fv2%2Fcomments&post=1252"}],"version-history":[{"count":2,"href":"https:\/\/veda.polac.cz\/index.php?rest_route=\/wp\/v2\/pages\/1252\/revisions"}],"predecessor-version":[{"id":1278,"href":"https:\/\/veda.polac.cz\/index.php?rest_route=\/wp\/v2\/pages\/1252\/revisions\/1278"}],"wp:attachment":[{"href":"https:\/\/veda.polac.cz\/index.php?rest_route=%2Fwp%2Fv2%2Fmedia&parent=1252"}],"curies":[{"name":"wp","href":"https:\/\/api.w.org\/{rel}","templated":true}]}}