{"id":1250,"date":"2018-09-15T20:48:41","date_gmt":"2018-09-15T20:48:41","guid":{"rendered":"http:\/\/veda.polac.cz\/?page_id=1250"},"modified":"2018-10-27T18:59:25","modified_gmt":"2018-10-27T18:59:25","slug":"4-2-5","status":"publish","type":"page","link":"https:\/\/veda.polac.cz\/?page_id=1250","title":{"rendered":""},"content":{"rendered":"<p style=\"text-align: center;\">Resum\u00e9 \u010dl\u00e1nku<\/p>\n<p><strong>S\u00fa\u010dasn\u00e9 v\u00fdchodisk\u00e1 obrany a ochrany kritickej infra\u0161trukt\u00fary v Slovenskej republike<\/strong><br \/>\n<i>doc. Mgr. Dr. Vladim\u00edr Bla\u017eek, CSc., brig. gen. doc. Ing. Miroslav Kelemen, PhD.<\/p>\n<p><\/i>V kontexte s\u00fa\u010dasn\u00fdch bezpe\u010dnostn\u00fdch hrozieb a v\u00fdziev je vysoko aktu\u00e1lna po\u017eiadavka komplexn\u00e9ho zabezpe\u010denia obrany a ochranu kritickej infra\u0161trukt\u00fary v kontinent\u00e1lnej &#8211; eur\u00f3pskej, Slovenskej &#8211; \u0161t\u00e1tnej ako aj miestnej \u00farovni. S\u00fa\u010dasn\u00e9 rie\u0161enie \u0161irok\u00e9ho okruhu ot\u00e1zok obrany a ochrany kritickej infra\u0161trukt\u00fary syst\u00e9movo reaguje na st\u00e1vaj\u00face a predpokladan\u00e9 potenci\u00e1lne bezpe\u010dnostn\u00e9 hrozbu a vytv\u00e1ra adekv\u00e1tne predpoklady k \u00famern\u00fdm opatreniam na ich obranu, ochranu aj opatrenia na podporu obrany. V zlo\u017eitom syst\u00e9me obrany a ochrany kritickej infra\u0161trukt\u00fary n\u00e1\u0161ho \u0161t\u00e1tu a regi\u00f3nov zohr\u00e1va v\u00fdznamn\u00fa \u00falohu koncep\u010dn\u00fd transfer poznatkov a sk\u00fasenost\u00ed partnerov z NATO a EU do koncep\u010dn\u00fdch dokumentov a legislat\u00edvy. Schv\u00e1len\u00edm z\u00e1kona \u010d. 45\/2011 Z. z. o kritickej infra\u0161trukt\u00fare do\u0161lo k s\u00fa\u010dasn\u00e9mu dov\u0155\u0161eniu procesu tvorby koncep\u010dn\u00fdch a legislat\u00edvnych v\u00fdchod\u00edsk, boli vytvoren\u00e9 v\u00fdchodiskov\u00e9 podmienky na komplexn\u00fa realiz\u00e1ciu obrany a ochrany kritickej infra\u0161trukt\u00fary.<br \/>\n<strong>K\u013e\u00fa\u010dov\u00e9 slov\u00e1:<\/strong>\u00a0Kritick\u00e1 infra\u0161trukt\u00fara, krit\u00e9ri\u00e1 identifik\u00e1cie kritickej infra\u0161trukt\u00fary, citlivos\u0165 kritickej infra\u0161trukt\u00fary, odolnos\u0165 kritickej infra\u0161trukt\u00fary, zranite\u013enos\u0165 kritickej infra\u0161trukt\u00fary, previazanos\u0165 obrany a ochrany kritickej infra\u0161trukt\u00fary, sektor kritickej infra\u0161trukt\u00fary, prvok kritickej infra\u0161trukt\u00fary, cie\u013e obrany a ochrany kritickej infra\u0161trukt\u00fary, koncepcia obrany a ochrany kritickej infra\u0161trukt\u00fary, z\u00e1kladn\u00e9 n\u00e1stroje obrany a ochrany prvkov kritickej infra\u0161trukt\u00fary, oblasti obrany a ochrany prvkov kritickej infra\u0161trukt\u00fary, aktu\u00e1lne \u00falohy obrany a ochrany kritickej infra\u0161trukt\u00fary.<\/p>\n<p><a href=\"https:\/\/veda.polac.cz\/?page_id=1240\">04\/2011<\/a><\/p>\n","protected":false},"excerpt":{"rendered":"<p>Resum\u00e9 \u010dl\u00e1nku S\u00fa\u010dasn\u00e9 v\u00fdchodisk\u00e1 obrany a ochrany kritickej infra\u0161trukt\u00fary v Slovenskej republike doc. Mgr. Dr. Vladim\u00edr Bla\u017eek, CSc., brig. gen. doc. Ing. Miroslav Kelemen, PhD. V kontexte s\u00fa\u010dasn\u00fdch bezpe\u010dnostn\u00fdch hrozieb a v\u00fdziev je vysoko aktu\u00e1lna po\u017eiadavka komplexn\u00e9ho zabezpe\u010denia obrany a ochranu kritickej infra\u0161trukt\u00fary v kontinent\u00e1lnej &#8211; eur\u00f3pskej, Slovenskej &#8211; \u0161t\u00e1tnej ako aj miestnej \u00farovni. S\u00fa\u010dasn\u00e9 [&hellip;]<\/p>\n","protected":false},"author":2,"featured_media":0,"parent":0,"menu_order":4,"comment_status":"closed","ping_status":"closed","template":"","meta":{"footnotes":""},"class_list":["post-1250","page","type-page","status-publish","hentry"],"_links":{"self":[{"href":"https:\/\/veda.polac.cz\/index.php?rest_route=\/wp\/v2\/pages\/1250","targetHints":{"allow":["GET"]}}],"collection":[{"href":"https:\/\/veda.polac.cz\/index.php?rest_route=\/wp\/v2\/pages"}],"about":[{"href":"https:\/\/veda.polac.cz\/index.php?rest_route=\/wp\/v2\/types\/page"}],"author":[{"embeddable":true,"href":"https:\/\/veda.polac.cz\/index.php?rest_route=\/wp\/v2\/users\/2"}],"replies":[{"embeddable":true,"href":"https:\/\/veda.polac.cz\/index.php?rest_route=%2Fwp%2Fv2%2Fcomments&post=1250"}],"version-history":[{"count":2,"href":"https:\/\/veda.polac.cz\/index.php?rest_route=\/wp\/v2\/pages\/1250\/revisions"}],"predecessor-version":[{"id":1277,"href":"https:\/\/veda.polac.cz\/index.php?rest_route=\/wp\/v2\/pages\/1250\/revisions\/1277"}],"wp:attachment":[{"href":"https:\/\/veda.polac.cz\/index.php?rest_route=%2Fwp%2Fv2%2Fmedia&parent=1250"}],"curies":[{"name":"wp","href":"https:\/\/api.w.org\/{rel}","templated":true}]}}