{"id":1248,"date":"2018-09-15T20:47:42","date_gmt":"2018-09-15T20:47:42","guid":{"rendered":"http:\/\/veda.polac.cz\/?page_id=1248"},"modified":"2018-10-27T18:59:24","modified_gmt":"2018-10-27T18:59:24","slug":"3-2-6","status":"publish","type":"page","link":"https:\/\/veda.polac.cz\/?page_id=1248","title":{"rendered":""},"content":{"rendered":"<p style=\"text-align: center;\">Resum\u00e9 \u010dl\u00e1nku<\/p>\n<p><strong>Pomoc po mimo\u0159\u00e1dn\u00fdch ud\u00e1lostech a krizov\u00fdch situac\u00edch se zam\u011b\u0159en\u00edm na st\u00e1tn\u00ed finan\u010dn\u00ed podporu<\/strong><br \/>\n<i>Mgr. Jaroslava Nov\u00e1kov\u00e1<\/p>\n<p><\/i>Ka\u017ed\u00e1 mimo\u0159\u00e1dn\u00e1 ud\u00e1lost \u010di krizov\u00e1 situace s sebou p\u0159in\u00e1\u0161\u00ed negativn\u00ed dopady na \u017eivot obyvatel ve st\u00e1t\u011b, na chod spole\u010dnosti a fungov\u00e1n\u00ed st\u00e1tu jako takov\u00e9ho. \u010casto nen\u00ed mo\u017en\u00e9 bez p\u0159i\u010din\u011bn\u00ed st\u00e1tn\u00edch org\u00e1n\u016f doc\u00edlit toho, aby se \u00fazem\u00ed po t\u011bchto ud\u00e1lostech renovovalo v p\u0159ijateln\u00e9 m\u00ed\u0159e pouze za \u00fa\u010dasti a p\u0159isp\u011bn\u00ed ob\u010dan\u016f st\u00e1tu.<br \/>\n<strong>Kl\u00ed\u010dov\u00e1 slova:<\/strong>\u00a0mimo\u0159\u00e1dn\u00e1 ud\u00e1lost, krizov\u00e1 situace, finan\u010dn\u00ed st\u00e1tn\u00ed pomoc, \u017eiveln\u00ed pohroma, z\u00e1kon o st\u00e1tn\u00ed pomoci p\u0159i obnov\u011b \u00fazem\u00ed.<\/p>\n<p><a href=\"https:\/\/veda.polac.cz\/?page_id=1240\">04\/2011<\/a><\/p>\n","protected":false},"excerpt":{"rendered":"<p>Resum\u00e9 \u010dl\u00e1nku Pomoc po mimo\u0159\u00e1dn\u00fdch ud\u00e1lostech a krizov\u00fdch situac\u00edch se zam\u011b\u0159en\u00edm na st\u00e1tn\u00ed finan\u010dn\u00ed podporu Mgr. Jaroslava Nov\u00e1kov\u00e1 Ka\u017ed\u00e1 mimo\u0159\u00e1dn\u00e1 ud\u00e1lost \u010di krizov\u00e1 situace s sebou p\u0159in\u00e1\u0161\u00ed negativn\u00ed dopady na \u017eivot obyvatel ve st\u00e1t\u011b, na chod spole\u010dnosti a fungov\u00e1n\u00ed st\u00e1tu jako takov\u00e9ho. \u010casto nen\u00ed mo\u017en\u00e9 bez p\u0159i\u010din\u011bn\u00ed st\u00e1tn\u00edch org\u00e1n\u016f doc\u00edlit toho, aby se \u00fazem\u00ed po [&hellip;]<\/p>\n","protected":false},"author":2,"featured_media":0,"parent":0,"menu_order":3,"comment_status":"closed","ping_status":"closed","template":"","meta":{"footnotes":""},"class_list":["post-1248","page","type-page","status-publish","hentry"],"_links":{"self":[{"href":"https:\/\/veda.polac.cz\/index.php?rest_route=\/wp\/v2\/pages\/1248","targetHints":{"allow":["GET"]}}],"collection":[{"href":"https:\/\/veda.polac.cz\/index.php?rest_route=\/wp\/v2\/pages"}],"about":[{"href":"https:\/\/veda.polac.cz\/index.php?rest_route=\/wp\/v2\/types\/page"}],"author":[{"embeddable":true,"href":"https:\/\/veda.polac.cz\/index.php?rest_route=\/wp\/v2\/users\/2"}],"replies":[{"embeddable":true,"href":"https:\/\/veda.polac.cz\/index.php?rest_route=%2Fwp%2Fv2%2Fcomments&post=1248"}],"version-history":[{"count":2,"href":"https:\/\/veda.polac.cz\/index.php?rest_route=\/wp\/v2\/pages\/1248\/revisions"}],"predecessor-version":[{"id":1276,"href":"https:\/\/veda.polac.cz\/index.php?rest_route=\/wp\/v2\/pages\/1248\/revisions\/1276"}],"wp:attachment":[{"href":"https:\/\/veda.polac.cz\/index.php?rest_route=%2Fwp%2Fv2%2Fmedia&parent=1248"}],"curies":[{"name":"wp","href":"https:\/\/api.w.org\/{rel}","templated":true}]}}