{"id":1246,"date":"2018-09-15T20:46:37","date_gmt":"2018-09-15T20:46:37","guid":{"rendered":"http:\/\/veda.polac.cz\/?page_id=1246"},"modified":"2018-11-02T22:20:47","modified_gmt":"2018-11-02T22:20:47","slug":"2-2-7","status":"publish","type":"page","link":"https:\/\/veda.polac.cz\/?page_id=1246","title":{"rendered":""},"content":{"rendered":"<p style=\"text-align: center;\">Resum\u00e9 \u010dl\u00e1nku<\/p>\n<p><strong>Metodika zpracov\u00e1n\u00ed krizov\u00fdch pl\u00e1n\u016f &#8211; probl\u00e9my a jejich \u0159e\u0161en\u00ed<\/strong><br \/>\n<i>Ing. J\u00e1n Hrivn\u00e1k, CSc., JUDr. Vladim\u00edr Sou\u010dek<\/i><\/p>\n<p>\u010cl\u00e1nek je stru\u010dn\u00fdm shrnut\u00edm pouze n\u011bkter\u00fdch nejasnost\u00ed, kter\u00e9 do praxe krizov\u00e9ho pl\u00e1nov\u00e1n\u00ed vnesla nov\u00e1 &#8222;Metodika zpracov\u00e1n\u00ed krizov\u00fdch pl\u00e1n\u016f&#8220;. Rozeb\u00edr\u00e1 n\u011bkter\u00e9 pojmy z oblasti krizov\u00e9ho \u0159\u00edzen\u00ed a poukazuje na jejich rozpor se zn\u011bn\u00edm krizov\u00e9ho z\u00e1kona. Sou\u010dasn\u011b upozor\u0148uje na skute\u010dnost, \u017ee st\u00e1vaj\u00edc\u00ed zn\u011bn\u00ed &#8222;Metodiky&#8220; v \u017e\u00e1dn\u00e9m p\u0159\u00edpad\u011b nezaru\u010duje jednotn\u00e9 a kvalitn\u00ed zpracov\u00e1n\u00ed krizov\u00fdch pl\u00e1n\u016f. V z\u00e1v\u011bru \u010dl\u00e1nku jsou uvedeny n\u011bkter\u00e9 dokumenty, se zpracov\u00e1n\u00edm kter\u00fdch se v praxi krizov\u00e9ho pl\u00e1nov\u00e1n\u00ed ji\u017e nepo\u010d\u00edt\u00e1, kter\u00e9 se v\u0161ak osv\u011bd\u010dily a byly pro \u0159e\u0161en\u00ed krizov\u00fdch situac\u00ed p\u0159\u00ednosem.<br \/>\n<strong>Kl\u00ed\u010dov\u00e1 slova:<\/strong>\u00a0krizov\u00fd pl\u00e1n, krizov\u00e1 opat\u0159en\u00ed, anal\u00fdza ohro\u017een\u00ed, Bezpe\u010dnostn\u00ed strategie \u010cesk\u00e9 republiky &#8211; zn\u011bn\u00ed z roku 2011.<\/p>\n<p><a href=\"https:\/\/veda.polac.cz\/?page_id=1240\">04\/2011<\/a><\/p>\n","protected":false},"excerpt":{"rendered":"<p>Resum\u00e9 \u010dl\u00e1nku Metodika zpracov\u00e1n\u00ed krizov\u00fdch pl\u00e1n\u016f &#8211; probl\u00e9my a jejich \u0159e\u0161en\u00ed Ing. J\u00e1n Hrivn\u00e1k, CSc., JUDr. Vladim\u00edr Sou\u010dek \u010cl\u00e1nek je stru\u010dn\u00fdm shrnut\u00edm pouze n\u011bkter\u00fdch nejasnost\u00ed, kter\u00e9 do praxe krizov\u00e9ho pl\u00e1nov\u00e1n\u00ed vnesla nov\u00e1 &#8222;Metodika zpracov\u00e1n\u00ed krizov\u00fdch pl\u00e1n\u016f&#8220;. Rozeb\u00edr\u00e1 n\u011bkter\u00e9 pojmy z oblasti krizov\u00e9ho \u0159\u00edzen\u00ed a poukazuje na jejich rozpor se zn\u011bn\u00edm krizov\u00e9ho z\u00e1kona. Sou\u010dasn\u011b upozor\u0148uje na [&hellip;]<\/p>\n","protected":false},"author":2,"featured_media":0,"parent":1240,"menu_order":2,"comment_status":"closed","ping_status":"closed","template":"","meta":{"footnotes":""},"class_list":["post-1246","page","type-page","status-publish","hentry"],"_links":{"self":[{"href":"https:\/\/veda.polac.cz\/index.php?rest_route=\/wp\/v2\/pages\/1246","targetHints":{"allow":["GET"]}}],"collection":[{"href":"https:\/\/veda.polac.cz\/index.php?rest_route=\/wp\/v2\/pages"}],"about":[{"href":"https:\/\/veda.polac.cz\/index.php?rest_route=\/wp\/v2\/types\/page"}],"author":[{"embeddable":true,"href":"https:\/\/veda.polac.cz\/index.php?rest_route=\/wp\/v2\/users\/2"}],"replies":[{"embeddable":true,"href":"https:\/\/veda.polac.cz\/index.php?rest_route=%2Fwp%2Fv2%2Fcomments&post=1246"}],"version-history":[{"count":3,"href":"https:\/\/veda.polac.cz\/index.php?rest_route=\/wp\/v2\/pages\/1246\/revisions"}],"predecessor-version":[{"id":2148,"href":"https:\/\/veda.polac.cz\/index.php?rest_route=\/wp\/v2\/pages\/1246\/revisions\/2148"}],"up":[{"embeddable":true,"href":"https:\/\/veda.polac.cz\/index.php?rest_route=\/wp\/v2\/pages\/1240"}],"wp:attachment":[{"href":"https:\/\/veda.polac.cz\/index.php?rest_route=%2Fwp%2Fv2%2Fmedia&parent=1246"}],"curies":[{"name":"wp","href":"https:\/\/api.w.org\/{rel}","templated":true}]}}