{"id":1244,"date":"2018-09-15T20:45:34","date_gmt":"2018-09-15T20:45:34","guid":{"rendered":"http:\/\/veda.polac.cz\/?page_id=1244"},"modified":"2018-11-02T20:41:30","modified_gmt":"2018-11-02T20:41:30","slug":"1-2-6","status":"publish","type":"page","link":"https:\/\/veda.polac.cz\/?page_id=1244","title":{"rendered":""},"content":{"rendered":"<p style=\"text-align: center;\">Resum\u00e9 \u010dl\u00e1nku<\/p>\n<p><strong>Funkce konzul\u00e1rn\u00edch \u00fa\u0159ad\u016f p\u0159i ochran\u011b pr\u00e1v a z\u00e1jm\u016f ob\u010dan\u016f a st\u00e1tu<\/strong><br \/>\n<i>JUDr. V\u00e1clav Mastn\u00fd<\/i><\/p>\n<p>V uveden\u00e9m \u010dl\u00e1nku se autor v\u011bnuje problematice ochrany pr\u00e1v a z\u00e1jm\u016f \u010ds. ob\u010dan\u016f ze strany konzul\u00e1rn\u00edch \u00fa\u0159ad\u016f \u010cR p\u016fsob\u00edc\u00edch v zahrani\u010d\u00ed a tak\u00e9 ochrany pr\u00e1v a z\u00e1jm\u016f \u010desk\u00e9ho st\u00e1tu v zahrani\u010d\u00ed.<br \/>\nV \u010dl\u00e1nku zmi\u0148uje jen n\u011bkter\u00e9 d\u016fle\u017eit\u00e9 funkce. \u0160ir\u0161\u00ed rozbor t\u00e9to problematiky v\u010detn\u011b psychologick\u00fdch aspekt\u016f bude prezentovat v \u010dl\u00e1nku, kter\u00fd bude vyd\u00e1n v p\u0159\u00ed\u0161t\u00edm \u010d\u00edsle tohoto periodika.<br \/>\n<strong>Kl\u00ed\u010dov\u00e1 slova:<\/strong>\u00a0konzul\u00e1rn\u00ed \u00fa\u0159ad, gener\u00e1ln\u00ed konzul, soudn\u00ed funkce konzul\u016f, V\u00edde\u0148sk\u00e1 \u00famluva, mezin\u00e1rodn\u00ed pr\u00e1vo<\/p>\n<p><a href=\"https:\/\/veda.polac.cz\/?page_id=1240\">04\/2011<\/a><\/p>\n","protected":false},"excerpt":{"rendered":"<p>Resum\u00e9 \u010dl\u00e1nku Funkce konzul\u00e1rn\u00edch \u00fa\u0159ad\u016f p\u0159i ochran\u011b pr\u00e1v a z\u00e1jm\u016f ob\u010dan\u016f a st\u00e1tu JUDr. V\u00e1clav Mastn\u00fd V uveden\u00e9m \u010dl\u00e1nku se autor v\u011bnuje problematice ochrany pr\u00e1v a z\u00e1jm\u016f \u010ds. ob\u010dan\u016f ze strany konzul\u00e1rn\u00edch \u00fa\u0159ad\u016f \u010cR p\u016fsob\u00edc\u00edch v zahrani\u010d\u00ed a tak\u00e9 ochrany pr\u00e1v a z\u00e1jm\u016f \u010desk\u00e9ho st\u00e1tu v zahrani\u010d\u00ed. V \u010dl\u00e1nku zmi\u0148uje jen n\u011bkter\u00e9 d\u016fle\u017eit\u00e9 funkce. \u0160ir\u0161\u00ed [&hellip;]<\/p>\n","protected":false},"author":2,"featured_media":0,"parent":1240,"menu_order":1,"comment_status":"closed","ping_status":"closed","template":"","meta":{"footnotes":""},"class_list":["post-1244","page","type-page","status-publish","hentry"],"_links":{"self":[{"href":"https:\/\/veda.polac.cz\/index.php?rest_route=\/wp\/v2\/pages\/1244","targetHints":{"allow":["GET"]}}],"collection":[{"href":"https:\/\/veda.polac.cz\/index.php?rest_route=\/wp\/v2\/pages"}],"about":[{"href":"https:\/\/veda.polac.cz\/index.php?rest_route=\/wp\/v2\/types\/page"}],"author":[{"embeddable":true,"href":"https:\/\/veda.polac.cz\/index.php?rest_route=\/wp\/v2\/users\/2"}],"replies":[{"embeddable":true,"href":"https:\/\/veda.polac.cz\/index.php?rest_route=%2Fwp%2Fv2%2Fcomments&post=1244"}],"version-history":[{"count":3,"href":"https:\/\/veda.polac.cz\/index.php?rest_route=\/wp\/v2\/pages\/1244\/revisions"}],"predecessor-version":[{"id":2140,"href":"https:\/\/veda.polac.cz\/index.php?rest_route=\/wp\/v2\/pages\/1244\/revisions\/2140"}],"up":[{"embeddable":true,"href":"https:\/\/veda.polac.cz\/index.php?rest_route=\/wp\/v2\/pages\/1240"}],"wp:attachment":[{"href":"https:\/\/veda.polac.cz\/index.php?rest_route=%2Fwp%2Fv2%2Fmedia&parent=1244"}],"curies":[{"name":"wp","href":"https:\/\/api.w.org\/{rel}","templated":true}]}}