{"id":1240,"date":"2018-09-15T14:11:57","date_gmt":"2018-09-15T14:11:57","guid":{"rendered":"http:\/\/veda.polac.cz\/?page_id=1240"},"modified":"2019-04-18T10:41:56","modified_gmt":"2019-04-18T10:41:56","slug":"04-2011","status":"publish","type":"page","link":"https:\/\/veda.polac.cz\/?page_id=1240","title":{"rendered":"04\/2011"},"content":{"rendered":"<p><a href=\"https:\/\/veda.polac.cz\/?page_id=1244\"><strong>Funkce konzul\u00e1rn\u00edch \u00fa\u0159ad\u016f p\u0159i ochran\u011b pr\u00e1v a z\u00e1jm\u016f ob\u010dan\u016f a st\u00e1tu<\/strong><\/a><br \/>\nJUDr. V\u00e1clav Mastn\u00fd<\/p>\n<hr \/>\n<p><a href=\"https:\/\/veda.polac.cz\/?page_id=1246\"><strong>Metodika zpracov\u00e1n\u00ed krizov\u00fdch pl\u00e1n\u016f &#8211; probl\u00e9my a jejich \u0159e\u0161en\u00ed<\/strong><\/a><br \/>\nIng. J\u00e1n Hrivn\u00e1k, CSc., JUDr. Vladim\u00edr Sou\u010dek<\/p>\n<hr \/>\n<p><a href=\"https:\/\/veda.polac.cz\/?page_id=1248\"><strong>Pomoc po mimo\u0159\u00e1dn\u00fdch ud\u00e1lostech a krizov\u00fdch situac\u00edch se zam\u011b\u0159en\u00edm na st\u00e1tn\u00ed finan\u010dn\u00ed podporu<\/strong><\/a><br \/>\nMgr. Jaroslava Nov\u00e1kov\u00e1<\/p>\n<hr \/>\n<p><a href=\"https:\/\/veda.polac.cz\/?page_id=1250\"><strong>S\u00fa\u010dasn\u00e9 v\u00fdchodisk\u00e1 obrany a ochrany kritickej infra\u0161trukt\u00fary v Slovenskej republike\u00a0<\/strong><\/a><br \/>\ndoc. Mgr. Dr. Vladim\u00edr Bla\u017eek, CSc., doc. Ing. Miroslav Kelemen, PhD.<\/p>\n<hr \/>\n<p><a href=\"https:\/\/veda.polac.cz\/?page_id=1252\"><strong>Metodika \u0161tatistick\u00e9ho projektu na anal\u00fdzu riz\u00edk obc\u00ed a miest<\/strong><\/a><br \/>\ndoc. Ing. Ladislav Nov\u00e1k, PhD.<\/p>\n<hr \/>\n<p><a href=\"https:\/\/veda.polac.cz\/?page_id=1254\"><strong>In\u0161tit\u00faty do\u010dasn\u00e9ho zaistenia a konfi\u0161k\u00e1cia v\u00fdnosov z trestnej \u010dinnosti v boji proti legaliz\u00e1cii pr\u00edjmov z trestnej \u010dinnosti v Rusku<\/strong><\/a><br \/>\nMgr. Olga Busarova<\/p>\n<hr \/>\n<p><a href=\"https:\/\/veda.polac.cz\/?page_id=1256\"><strong>K prvn\u00ed z\u00e1konn\u00e9 \u00faprav\u011b zpravodajsk\u00fdch slu\u017eeb u n\u00e1s<\/strong><\/a><br \/>\nJUDr. Ladislav Pokorn\u00fd, Ph.D.<\/p>\n<hr \/>\n<p><a href=\"https:\/\/veda.polac.cz\/?page_id=1258\"><strong>Vliv teorie ve\u0159ejn\u00e9 volby na v\u00fdkon mana\u017eersk\u00fdch funkc\u00ed ve ve\u0159ejn\u00e9 spr\u00e1v\u011b\u00a0<\/strong><\/a><br \/>\nIng. Miroslav \u010cervenka<\/p>\n<hr \/>\n<p><a href=\"https:\/\/veda.polac.cz\/?page_id=1260\"><strong>Konvergencia kriminol\u00f3gie ako vedn\u00e9ho odboru a predmetu v\u00fdu\u010dby na Akad\u00e9mii PZ v Bratislave<\/strong><\/a><br \/>\nPhDr. Magdal\u00e9na Ondicov\u00e1, PhD.<\/p>\n<hr \/>\n<p><a href=\"https:\/\/veda.polac.cz\/?page_id=1262\"><strong>\u0160\u00edlen\u00ed st\u0159elci: uveden\u00ed do problematiky<\/strong><\/a><br \/>\nPhDr. Josef Smol\u00edk, Ph.D.<\/p>\n<hr \/>\n<p><a href=\"https:\/\/veda.polac.cz\/?page_id=1264\"><strong>\u00daloha a \u010dinnost ISAF (International Security Assistance Force)<\/strong><\/a><br \/>\nMgr. Lubo\u0161 Vesel\u00fd<\/p>\n<hr \/>\n<p><a href=\"https:\/\/veda.polac.cz\/?page_id=1266\"><strong>Sa\u00fadsk\u00e1 Ar\u00e1bie: Exotick\u00fd partner &#8211; nejenom &#8211; v oblasti bezpe\u010dnostn\u00edho vzd\u011bl\u00e1v\u00e1n\u00ed (I. \u010d\u00e1st)<\/strong><\/a><br \/>\nMgr. Old\u0159ich Krul\u00edk, Ph.D., prof. Ing. Bed\u0159ich \u0160est\u00e1k, DrSc.<\/p>\n<hr \/>\n<p><strong>Informace o pr\u016fzkumu student\u016f PA \u010cR k projektu Syst\u00e9m v\u010dasn\u00e9 intervence &#8211; druh\u00e1 etapa<\/strong><br \/>\ndoc. JUDr. Ivana Zoubkov\u00e1, CSc., Mgr. et. Ing. et. Bc.Viera Jonsztov\u00e1<\/p>\n<hr \/>\n<p><strong>Informace o kon\u00e1n\u00ed mezin\u00e1rodn\u00ed v\u011bdeck\u00e9 konference &#8222;International Conference of Crisis Management in Public and Private Sector&#8220;<\/strong><br \/>\nMgr. Jaroslava Nov\u00e1kov\u00e1, Mgr. Old\u0159ich Krul\u00edk, Ph.D.<\/p>\n<hr \/>\n<p><strong>Recenze publikace Vybran\u00e9 bezpe\u010dnostn\u00ed hrozby a rizika 21. stolet\u00ed<\/strong><br \/>\nMgr. Alena Kajanov\u00e1, Ph.D.<\/p>\n<hr \/>\n<p><strong>Ode\u0161el zakladatel \u010deskoslovensk\u00e9 a \u010desk\u00e9 kriminologie<\/strong><br \/>\ndoc. JUDr. Josef Zapletal, CSc. (16. 12. 1936 &#8211; 28. 11. 2011)<\/p>\n<hr \/>\n<p><a href=\"https:\/\/veda.polac.cz\/?page_id=235\">Zp\u011bt<\/a><\/p>\n","protected":false},"excerpt":{"rendered":"<p>Funkce konzul\u00e1rn\u00edch \u00fa\u0159ad\u016f p\u0159i ochran\u011b pr\u00e1v a z\u00e1jm\u016f ob\u010dan\u016f a st\u00e1tu JUDr. V\u00e1clav Mastn\u00fd Metodika zpracov\u00e1n\u00ed krizov\u00fdch pl\u00e1n\u016f &#8211; probl\u00e9my a jejich \u0159e\u0161en\u00ed Ing. J\u00e1n Hrivn\u00e1k, CSc., JUDr. Vladim\u00edr Sou\u010dek Pomoc po mimo\u0159\u00e1dn\u00fdch ud\u00e1lostech a krizov\u00fdch situac\u00edch se zam\u011b\u0159en\u00edm na st\u00e1tn\u00ed finan\u010dn\u00ed podporu Mgr. Jaroslava Nov\u00e1kov\u00e1 S\u00fa\u010dasn\u00e9 v\u00fdchodisk\u00e1 obrany a ochrany kritickej infra\u0161trukt\u00fary v Slovenskej [&hellip;]<\/p>\n","protected":false},"author":2,"featured_media":0,"parent":235,"menu_order":22,"comment_status":"closed","ping_status":"closed","template":"","meta":{"footnotes":""},"class_list":["post-1240","page","type-page","status-publish","hentry"],"_links":{"self":[{"href":"https:\/\/veda.polac.cz\/index.php?rest_route=\/wp\/v2\/pages\/1240","targetHints":{"allow":["GET"]}}],"collection":[{"href":"https:\/\/veda.polac.cz\/index.php?rest_route=\/wp\/v2\/pages"}],"about":[{"href":"https:\/\/veda.polac.cz\/index.php?rest_route=\/wp\/v2\/types\/page"}],"author":[{"embeddable":true,"href":"https:\/\/veda.polac.cz\/index.php?rest_route=\/wp\/v2\/users\/2"}],"replies":[{"embeddable":true,"href":"https:\/\/veda.polac.cz\/index.php?rest_route=%2Fwp%2Fv2%2Fcomments&post=1240"}],"version-history":[{"count":3,"href":"https:\/\/veda.polac.cz\/index.php?rest_route=\/wp\/v2\/pages\/1240\/revisions"}],"predecessor-version":[{"id":2622,"href":"https:\/\/veda.polac.cz\/index.php?rest_route=\/wp\/v2\/pages\/1240\/revisions\/2622"}],"up":[{"embeddable":true,"href":"https:\/\/veda.polac.cz\/index.php?rest_route=\/wp\/v2\/pages\/235"}],"wp:attachment":[{"href":"https:\/\/veda.polac.cz\/index.php?rest_route=%2Fwp%2Fv2%2Fmedia&parent=1240"}],"curies":[{"name":"wp","href":"https:\/\/api.w.org\/{rel}","templated":true}]}}