{"id":1212,"date":"2018-09-14T01:27:52","date_gmt":"2018-09-14T01:27:52","guid":{"rendered":"http:\/\/veda.polac.cz\/?page_id=1212"},"modified":"2018-10-27T18:59:24","modified_gmt":"2018-10-27T18:59:24","slug":"11-2-2","status":"publish","type":"page","link":"https:\/\/veda.polac.cz\/?page_id=1212","title":{"rendered":""},"content":{"rendered":"<p style=\"text-align: center;\">Resum\u00e9 \u010dl\u00e1nku<\/p>\n<p><strong>Sa\u00fadsk\u00e1 Ar\u00e1bie: Exotick\u00fd partner &#8211; nejenom &#8211; v oblasti bezpe\u010dnostn\u00edho vzd\u011bl\u00e1v\u00e1n\u00ed (II. \u010d\u00e1st)<\/strong><br \/>\n<i>Mgr. Old\u0159ich Krul\u00edk, Ph.D. prof. Ing. Bed\u0159ich \u0160est\u00e1k, DrSc.<\/i><\/p>\n<p>Naifova arabsk\u00e1 vysok\u00e1 \u0161kola pro bezpe\u010dnostn\u00ed v\u011bdy pat\u0159\u00ed mezi st\u011b\u017eejn\u00ed bezpe\u010dnostn\u00ed vzd\u011bl\u00e1vac\u00ed instituce, nejen v Sa\u00fadsk\u00e9 Ar\u00e1bii ale i s dosahem do \u0159ady dal\u0161\u00edch zem\u00ed muslimsk\u00e9ho sv\u011bta. Jak\u00e1 je struktura t\u00e9to instituce, n\u00e1pl\u0148 jej\u00ed \u010dinnosti<br \/>\na jak\u00e1 existuje tradice jej\u00ed spolupr\u00e1ce s Policejn\u00ed akademi\u00ed \u010cesk\u00e9 republiky? A jak v\u016fbec vypad\u00e1 policejn\u00ed respektive bezpe\u010dnostn\u00ed syst\u00e9m v t\u00e9to relativn\u011b exotick\u00e9 zemi? Na tyto ot\u00e1zky si klade za c\u00edl odpov\u011bd\u011bt n\u00e1sleduj\u00edc\u00ed p\u0159\u00edsp\u011bvek.<br \/>\n<strong>Kl\u00ed\u010dov\u00e1 slova:<\/strong>\u00a0Naifova arabsk\u00e1 vysok\u00e1 \u0161kola pro bezpe\u010dnostn\u00ed v\u011bdy, Bezpe\u010dnostn\u00ed vysok\u00e1 \u0161kola kr\u00e1le Fahada, Sa\u00fadsk\u00e1 Ar\u00e1bie, mezin\u00e1rodn\u00ed spolupr\u00e1ce, pr\u00e1vn\u00ed syst\u00e9m \u0161ar\u00ed&#8217;a<\/p>\n<p><a href=\"https:\/\/veda.polac.cz\/?page_id=1175\">01\/2012<\/a><\/p>\n","protected":false},"excerpt":{"rendered":"<p>Resum\u00e9 \u010dl\u00e1nku Sa\u00fadsk\u00e1 Ar\u00e1bie: Exotick\u00fd partner &#8211; nejenom &#8211; v oblasti bezpe\u010dnostn\u00edho vzd\u011bl\u00e1v\u00e1n\u00ed (II. \u010d\u00e1st) Mgr. Old\u0159ich Krul\u00edk, Ph.D. prof. Ing. Bed\u0159ich \u0160est\u00e1k, DrSc. Naifova arabsk\u00e1 vysok\u00e1 \u0161kola pro bezpe\u010dnostn\u00ed v\u011bdy pat\u0159\u00ed mezi st\u011b\u017eejn\u00ed bezpe\u010dnostn\u00ed vzd\u011bl\u00e1vac\u00ed instituce, nejen v Sa\u00fadsk\u00e9 Ar\u00e1bii ale i s dosahem do \u0159ady dal\u0161\u00edch zem\u00ed muslimsk\u00e9ho sv\u011bta. Jak\u00e1 je struktura t\u00e9to [&hellip;]<\/p>\n","protected":false},"author":2,"featured_media":0,"parent":0,"menu_order":11,"comment_status":"closed","ping_status":"closed","template":"","meta":{"footnotes":""},"class_list":["post-1212","page","type-page","status-publish","hentry"],"_links":{"self":[{"href":"https:\/\/veda.polac.cz\/index.php?rest_route=\/wp\/v2\/pages\/1212","targetHints":{"allow":["GET"]}}],"collection":[{"href":"https:\/\/veda.polac.cz\/index.php?rest_route=\/wp\/v2\/pages"}],"about":[{"href":"https:\/\/veda.polac.cz\/index.php?rest_route=\/wp\/v2\/types\/page"}],"author":[{"embeddable":true,"href":"https:\/\/veda.polac.cz\/index.php?rest_route=\/wp\/v2\/users\/2"}],"replies":[{"embeddable":true,"href":"https:\/\/veda.polac.cz\/index.php?rest_route=%2Fwp%2Fv2%2Fcomments&post=1212"}],"version-history":[{"count":3,"href":"https:\/\/veda.polac.cz\/index.php?rest_route=\/wp\/v2\/pages\/1212\/revisions"}],"predecessor-version":[{"id":1225,"href":"https:\/\/veda.polac.cz\/index.php?rest_route=\/wp\/v2\/pages\/1212\/revisions\/1225"}],"wp:attachment":[{"href":"https:\/\/veda.polac.cz\/index.php?rest_route=%2Fwp%2Fv2%2Fmedia&parent=1212"}],"curies":[{"name":"wp","href":"https:\/\/api.w.org\/{rel}","templated":true}]}}